{"id":1317,"date":"2020-09-08T16:34:08","date_gmt":"2020-09-08T19:34:08","guid":{"rendered":"http:\/\/oca.eco.br\/?page_id=1317"},"modified":"2021-06-22T12:07:42","modified_gmt":"2021-06-22T15:07:42","slug":"oca-conecta","status":"publish","type":"page","link":"https:\/\/oca.eco.br\/pt_br\/oca-conecta\/","title":{"rendered":"OCA Conecta"},"content":{"rendered":"\t\t<div data-elementor-type=\"wp-page\" data-elementor-id=\"1317\" class=\"elementor elementor-1317\" data-elementor-post-type=\"page\">\n\t\t\t\t\t\t<section class=\"elementor-section elementor-top-section elementor-element elementor-element-0479b5b elementor-section-boxed elementor-section-height-default elementor-section-height-default\" data-id=\"0479b5b\" data-element_type=\"section\">\n\t\t\t\t\t\t<div class=\"elementor-container elementor-column-gap-default\">\n\t\t\t\t\t<div class=\"elementor-column elementor-col-100 elementor-top-column elementor-element elementor-element-eeacb51\" data-id=\"eeacb51\" data-element_type=\"column\">\n\t\t\t<div class=\"elementor-widget-wrap elementor-element-populated\">\n\t\t\t\t\t\t<div class=\"elementor-element elementor-element-bc6d84a elementor-widget elementor-widget-spacer\" data-id=\"bc6d84a\" data-element_type=\"widget\" data-widget_type=\"spacer.default\">\n\t\t\t\t<div class=\"elementor-widget-container\">\n\t\t\t\t\t\t\t<div class=\"elementor-spacer\">\n\t\t\t<div class=\"elementor-spacer-inner\"><\/div>\n\t\t<\/div>\n\t\t\t\t\t\t<\/div>\n\t\t\t\t<\/div>\n\t\t\t\t\t<\/div>\n\t\t<\/div>\n\t\t\t\t\t<\/div>\n\t\t<\/section>\n\t\t\t\t<section class=\"elementor-section elementor-top-section elementor-element elementor-element-b7a4cd6 elementor-section-boxed elementor-section-height-default elementor-section-height-default\" data-id=\"b7a4cd6\" data-element_type=\"section\">\n\t\t\t\t\t\t<div class=\"elementor-container elementor-column-gap-default\">\n\t\t\t\t\t<div class=\"elementor-column elementor-col-100 elementor-top-column elementor-element elementor-element-1a08a88\" data-id=\"1a08a88\" data-element_type=\"column\">\n\t\t\t<div class=\"elementor-widget-wrap elementor-element-populated\">\n\t\t\t\t\t\t<div class=\"elementor-element elementor-element-2b5b60d elementor-widget elementor-widget-heading\" data-id=\"2b5b60d\" data-element_type=\"widget\" data-widget_type=\"heading.default\">\n\t\t\t\t<div class=\"elementor-widget-container\">\n\t\t\t\t\t<h2 class=\"elementor-heading-title elementor-size-default\">OCA Conecta<\/h2>\t\t\t\t<\/div>\n\t\t\t\t<\/div>\n\t\t\t\t<div class=\"elementor-element elementor-element-583e680 elementor-widget-divider--view-line elementor-widget elementor-widget-divider\" data-id=\"583e680\" data-element_type=\"widget\" data-widget_type=\"divider.default\">\n\t\t\t\t<div class=\"elementor-widget-container\">\n\t\t\t\t\t\t\t<div class=\"elementor-divider\">\n\t\t\t<span class=\"elementor-divider-separator\">\n\t\t\t\t\t\t<\/span>\n\t\t<\/div>\n\t\t\t\t\t\t<\/div>\n\t\t\t\t<\/div>\n\t\t\t\t\t<\/div>\n\t\t<\/div>\n\t\t\t\t\t<\/div>\n\t\t<\/section>\n\t\t\t\t<section class=\"elementor-section elementor-top-section elementor-element elementor-element-06825b6 elementor-section-boxed elementor-section-height-default elementor-section-height-default\" data-id=\"06825b6\" data-element_type=\"section\">\n\t\t\t\t\t\t<div class=\"elementor-container elementor-column-gap-default\">\n\t\t\t\t\t<div class=\"elementor-column elementor-col-100 elementor-top-column elementor-element elementor-element-5de4ff6\" data-id=\"5de4ff6\" data-element_type=\"column\">\n\t\t\t<div class=\"elementor-widget-wrap elementor-element-populated\">\n\t\t\t\t\t\t<div class=\"elementor-element elementor-element-fbdafd7 elementor-widget elementor-widget-spacer\" data-id=\"fbdafd7\" data-element_type=\"widget\" data-widget_type=\"spacer.default\">\n\t\t\t\t<div class=\"elementor-widget-container\">\n\t\t\t\t\t\t\t<div class=\"elementor-spacer\">\n\t\t\t<div class=\"elementor-spacer-inner\"><\/div>\n\t\t<\/div>\n\t\t\t\t\t\t<\/div>\n\t\t\t\t<\/div>\n\t\t\t\t\t<\/div>\n\t\t<\/div>\n\t\t\t\t\t<\/div>\n\t\t<\/section>\n\t\t\t\t<section class=\"elementor-section elementor-top-section elementor-element elementor-element-17f7bf2 elementor-section-boxed elementor-section-height-default elementor-section-height-default\" data-id=\"17f7bf2\" data-element_type=\"section\">\n\t\t\t\t\t\t<div class=\"elementor-container elementor-column-gap-default\">\n\t\t\t\t\t<div class=\"elementor-column elementor-col-33 elementor-top-column elementor-element elementor-element-76f02fd\" data-id=\"76f02fd\" data-element_type=\"column\">\n\t\t\t<div class=\"elementor-widget-wrap elementor-element-populated\">\n\t\t\t\t\t\t<div class=\"elementor-element elementor-element-517574d elementor-cta--skin-cover elementor-animated-content elementor-bg-transform elementor-bg-transform-zoom-in elementor-widget elementor-widget-call-to-action\" data-id=\"517574d\" data-element_type=\"widget\" data-widget_type=\"call-to-action.default\">\n\t\t\t\t<div class=\"elementor-widget-container\">\n\t\t\t\t\t\t\t<div class=\"elementor-cta\">\n\t\t\t\t\t<div class=\"elementor-cta__bg-wrapper\">\n\t\t\t\t<div class=\"elementor-cta__bg elementor-bg\" style=\"background-image: url();\" role=\"img\" aria-label=\"\"><\/div>\n\t\t\t\t<div class=\"elementor-cta__bg-overlay\"><\/div>\n\t\t\t<\/div>\n\t\t\t\t\t\t\t<div class=\"elementor-cta__content\">\n\t\t\t\t\t\t\t\t\t<div class=\"elementor-content-item elementor-cta__content-item elementor-icon-wrapper elementor-cta__icon elementor-view-default elementor-animated-item--grow\">\n\t\t\t\t\t\t<div class=\"elementor-icon\">\n\t\t\t\t\t\t\t<svg xmlns=\"http:\/\/www.w3.org\/2000\/svg\" id=\"Capa_1\" height=\"512\" viewBox=\"0 0 512 512\" width=\"512\" class=\"\"><g><g><path d=\"m497 406.003h-16v-45c0-8.284-6.716-15-15-15h-150c-24.508 0-46.305 11.818-60 30.052-13.695-18.234-35.492-30.052-60-30.052h-150c-8.284 0-15 6.716-15 15v45h-16c-8.284 0-15 6.716-15 15s6.716 15 15 15h141.785c30.529 0 54.438 6.765 71.062 20.107 16.337 13.112 39.794 13.253 56.305 0 16.625-13.342 40.534-20.107 71.063-20.107h141.785c8.284 0 15-6.716 15-15s-6.716-15-15-15zm-340.215 0h-95.785v-30h135c24.813 0 45 20.187 45 45v7.543c-21.493-14.949-49.767-22.543-84.215-22.543zm114.215 22.543v-7.543c0-24.813 20.187-45 45-45h135v30h-95.785c-34.447 0-62.722 7.594-84.215 22.543z\" data-original=\"#000000\" class=\"active-path\" style=\"fill:#FFFFFF\" data-old_color=\"#000000\"><\/path><path d=\"m41.879 135.426 109.121 31.177v74.4c0 5.682 3.21 10.875 8.292 13.417l66.334 33.167c7.351 3.676 14.083 8.412 20.008 14.077 5.798 5.544 14.933 5.544 20.731 0 5.925-5.665 12.657-10.401 20.008-14.077l66.334-33.167c5.082-2.541 8.292-7.735 8.292-13.417v-74.4l30-8.571v112.971c0 8.284 6.716 15 15 15s15-6.716 15-15v-121.543l49.121-14.034c14.446-4.127 14.471-24.711 0-28.846l-210-60c-2.693-.77-5.548-.77-8.241 0l-210 60c-14.446 4.127-14.471 24.711 0 28.846zm289.121 96.306-58.043 29.021c-5.969 2.984-11.639 6.481-16.957 10.454-5.318-3.973-10.989-7.47-16.958-10.455l-58.042-29.02v-56.558l70.879 20.251c2.683.766 5.537.773 8.241 0l70.88-20.251zm-75-155.129 155.399 44.4-155.399 44.4-155.399-44.4z\" data-original=\"#000000\" class=\"active-path\" style=\"fill:#FFFFFF\" data-old_color=\"#000000\"><\/path><\/g><\/g><\/svg>\t\t\t\t\t\t<\/div>\n\t\t\t\t\t<\/div>\n\t\t\t\t\n\t\t\t\t\t\t\t\t\t<h2 class=\"elementor-cta__title elementor-cta__content-item elementor-content-item elementor-animated-item--grow\">\n\t\t\t\t\t\tOCA Acad\u00eamico\t\t\t\t\t<\/h2>\n\t\t\t\t\n\t\t\t\t\t\t\t\t\t<div class=\"elementor-cta__description elementor-cta__content-item elementor-content-item elementor-animated-item--grow\">\n\t\t\t\t\t\tConhe\u00e7a o que est\u00e1 sendo publicado sobre a Zona Costeira Amaz\u00f4nica no contexto meteoceanogr\u00e1fico\t\t\t\t\t<\/div>\n\t\t\t\t\n\t\t\t\t\t\t\t\t\t<div class=\"elementor-cta__button-wrapper elementor-cta__content-item elementor-content-item elementor-animated-item--grow\">\n\t\t\t\t\t<a class=\"elementor-cta__button elementor-button elementor-size-\" href=\"https:\/\/oca.eco.br\/pt_br\/oca-conecta\/oca-academico\/\">\n\t\t\t\t\t\tSaiba mais\t\t\t\t\t<\/a>\n\t\t\t\t\t<\/div>\n\t\t\t\t\t\t\t<\/div>\n\t\t\t\t\t\t<\/div>\n\t\t\t\t\t\t<\/div>\n\t\t\t\t<\/div>\n\t\t\t\t\t<\/div>\n\t\t<\/div>\n\t\t\t\t<div class=\"elementor-column elementor-col-33 elementor-top-column elementor-element elementor-element-29aa969\" data-id=\"29aa969\" data-element_type=\"column\">\n\t\t\t<div class=\"elementor-widget-wrap elementor-element-populated\">\n\t\t\t\t\t\t<div class=\"elementor-element elementor-element-7d8639f elementor-cta--skin-cover elementor-animated-content elementor-bg-transform elementor-bg-transform-zoom-in elementor-widget elementor-widget-call-to-action\" data-id=\"7d8639f\" data-element_type=\"widget\" data-widget_type=\"call-to-action.default\">\n\t\t\t\t<div class=\"elementor-widget-container\">\n\t\t\t\t\t\t\t<div class=\"elementor-cta\">\n\t\t\t\t\t<div class=\"elementor-cta__bg-wrapper\">\n\t\t\t\t<div class=\"elementor-cta__bg elementor-bg\" style=\"background-image: url();\" role=\"img\" aria-label=\"\"><\/div>\n\t\t\t\t<div class=\"elementor-cta__bg-overlay\"><\/div>\n\t\t\t<\/div>\n\t\t\t\t\t\t\t<div class=\"elementor-cta__content\">\n\t\t\t\t\t\t\t\t\t<div class=\"elementor-content-item elementor-cta__content-item elementor-icon-wrapper elementor-cta__icon elementor-view-default elementor-animated-item--grow\">\n\t\t\t\t\t\t<div class=\"elementor-icon\">\n\t\t\t\t\t\t\t<svg xmlns=\"http:\/\/www.w3.org\/2000\/svg\" xmlns:xlink=\"http:\/\/www.w3.org\/1999\/xlink\" id=\"Capa_1\" x=\"0px\" y=\"0px\" viewBox=\"0 0 512.002 512.002\" style=\"enable-background:new 0 0 512.002 512.002;\" xml:space=\"preserve\" width=\"512\" height=\"512\" class=\"\"><g><g>\t<g>\t\t<path d=\"M109.834,496.21l-15.055-21.206c-3.196-4.504-9.439-5.563-13.943-2.366c-4.503,3.197-5.563,9.439-2.365,13.943    l15.055,21.207c1.95,2.747,5.032,4.212,8.163,4.212c2.002,0,4.023-0.6,5.78-1.847C111.972,506.956,113.032,500.714,109.834,496.21    z\" data-original=\"#000000\" class=\"active-path\" style=\"fill:#FFFFFF\" data-old_color=\"#000000\"><\/path>\t<\/g><\/g><g>\t<g>\t\t<path d=\"M225.206,499.946l-16.384-78.088c-7.967-37.972-30.087-70.806-62.283-92.455l-34.981-23.522    c-14.027-9.43-32.881-7.402-44.605,4.553V189.938c0-15.816-10.783-29.254-26.223-32.681c-9.965-2.214-20.243,0.184-28.204,6.571    c-7.96,6.387-12.525,15.904-12.525,26.11V344.99c0,20.313,6.216,39.806,17.975,56.371l17.833,25.121    c1.95,2.747,5.032,4.212,8.163,4.212c2.002,0,4.023-0.6,5.78-1.847c4.503-3.197,5.563-9.439,2.365-13.943l-17.833-25.121    c-9.344-13.163-14.283-28.652-14.283-44.794V189.938c0-4.108,1.838-7.939,5.042-10.511c3.203-2.571,7.34-3.536,11.354-2.645    c6.215,1.379,10.556,6.789,10.556,13.156v123.016c0,17.414,6.398,34.005,18.021,46.913c0.498,0.597,1.01,1.188,1.551,1.761    c6.641,7.037,14.449,15.329,21.803,23.145l10.295,10.957c0.033,0.035,0.069,0.065,0.103,0.099    c8.807,9.367,15.302,16.284,15.438,16.428c3.779,4.025,10.109,4.225,14.135,0.444s4.225-10.109,0.443-14.135    c-0.182-0.194-11.888-12.659-25.256-26.868l-22.929-24.403c-0.058-0.062-0.111-0.127-0.169-0.189    c-5.376-6.43-5.309-15.753,0.326-22.115c4.985-5.626,13.449-6.706,19.686-2.513L135.379,346    c27.848,18.725,46.979,47.123,53.869,79.965l16.385,78.089c0.989,4.713,5.146,7.948,9.777,7.948c0.68,0,1.371-0.07,2.063-0.215    C222.878,510.653,226.34,505.351,225.206,499.946z\" data-original=\"#000000\" class=\"active-path\" style=\"fill:#FFFFFF\" data-old_color=\"#000000\"><\/path>\t<\/g><\/g><g>\t<g>\t\t<path d=\"M74.089,445.858l-0.064-0.09c-3.21-4.496-9.454-5.54-13.949-2.332s-5.539,9.453-2.332,13.948l0.064,0.09    c1.952,2.735,5.027,4.193,8.149,4.193c2.01,0,4.039-0.604,5.8-1.861C76.251,456.598,77.296,450.353,74.089,445.858z\" data-original=\"#000000\" class=\"active-path\" style=\"fill:#FFFFFF\" data-old_color=\"#000000\"><\/path>\t<\/g><\/g><g>\t<g>\t\t<path d=\"M499.475,163.829c-7.96-6.387-18.243-8.781-28.203-6.571c-15.44,3.426-26.224,16.865-26.224,32.681v120.496    c-11.723-11.955-30.579-13.983-44.605-4.553l-34.981,23.521c-32.197,21.648-54.316,54.483-62.283,92.455l-16.384,78.089    c-1.134,5.405,2.328,10.706,7.733,11.84c0.692,0.145,1.384,0.215,2.063,0.215c4.632,0,8.788-3.236,9.777-7.949l16.384-78.089    c6.891-32.841,26.021-61.24,53.869-79.964l34.981-23.521c6.235-4.194,14.699-3.114,19.686,2.512    c5.628,6.354,5.703,15.662,0.347,22.092c-0.064,0.07-0.125,0.142-0.189,0.212c0,0-48.005,51.079-48.186,51.271    c-3.781,4.026-3.582,10.354,0.443,14.135c4.026,3.781,10.354,3.582,14.135-0.444c0.136-0.144,40.998-43.591,47.639-50.628    c0.541-0.573,1.053-1.164,1.551-1.761c11.622-12.908,18.021-29.499,18.021-46.913V189.938c0-6.367,4.341-11.777,10.557-13.156    c4.013-0.89,8.149,0.075,11.354,2.645c3.204,2.571,5.042,6.402,5.042,10.511V344.99c0,16.142-4.939,31.631-14.283,44.794    l-75.551,106.427c-3.197,4.503-2.138,10.746,2.365,13.943c1.758,1.247,3.778,1.847,5.78,1.847c3.13,0,6.213-1.466,8.163-4.212    l75.551-106.427c11.759-16.565,17.975-36.058,17.975-56.371V189.938C511.999,179.732,507.435,170.216,499.475,163.829z\" data-original=\"#000000\" class=\"active-path\" style=\"fill:#FFFFFF\" data-old_color=\"#000000\"><\/path>\t<\/g><\/g><g>\t<g>\t\t<path d=\"M382.658,191.66l-17.791-4.25v-3.19c11.563-8.1,19.145-21.513,19.145-36.671V124.42c0-24.679-20.077-44.756-44.756-44.756    c-11.075,0-21.215,4.052-29.038,10.74C301.508,69.074,280.55,54,256.126,54c-24.454,0-45.434,15.113-54.124,36.484    c-7.835-6.736-18.012-10.822-29.132-10.822c-24.679,0-44.756,20.077-44.756,44.756v1.537v21.592    c0,15.158,7.582,28.571,19.145,36.671v3.19l-17.791,4.25c-21.242,5.075-36.078,23.872-36.078,45.712v18.676    c0,5.523,4.478,10,10,10h45.952c-0.071,1.213-0.12,2.432-0.12,3.661v35.958c0,5.523,4.478,10,10,10h60.11c5.522,0,10-4.477,10-10    s-4.478-10-10-10H209V275c0-5.523-4.478-10-10-10c-5.522,0-10,4.477-10,10v20.667h-19.777v-25.958    c0-19.287,13.1-35.896,31.854-40.39l27.442-6.576l18.365,41.782c1.596,3.631,5.188,5.976,9.153,5.976h0.001    c3.966,0,7.558-2.344,9.154-5.975l18.346-41.72l27.355,6.535c18.772,4.485,31.883,21.096,31.883,40.397v25.929h-19.777V275    c0-5.523-4.478-10-10-10c-5.522,0-10,4.477-10,10v20.667h-11.333c-5.522,0-10,4.477-10,10s4.478,10,10,10h61.111    c5.522,0,10-4.477,10-10v-35.929c0-1.239-0.05-2.467-0.122-3.69h46.082c5.522,0,10-4.477,10-10v-18.676    C418.737,215.532,403.901,196.734,382.658,191.66z M339.256,99.662c13.102,0,23.858,10.231,24.702,23.123h-13.903    c-11.688,0-23.19-2.814-33.529-8.172C320.329,105.825,329.087,99.662,339.256,99.662z M314.5,146.087    c0.012-0.487,0.037-0.972,0.037-1.462v-8.906c11.221,4.644,23.288,7.066,35.518,7.066h13.957v4.763    c0,13.65-11.105,24.756-24.756,24.756S314.5,161.198,314.5,147.547V146.087z M217.716,112.41L217.716,112.41    c0-21.179,17.23-38.41,38.41-38.41c19.103,0,34.992,14.018,37.926,32.306l-16.835-9.891c-4.211-2.474-9.593-1.545-12.73,2.2    c-8.227,9.818-20.292,15.449-33.102,15.449h-13.669V112.41z M172.871,99.662c10.169,0,18.926,6.164,22.73,14.95    c-10.34,5.358-21.841,8.172-33.529,8.172h-13.903C149.013,109.893,159.77,99.662,172.871,99.662z M148.115,142.784h13.957    c12.243,0,24.323-2.427,35.555-7.081v11.843c0,13.65-11.105,24.756-24.756,24.756s-24.756-11.104-24.756-24.755V142.784z     M196.417,209.869c-19.674,4.714-35.136,18.431-42.495,36.178h-40.532v-8.676c0-12.546,8.522-23.345,20.725-26.26l25.468-6.084    c4.501-1.075,7.677-5.098,7.677-9.726v-3.362c1.84,0.231,3.71,0.364,5.611,0.364c1.887,0,3.744-0.131,5.57-0.359v2.853    c-0.007,0.149-0.01,0.298-0.011,0.447c-0.002,3.281,1.611,6.495,4.573,8.411c1.116,0.723,2.322,1.193,3.553,1.428l14.917,3.574    L196.417,209.869z M224.311,194.345c-2.569-1.133-5.247-2.039-8.007-2.7l-17.864-4.281v-3.116    c3.224-2.253,6.139-4.916,8.667-7.918c4.466,6.88,10.334,12.763,17.204,17.244V194.345z M267.743,209.038l-11.702,26.615    l-11.729-26.683v-7.136c3.817,0.787,7.768,1.202,11.814,1.202c3.977,0,7.861-0.403,11.617-1.164V209.038z M256.126,183.035    c-21.18,0.001-38.41-17.23-38.41-38.41v-10.562h13.669c15.858,0,30.936-5.897,42.492-16.415l20.622,12.116v16.324    C293.727,166.591,276.816,183.035,256.126,183.035z M287.743,194.377V193.7c6.926-4.478,12.846-10.376,17.347-17.286    c2.511,2.968,5.401,5.602,8.594,7.834v3.116l-17.865,4.281C293.035,192.313,290.334,193.23,287.743,194.377z M398.736,246.047    h-40.67c-7.366-17.747-22.839-31.456-42.525-36.159l-5.021-1.199l14.997-3.594c1.248-0.232,2.474-0.708,3.605-1.44    c2.957-1.913,4.565-5.127,4.565-8.408c0-0.078-0.001-0.157-0.003-0.235v-3.068c1.827,0.228,3.683,0.359,5.57,0.359    c1.901,0,3.771-0.133,5.611-0.364v3.362c0,4.628,3.176,8.651,7.677,9.726l25.468,6.084c12.203,2.916,20.726,13.714,20.726,26.26    V246.047z\" data-original=\"#000000\" class=\"active-path\" style=\"fill:#FFFFFF\" data-old_color=\"#000000\"><\/path>\t<\/g><\/g><g>\t<g>\t\t<path d=\"M263.069,298.59c-1.869-1.86-4.439-2.92-7.069-2.92c-2.641,0-5.21,1.06-7.07,2.92c-1.87,1.87-2.93,4.44-2.93,7.08    c0,2.63,1.06,5.2,2.93,7.07c1.86,1.86,4.43,2.93,7.07,2.93c2.63,0,5.2-1.07,7.069-2.93c1.86-1.87,2.931-4.44,2.931-7.07    C266,303.03,264.93,300.46,263.069,298.59z\" data-original=\"#000000\" class=\"active-path\" style=\"fill:#FFFFFF\" data-old_color=\"#000000\"><\/path>\t<\/g><\/g><g>\t<g>\t\t<path d=\"M255.993,0c-5.522,0-10,4.477-10,10v14.963c0,5.523,4.478,10,10,10c5.522,0,10-4.477,10-10V10    C265.993,4.477,261.516,0,255.993,0z\" data-original=\"#000000\" class=\"active-path\" style=\"fill:#FFFFFF\" data-old_color=\"#000000\"><\/path>\t<\/g><\/g><g>\t<g>\t\t<path d=\"M219.157,32.619l-10.49-10.48c-3.907-3.904-10.238-3.901-14.142,0.006c-3.904,3.907-3.9,10.239,0.007,14.142l10.491,10.48    c1.952,1.951,4.51,2.926,7.067,2.926c2.561,0,5.121-0.978,7.074-2.932C223.066,42.854,223.064,36.522,219.157,32.619z\" data-original=\"#000000\" class=\"active-path\" style=\"fill:#FFFFFF\" data-old_color=\"#000000\"><\/path>\t<\/g><\/g><g>\t<g>\t\t<path d=\"M317.222,22.395c-3.907-3.903-10.24-3.901-14.142,0.007l-10.409,10.419c-3.903,3.907-3.9,10.239,0.007,14.142    c1.953,1.951,4.51,2.926,7.068,2.926c2.561,0,5.122-0.978,7.074-2.933l10.409-10.419C321.132,32.63,321.129,26.298,317.222,22.395    z\" data-original=\"#000000\" class=\"active-path\" style=\"fill:#FFFFFF\" data-old_color=\"#000000\"><\/path>\t<\/g><\/g><\/g> <\/svg>\t\t\t\t\t\t<\/div>\n\t\t\t\t\t<\/div>\n\t\t\t\t\n\t\t\t\t\t\t\t\t\t<h2 class=\"elementor-cta__title elementor-cta__content-item elementor-content-item elementor-animated-item--grow\">\n\t\t\t\t\t\tOCA Social\t\t\t\t\t<\/h2>\n\t\t\t\t\n\t\t\t\t\t\t\t\t\t<div class=\"elementor-cta__description elementor-cta__content-item elementor-content-item elementor-animated-item--grow\">\n\t\t\t\t\t\tNossos projetos com uso de ci\u00eancia-cidad\u00e3, integrando o conhecimento cient\u00edfico com o conhecimento tradicional.\t\t\t\t\t<\/div>\n\t\t\t\t\n\t\t\t\t\t\t\t\t\t<div class=\"elementor-cta__button-wrapper elementor-cta__content-item elementor-content-item elementor-animated-item--grow\">\n\t\t\t\t\t<a class=\"elementor-cta__button elementor-button elementor-size-\" href=\"https:\/\/oca.eco.br\/pt_br\/oca-conecta\/oca-social\/\">\n\t\t\t\t\t\tSaiba mais\t\t\t\t\t<\/a>\n\t\t\t\t\t<\/div>\n\t\t\t\t\t\t\t<\/div>\n\t\t\t\t\t\t<\/div>\n\t\t\t\t\t\t<\/div>\n\t\t\t\t<\/div>\n\t\t\t\t\t<\/div>\n\t\t<\/div>\n\t\t\t\t<div class=\"elementor-column elementor-col-33 elementor-top-column elementor-element elementor-element-f431db5\" data-id=\"f431db5\" data-element_type=\"column\">\n\t\t\t<div class=\"elementor-widget-wrap elementor-element-populated\">\n\t\t\t\t\t\t<div class=\"elementor-element elementor-element-62e1272 elementor-cta--skin-cover elementor-animated-content elementor-bg-transform elementor-bg-transform-zoom-in elementor-widget elementor-widget-call-to-action\" data-id=\"62e1272\" data-element_type=\"widget\" data-widget_type=\"call-to-action.default\">\n\t\t\t\t<div class=\"elementor-widget-container\">\n\t\t\t\t\t\t\t<div class=\"elementor-cta\">\n\t\t\t\t\t<div class=\"elementor-cta__bg-wrapper\">\n\t\t\t\t<div class=\"elementor-cta__bg elementor-bg\" style=\"background-image: url();\" role=\"img\" aria-label=\"\"><\/div>\n\t\t\t\t<div class=\"elementor-cta__bg-overlay\"><\/div>\n\t\t\t<\/div>\n\t\t\t\t\t\t\t<div class=\"elementor-cta__content\">\n\t\t\t\t\t\t\t\t\t<div class=\"elementor-content-item elementor-cta__content-item elementor-icon-wrapper elementor-cta__icon elementor-view-default elementor-animated-item--grow\">\n\t\t\t\t\t\t<div class=\"elementor-icon\">\n\t\t\t\t\t\t\t<i aria-hidden=\"true\" class=\"far fa-newspaper\"><\/i>\t\t\t\t\t\t<\/div>\n\t\t\t\t\t<\/div>\n\t\t\t\t\n\t\t\t\t\t\t\t\t\t<h2 class=\"elementor-cta__title elementor-cta__content-item elementor-content-item elementor-animated-item--grow\">\n\t\t\t\t\t\tOCA Destaca\t\t\t\t\t<\/h2>\n\t\t\t\t\n\t\t\t\t\t\t\t\t\t<div class=\"elementor-cta__description elementor-cta__content-item elementor-content-item elementor-animated-item--grow\">\n\t\t\t\t\t\tConhe\u00e7a o que est\u00e1 sendo descoberto e desenvolvido a partir de trabalhos acad\u00eamicos.\t\t\t\t\t<\/div>\n\t\t\t\t\n\t\t\t\t\t\t\t\t\t<div class=\"elementor-cta__button-wrapper elementor-cta__content-item elementor-content-item elementor-animated-item--grow\">\n\t\t\t\t\t<a class=\"elementor-cta__button elementor-button elementor-size-\" href=\"https:\/\/oca.eco.br\/pt_br\/oca-conecta\/oca-destaca\/\">\n\t\t\t\t\t\tSaiba mais\t\t\t\t\t<\/a>\n\t\t\t\t\t<\/div>\n\t\t\t\t\t\t\t<\/div>\n\t\t\t\t\t\t<\/div>\n\t\t\t\t\t\t<\/div>\n\t\t\t\t<\/div>\n\t\t\t\t\t<\/div>\n\t\t<\/div>\n\t\t\t\t\t<\/div>\n\t\t<\/section>\n\t\t\t\t<section class=\"elementor-section elementor-top-section elementor-element elementor-element-736366b elementor-section-boxed elementor-section-height-default elementor-section-height-default\" data-id=\"736366b\" data-element_type=\"section\">\n\t\t\t\t\t\t<div class=\"elementor-container elementor-column-gap-default\">\n\t\t\t\t\t<div class=\"elementor-column elementor-col-100 elementor-top-column elementor-element elementor-element-464ab85\" data-id=\"464ab85\" data-element_type=\"column\">\n\t\t\t<div class=\"elementor-widget-wrap elementor-element-populated\">\n\t\t\t\t\t\t<div class=\"elementor-element elementor-element-a423b52 elementor-widget elementor-widget-spacer\" data-id=\"a423b52\" data-element_type=\"widget\" data-widget_type=\"spacer.default\">\n\t\t\t\t<div class=\"elementor-widget-container\">\n\t\t\t\t\t\t\t<div class=\"elementor-spacer\">\n\t\t\t<div class=\"elementor-spacer-inner\"><\/div>\n\t\t<\/div>\n\t\t\t\t\t\t<\/div>\n\t\t\t\t<\/div>\n\t\t\t\t\t<\/div>\n\t\t<\/div>\n\t\t\t\t\t<\/div>\n\t\t<\/section>\n\t\t\t\t<\/div>\n\t\t","protected":false},"excerpt":{"rendered":"<p>OCA Conecta OCA Acad\u00eamico Conhe\u00e7a o que est\u00e1 sendo publicado sobre a Zona Costeira Amaz\u00f4nica no contexto meteoceanogr\u00e1fico Saiba mais OCA Social Nossos projetos com uso de ci\u00eancia-cidad\u00e3, integrando o conhecimento cient\u00edfico com o conhecimento tradicional. Saiba mais OCA Destaca Conhe\u00e7a o que est\u00e1 sendo descoberto e desenvolvido a partir de trabalhos acad\u00eamicos. Saiba mais<\/p>\n","protected":false},"author":1,"featured_media":0,"parent":0,"menu_order":0,"comment_status":"closed","ping_status":"closed","template":"elementor_header_footer","meta":{"zakra_general_container_width":0,"zakra_general_content_width":0,"zakra_general_sidebar_width":0,"zakra_sticky_header":"customizer","zakra_header_main_area":true,"zakra_site_logo_width":0,"zakra_header_top_enabled":"customizer","zakra_header_top_style":"customizer","zakra_primary_menu_item_style":"customizer","zakra_page_header_text_color":"","zakra_page_header_layout":"customizer","zakra_page_title_bg":"","zakra_footer_widgets_bg_image":0,"zakra_page_title_bg_repeat":"customizer","zakra_page_title_bg_position":"customizer","zakra_page_title_bg_size":"customizer","zakra_page_title_bg_attachment":"customizer","zakra_breadcrumbs_enabled":"customizer","zakra_breadcrumbs_text_color":"","zakra_breadcrumbs_separator_color":"","zakra_breadcrumbs_link_color":"","zakra_breadcrumbs_link_hover_color":"","zakra_page_title_bg_image":0,"zakra_footer_widgets_enabled":"customizer","zakra_footer_column_layout_1_style":"customizer","zakra_footer_widgets_bg":"","zakra_footer_widgets_bg_repeat":"customizer","zakra_footer_widgets_bg_position":"customizer","zakra_footer_widgets_bg_size":"customizer","zakra_footer_widgets_bg_attachment":"customizer","zakra_footer_bar_enabled":"customizer","zakra_footer_bar_style":"customizer","zakra_page_container_layout":"customizer","zakra_page_sidebar_layout":"customizer","zakra_remove_content_margin":false,"zakra_sidebar":"customizer","zakra_transparent_header":"0","zakra_logo":0,"zakra_main_header_style":"default","zakra_menu_item_color":"","zakra_menu_item_hover_color":"","zakra_menu_item_active_color":"","zakra_menu_active_style":"","zakra_page_header":false,"footnotes":""},"class_list":["post-1317","page","type-page","status-publish","hentry"],"_links":{"self":[{"href":"https:\/\/oca.eco.br\/pt_br\/wp-json\/wp\/v2\/pages\/1317","targetHints":{"allow":["GET"]}}],"collection":[{"href":"https:\/\/oca.eco.br\/pt_br\/wp-json\/wp\/v2\/pages"}],"about":[{"href":"https:\/\/oca.eco.br\/pt_br\/wp-json\/wp\/v2\/types\/page"}],"author":[{"embeddable":true,"href":"https:\/\/oca.eco.br\/pt_br\/wp-json\/wp\/v2\/users\/1"}],"replies":[{"embeddable":true,"href":"https:\/\/oca.eco.br\/pt_br\/wp-json\/wp\/v2\/comments?post=1317"}],"version-history":[{"count":0,"href":"https:\/\/oca.eco.br\/pt_br\/wp-json\/wp\/v2\/pages\/1317\/revisions"}],"wp:attachment":[{"href":"https:\/\/oca.eco.br\/pt_br\/wp-json\/wp\/v2\/media?parent=1317"}],"curies":[{"name":"wp","href":"https:\/\/api.w.org\/{rel}","templated":true}]}}