{"id":5694,"date":"2024-04-23T00:27:13","date_gmt":"2024-04-23T03:27:13","guid":{"rendered":"https:\/\/oca.eco.br\/?page_id=5694"},"modified":"2025-11-24T19:50:16","modified_gmt":"2025-11-24T22:50:16","slug":"resex_soure","status":"publish","type":"page","link":"https:\/\/oca.eco.br\/pt_br\/resex_soure\/","title":{"rendered":"RESEX Soure"},"content":{"rendered":"\t\t<div data-elementor-type=\"wp-page\" data-elementor-id=\"5694\" class=\"elementor elementor-5694\" data-elementor-post-type=\"page\">\n\t\t\t\t\t\t<section class=\"elementor-section elementor-top-section elementor-element elementor-element-7afa72b elementor-section-content-top elementor-section-boxed elementor-section-height-default elementor-section-height-default\" data-id=\"7afa72b\" data-element_type=\"section\">\n\t\t\t\t\t\t<div class=\"elementor-container elementor-column-gap-no\">\n\t\t\t\t\t<div class=\"elementor-column elementor-col-50 elementor-top-column elementor-element elementor-element-69230ab\" data-id=\"69230ab\" data-element_type=\"column\">\n\t\t\t<div class=\"elementor-widget-wrap elementor-element-populated\">\n\t\t\t\t\t\t<div class=\"elementor-element elementor-element-4ade64b elementor-widget elementor-widget-heading\" data-id=\"4ade64b\" data-element_type=\"widget\" data-widget_type=\"heading.default\">\n\t\t\t\t<div class=\"elementor-widget-container\">\n\t\t\t\t\t<h2 class=\"elementor-heading-title elementor-size-default\">RESERVA EXTRATIVISTA MARINHA DE SOURE <\/h2>\t\t\t\t<\/div>\n\t\t\t\t<\/div>\n\t\t\t\t<div class=\"elementor-element elementor-element-e32fe38 elementor-widget elementor-widget-text-editor\" data-id=\"e32fe38\" data-element_type=\"widget\" data-widget_type=\"text-editor.default\">\n\t\t\t\t<div class=\"elementor-widget-container\">\n\t\t\t\t\t\t\t\t\t<p>\u00a0<\/p><p>\u00a0<\/p>\t\t\t\t\t\t\t\t<\/div>\n\t\t\t\t<\/div>\n\t\t\t\t<div class=\"elementor-element elementor-element-c9329c9 elementor-widget elementor-widget-image\" data-id=\"c9329c9\" data-element_type=\"widget\" data-widget_type=\"image.default\">\n\t\t\t\t<div class=\"elementor-widget-container\">\n\t\t\t\t\t\t\t\t\t\t\t\t\t\t\t<img fetchpriority=\"high\" decoding=\"async\" width=\"5759\" height=\"3816\" src=\"https:\/\/oca.eco.br\/wp-content\/uploads\/2024\/06\/Resex_Soure.png\" class=\"attachment-full size-full wp-image-6220\" alt=\"\" srcset=\"https:\/\/oca.eco.br\/wp-content\/uploads\/2024\/06\/Resex_Soure.png 5759w, https:\/\/oca.eco.br\/wp-content\/uploads\/2024\/06\/Resex_Soure-300x199.png 300w, https:\/\/oca.eco.br\/wp-content\/uploads\/2024\/06\/Resex_Soure-1024x679.png 1024w, https:\/\/oca.eco.br\/wp-content\/uploads\/2024\/06\/Resex_Soure-768x509.png 768w, https:\/\/oca.eco.br\/wp-content\/uploads\/2024\/06\/Resex_Soure-1536x1018.png 1536w, https:\/\/oca.eco.br\/wp-content\/uploads\/2024\/06\/Resex_Soure-2048x1357.png 2048w, https:\/\/oca.eco.br\/wp-content\/uploads\/2024\/06\/Resex_Soure-18x12.png 18w\" sizes=\"(max-width: 5759px) 100vw, 5759px\" \/>\t\t\t\t\t\t\t\t\t\t\t\t\t\t\t<\/div>\n\t\t\t\t<\/div>\n\t\t\t\t<div class=\"elementor-element elementor-element-014907e elementor-widget elementor-widget-text-editor\" data-id=\"014907e\" data-element_type=\"widget\" data-widget_type=\"text-editor.default\">\n\t\t\t\t<div class=\"elementor-widget-container\">\n\t\t\t\t\t\t\t\t\t<p><strong>A Reserva Extrativista Marinha de Soure foi institu\u00edda mediante o Decreto S\/N, em 22 de novembro de 2001 e est\u00e1 localizada no munic\u00edpio de Soure, estado do Par\u00e1.<\/strong><\/p><p><strong>A reserva abrange uma \u00e1rea de Soure de 27.463,58 ha constitu\u00edda de duas partes: a primeira denominada de Manguezal de Soure com uma superf\u00edcie aproximada de 23.929 ha e a segunda denominada Manguezal do Rio do Saco com uma superf\u00edcie aproximada de 3.534 ha. O munic\u00edpio de Soure tem, aproximadamente, 24.204 habitantes (IBGE, 2022).<\/strong><\/p>\t\t\t\t\t\t\t\t<\/div>\n\t\t\t\t<\/div>\n\t\t\t\t<div class=\"elementor-element elementor-element-5504e63 elementor-widget elementor-widget-image\" data-id=\"5504e63\" data-element_type=\"widget\" data-widget_type=\"image.default\">\n\t\t\t\t<div class=\"elementor-widget-container\">\n\t\t\t\t\t\t\t\t\t\t\t\t\t\t\t<img decoding=\"async\" width=\"2560\" height=\"1440\" src=\"https:\/\/oca.eco.br\/wp-content\/uploads\/2024\/05\/Voo_Marajo_Bay_187-scaled.jpg\" class=\"attachment-full size-full wp-image-5783\" alt=\"\" srcset=\"https:\/\/oca.eco.br\/wp-content\/uploads\/2024\/05\/Voo_Marajo_Bay_187-scaled.jpg 2560w, https:\/\/oca.eco.br\/wp-content\/uploads\/2024\/05\/Voo_Marajo_Bay_187-300x169.jpg 300w, https:\/\/oca.eco.br\/wp-content\/uploads\/2024\/05\/Voo_Marajo_Bay_187-1024x576.jpg 1024w, https:\/\/oca.eco.br\/wp-content\/uploads\/2024\/05\/Voo_Marajo_Bay_187-768x432.jpg 768w, https:\/\/oca.eco.br\/wp-content\/uploads\/2024\/05\/Voo_Marajo_Bay_187-1536x864.jpg 1536w, https:\/\/oca.eco.br\/wp-content\/uploads\/2024\/05\/Voo_Marajo_Bay_187-2048x1152.jpg 2048w, https:\/\/oca.eco.br\/wp-content\/uploads\/2024\/05\/Voo_Marajo_Bay_187-18x10.jpg 18w\" sizes=\"(max-width: 2560px) 100vw, 2560px\" \/>\t\t\t\t\t\t\t\t\t\t\t\t\t\t\t<\/div>\n\t\t\t\t<\/div>\n\t\t\t\t<div class=\"elementor-element elementor-element-0f528d6 elementor-widget elementor-widget-text-editor\" data-id=\"0f528d6\" data-element_type=\"widget\" data-widget_type=\"text-editor.default\">\n\t\t\t\t<div class=\"elementor-widget-container\">\n\t\t\t\t\t\t\t\t\t<p><strong>Trata-se de uma \u00e1rea estrat\u00e9gica para a conserva\u00e7\u00e3o, sobretudo devido ao apelo socioambiental da regi\u00e3o da Amaz\u00f4nia Atl\u00e2ntica, uma vez que \u00e9 onde se concentra a maior popula\u00e7\u00e3o e produ\u00e7\u00e3o ligada \u00e0 pesca artesanal marinha-costeira do Brasil (ICMBio, 2018).<\/strong><\/p><p><strong>Na RESEX-Mar de Soure, as fam\u00edlias extrativistas da UC sobrevivem principalmente dos recursos pesqueiros, tais como: peixes, caranguejo-u\u00e7\u00e1, camar\u00f5es, siris e mariscos em geral e recursos florestais n\u00e3o-madeireiros, como \u00f3leos naturais e frutos, especialmente o a\u00e7a\u00ed e o c\u00f4co, cria\u00e7\u00e3o de pequenos animais como galinhas, patos e porcos, artesanato e produtos naturais diversos, incluindo cer\u00e2mica, fitoter\u00e1picos e atividades ligadas ao ramo tur\u00edstico, como passeios, servi\u00e7os de bar e restaurante, hospedagem, etc (ICMBio, 2018).<\/strong><\/p><p><strong>A RESEX- Mar de Soure possui plano de manejo elaborado em 2018 a partir de uma nova abordagem baseada no <em>Foundation Document<\/em> do Servi\u00e7o de Parques Nacionais Norte-Americano (NPS), que tem como principal caracter\u00edstica a realiza\u00e7\u00e3o de uma oficina participativa (atividades em grupos e na plen\u00e1ria) para constru\u00e7\u00e3o do conte\u00fado do plano de manejo, apoiada por um guia do participante, um caderno de orienta\u00e7\u00f5es sobre a oficina com informa\u00e7\u00f5es espec\u00edficas da UC, previamente preparado (ICMBio, 2018).<\/strong><\/p><p><strong>Instituto Chico Mendes de Conserva\u00e7\u00e3o da Biodiversidade \u2013 ICMBio. PLANO DE MANEJO DA RESERVA EXTRATIVISTA MARINHA DE SOURE \u2013 PA. Bras\u00edlia (DF), Julho de 2018. Dispon\u00edvel em: https:\/\/www.gov.br\/icmbio\/pt-br\/assuntos\/biodiversidade\/unidade-de-conservacao\/unidades-de-biomas\/marinho\/lista-de-ucs\/resex-marinha-de-soure.<\/strong><\/p>\t\t\t\t\t\t\t\t<\/div>\n\t\t\t\t<\/div>\n\t\t\t\t\t<\/div>\n\t\t<\/div>\n\t\t\t\t<div class=\"elementor-column elementor-col-50 elementor-top-column elementor-element elementor-element-be36e86\" data-id=\"be36e86\" data-element_type=\"column\" data-settings=\"{&quot;background_background&quot;:&quot;classic&quot;}\">\n\t\t\t<div class=\"elementor-widget-wrap elementor-element-populated\">\n\t\t\t\t\t\t<div class=\"elementor-element elementor-element-d66400d elementor-widget elementor-widget-heading\" data-id=\"d66400d\" data-element_type=\"widget\" data-widget_type=\"heading.default\">\n\t\t\t\t<div class=\"elementor-widget-container\">\n\t\t\t\t\t<h2 class=\"elementor-heading-title elementor-size-default\">ATIVIDADES DO OCA SOCIAL<\/h2>\t\t\t\t<\/div>\n\t\t\t\t<\/div>\n\t\t\t\t<div class=\"elementor-element elementor-element-49096ce elementor-widget elementor-widget-heading\" data-id=\"49096ce\" data-element_type=\"widget\" data-widget_type=\"heading.default\">\n\t\t\t\t<div class=\"elementor-widget-container\">\n\t\t\t\t\t<h5 class=\"elementor-heading-title elementor-size-default\">RESEX Soure<\/h5>\t\t\t\t<\/div>\n\t\t\t\t<\/div>\n\t\t\t\t<div class=\"elementor-element elementor-element-a49f178 elementor-widget elementor-widget-text-editor\" data-id=\"a49f178\" data-element_type=\"widget\" data-widget_type=\"text-editor.default\">\n\t\t\t\t<div class=\"elementor-widget-container\">\n\t\t\t\t\t\t\t\t\t<p style=\"text-align: justify\"><br \/>02\/04\/2024: Apresenta\u00e7\u00e3o do projeto para lideran\u00e7as locais (ICMBio, ASSUREMAS, EMATER).<\/p><p>\u00a0<\/p><p style=\"text-align: justify\">06\/05\/2024: I) Reuni\u00e3o com pescadores e lideran\u00e7as para apresenta\u00e7\u00e3o do monitoramento pesqueiro participativo e constru\u00e7\u00e3o do calend\u00e1rio de pesca. II) Forma\u00e7\u00e3o de Professores da escola Stella Maris: \u201cSaberes e pr\u00e1ticas sobre mudan\u00e7as clim\u00e1ticas\u201d.<\/p><p>\u00a0<\/p><p style=\"text-align: justify\">13\/05\/2024: Reuni\u00e3o com os pescadores e lideran\u00e7as para in\u00edcio das atividades do monitoramento na RESEX.<\/p><p>\u00a0<\/p><p style=\"text-align: justify\">05 e 06\/06\/2024: Atividades de Educa\u00e7\u00e3o Ambiental (EA) com as crian\u00e7as nas escolas: \u201cRESEX &#8211; sua import\u00e2ncia e boas pr\u00e1ticas\u201d.<\/p><p>\u00a0<\/p><p style=\"text-align: justify\">04\/07\/2024: Reuni\u00e3o com os pescadores para a primeira devolutiva de dados pesqueiros do automonitoramento e treinamento para medi\u00e7\u00e3o e pesagem dos peixes.<\/p><p>\u00a0<\/p><p style=\"text-align: justify\">16\/09\/2024: Reuni\u00e3o com os pescadores para a devolutiva de dados pesqueiros do automonitoramento referente ao per\u00edodo chuvoso.<\/p><p>\u00a0<\/p><p style=\"text-align: justify\">13\/12\/2024: Reuni\u00e3o com os pescadores para a devolutiva de dados pesqueiros do automonitoramento referente ao per\u00edodo transicional.<\/p><p>\u00a0<\/p><p style=\"text-align: justify\">12\/05\/2025: Reuni\u00e3o com os pescadores para a devolutiva de dados pesqueiros do automonitoramento referente ao per\u00edodo seco.<\/p><p>\u00a0<\/p>\t\t\t\t\t\t\t\t<\/div>\n\t\t\t\t<\/div>\n\t\t\t\t\t<\/div>\n\t\t<\/div>\n\t\t\t\t\t<\/div>\n\t\t<\/section>\n\t\t\t\t<section class=\"elementor-section elementor-top-section elementor-element elementor-element-f924fcc elementor-section-boxed elementor-section-height-default elementor-section-height-default\" data-id=\"f924fcc\" data-element_type=\"section\">\n\t\t\t\t\t\t<div class=\"elementor-container elementor-column-gap-default\">\n\t\t\t\t\t<div class=\"elementor-column elementor-col-100 elementor-top-column elementor-element elementor-element-a24b44b\" data-id=\"a24b44b\" data-element_type=\"column\">\n\t\t\t<div class=\"elementor-widget-wrap elementor-element-populated\">\n\t\t\t\t\t\t<div class=\"elementor-element elementor-element-28c666e elementor-widget elementor-widget-heading\" data-id=\"28c666e\" data-element_type=\"widget\" data-widget_type=\"heading.default\">\n\t\t\t\t<div class=\"elementor-widget-container\">\n\t\t\t\t\t<h2 class=\"elementor-heading-title elementor-size-default\">CENSO SOURE<\/h2>\t\t\t\t<\/div>\n\t\t\t\t<\/div>\n\t\t\t\t<div class=\"elementor-element elementor-element-4d72fa0 elementor-button-info elementor-widget elementor-widget-button\" data-id=\"4d72fa0\" data-element_type=\"widget\" data-widget_type=\"button.default\">\n\t\t\t\t<div class=\"elementor-widget-container\">\n\t\t\t\t\t\t\t\t\t<div class=\"elementor-button-wrapper\">\n\t\t\t\t\t<a class=\"elementor-button elementor-button-link elementor-size-sm\" href=\"http:\/\/dashboard-oca.streamlit.app\">\n\t\t\t\t\t\t<span class=\"elementor-button-content-wrapper\">\n\t\t\t\t\t\t<span class=\"elementor-button-icon\">\n\t\t\t\t<i aria-hidden=\"true\" class=\"fas fa-file-import\"><\/i>\t\t\t<\/span>\n\t\t\t\t\t\t\t\t\t<span class=\"elementor-button-text\">Acessar Dashboard Interativo<\/span>\n\t\t\t\t\t<\/span>\n\t\t\t\t\t<\/a>\n\t\t\t\t<\/div>\n\t\t\t\t\t\t\t\t<\/div>\n\t\t\t\t<\/div>\n\t\t\t\t\t<\/div>\n\t\t<\/div>\n\t\t\t\t\t<\/div>\n\t\t<\/section>\n\t\t\t\t<section class=\"elementor-section elementor-top-section elementor-element elementor-element-065e6af elementor-section-boxed elementor-section-height-default elementor-section-height-default\" data-id=\"065e6af\" data-element_type=\"section\">\n\t\t\t\t\t\t<div class=\"elementor-container elementor-column-gap-default\">\n\t\t\t\t\t<div class=\"elementor-column elementor-col-100 elementor-top-column elementor-element elementor-element-e190885\" data-id=\"e190885\" data-element_type=\"column\">\n\t\t\t<div class=\"elementor-widget-wrap elementor-element-populated\">\n\t\t\t\t\t\t<div class=\"elementor-element elementor-element-221f52f elementor-widget elementor-widget-text-editor\" data-id=\"221f52f\" data-element_type=\"widget\" data-widget_type=\"text-editor.default\">\n\t\t\t\t<div class=\"elementor-widget-container\">\n\t\t\t\t\t\t\t\t\t<p><strong>Na Reserva Extrativista Marinha de Soure o censo pesqueiro ocorreu de Junho de 2024 a Maio de 2025, com os pescadores do Lap\u00e3o de Soure. Ao longo de doze meses foram registrados o total de 30.312,16 kg, destinados ao consumo comercial, \u00e0 subsist\u00eancia e outros tipos de consumo. O m\u00eas com maior registro de captura foi Abril de 2025 com 3.748,8 kg e o m\u00eas com menor registro de captura foi Junho de 2024 com 732,1 kg. As capturas mais expressivas foram: da Jurupiranga <em>(Aspistor luniscutis)<\/em>, do Bacu <em>(Lithodoras dorsalis)<\/em> e da Piaba <em>(Pimelodus blochii)<\/em>.<\/strong><\/p>\t\t\t\t\t\t\t\t<\/div>\n\t\t\t\t<\/div>\n\t\t\t\t\t<\/div>\n\t\t<\/div>\n\t\t\t\t\t<\/div>\n\t\t<\/section>\n\t\t\t\t<section class=\"elementor-section elementor-top-section elementor-element elementor-element-7a6196e elementor-section-boxed elementor-section-height-default elementor-section-height-default\" data-id=\"7a6196e\" data-element_type=\"section\">\n\t\t\t\t\t\t<div class=\"elementor-container elementor-column-gap-default\">\n\t\t\t\t\t<div class=\"elementor-column elementor-col-100 elementor-top-column elementor-element elementor-element-5da025d\" data-id=\"5da025d\" data-element_type=\"column\">\n\t\t\t<div class=\"elementor-widget-wrap elementor-element-populated\">\n\t\t\t\t\t\t<div class=\"elementor-element elementor-element-9ae6d57 elementor-arrows-position-inside elementor-pagination-position-outside elementor-widget elementor-widget-image-carousel\" data-id=\"9ae6d57\" data-element_type=\"widget\" data-settings=\"{&quot;slides_to_show&quot;:&quot;1&quot;,&quot;navigation&quot;:&quot;both&quot;,&quot;autoplay&quot;:&quot;yes&quot;,&quot;pause_on_hover&quot;:&quot;yes&quot;,&quot;pause_on_interaction&quot;:&quot;yes&quot;,&quot;autoplay_speed&quot;:5000,&quot;infinite&quot;:&quot;yes&quot;,&quot;effect&quot;:&quot;slide&quot;,&quot;speed&quot;:500}\" data-widget_type=\"image-carousel.default\">\n\t\t\t\t<div class=\"elementor-widget-container\">\n\t\t\t\t\t\t\t<div class=\"elementor-image-carousel-wrapper swiper\" role=\"region\" aria-roledescription=\"carousel\" aria-label=\"Carrossel de imagens\" dir=\"ltr\">\n\t\t\t<div class=\"elementor-image-carousel swiper-wrapper\" aria-live=\"off\">\n\t\t\t\t\t\t\t\t<div class=\"swiper-slide\" role=\"group\" aria-roledescription=\"slide\" aria-label=\"1 de 12\"><figure class=\"swiper-slide-inner\"><img decoding=\"async\" class=\"swiper-slide-image\" src=\"https:\/\/oca.eco.br\/wp-content\/uploads\/2025\/11\/Grafico_Resex_Soure_2024_06-scaled.webp\" alt=\"Grafico Resex Soure 2024 06\" \/><\/figure><\/div><div class=\"swiper-slide\" role=\"group\" aria-roledescription=\"slide\" aria-label=\"2 de 12\"><figure class=\"swiper-slide-inner\"><img decoding=\"async\" class=\"swiper-slide-image\" src=\"https:\/\/oca.eco.br\/wp-content\/uploads\/2025\/11\/Grafico_Resex_Soure_2024_07-scaled.webp\" alt=\"Grafico Resex Soure 2024 07\" \/><\/figure><\/div><div class=\"swiper-slide\" role=\"group\" aria-roledescription=\"slide\" aria-label=\"3 de 12\"><figure class=\"swiper-slide-inner\"><img decoding=\"async\" class=\"swiper-slide-image\" src=\"https:\/\/oca.eco.br\/wp-content\/uploads\/2025\/11\/Grafico_Resex_Soure_2024_08-scaled.webp\" alt=\"Grafico Resex Soure 2024 08\" \/><\/figure><\/div><div class=\"swiper-slide\" role=\"group\" aria-roledescription=\"slide\" aria-label=\"4 de 12\"><figure class=\"swiper-slide-inner\"><img decoding=\"async\" class=\"swiper-slide-image\" src=\"https:\/\/oca.eco.br\/wp-content\/uploads\/2025\/11\/Grafico_Resex_Soure_2024_09-scaled.webp\" alt=\"Grafico Resex Soure 2024 09\" \/><\/figure><\/div><div class=\"swiper-slide\" role=\"group\" aria-roledescription=\"slide\" aria-label=\"5 de 12\"><figure class=\"swiper-slide-inner\"><img decoding=\"async\" class=\"swiper-slide-image\" src=\"https:\/\/oca.eco.br\/wp-content\/uploads\/2025\/11\/Grafico_Resex_Soure_2024_10-scaled.webp\" alt=\"Grafico Resex Soure 2024 10\" \/><\/figure><\/div><div class=\"swiper-slide\" role=\"group\" aria-roledescription=\"slide\" aria-label=\"6 de 12\"><figure class=\"swiper-slide-inner\"><img decoding=\"async\" class=\"swiper-slide-image\" src=\"https:\/\/oca.eco.br\/wp-content\/uploads\/2025\/11\/Grafico_Resex_Soure_2024_11-scaled.webp\" alt=\"Grafico Resex Soure 2024 11\" \/><\/figure><\/div><div class=\"swiper-slide\" role=\"group\" aria-roledescription=\"slide\" aria-label=\"7 de 12\"><figure class=\"swiper-slide-inner\"><img decoding=\"async\" class=\"swiper-slide-image\" src=\"https:\/\/oca.eco.br\/wp-content\/uploads\/2025\/11\/Grafico_Resex_Soure_2024_12-scaled.webp\" alt=\"Grafico Resex Soure 2024 12\" \/><\/figure><\/div><div class=\"swiper-slide\" role=\"group\" aria-roledescription=\"slide\" aria-label=\"8 de 12\"><figure class=\"swiper-slide-inner\"><img decoding=\"async\" class=\"swiper-slide-image\" src=\"https:\/\/oca.eco.br\/wp-content\/uploads\/2025\/11\/Grafico_Resex_Soure_2025_01-scaled.webp\" alt=\"Grafico Resex Soure 2025 01\" \/><\/figure><\/div><div class=\"swiper-slide\" role=\"group\" aria-roledescription=\"slide\" aria-label=\"9 de 12\"><figure class=\"swiper-slide-inner\"><img decoding=\"async\" class=\"swiper-slide-image\" src=\"https:\/\/oca.eco.br\/wp-content\/uploads\/2025\/11\/Grafico_Resex_Soure_2025_02-scaled.webp\" alt=\"Grafico Resex Soure 2025 02\" \/><\/figure><\/div><div class=\"swiper-slide\" role=\"group\" aria-roledescription=\"slide\" aria-label=\"10 de 12\"><figure class=\"swiper-slide-inner\"><img decoding=\"async\" class=\"swiper-slide-image\" src=\"https:\/\/oca.eco.br\/wp-content\/uploads\/2025\/11\/Grafico_Resex_Soure_2025_03-scaled.webp\" alt=\"Grafico Resex Soure 2025 03\" \/><\/figure><\/div><div class=\"swiper-slide\" role=\"group\" aria-roledescription=\"slide\" aria-label=\"11 de 12\"><figure class=\"swiper-slide-inner\"><img decoding=\"async\" class=\"swiper-slide-image\" src=\"https:\/\/oca.eco.br\/wp-content\/uploads\/2025\/11\/Grafico_Resex_Soure_2025_04-scaled.webp\" alt=\"Grafico Resex Soure 2025 04\" \/><\/figure><\/div><div class=\"swiper-slide\" role=\"group\" aria-roledescription=\"slide\" aria-label=\"12 de 12\"><figure class=\"swiper-slide-inner\"><img decoding=\"async\" class=\"swiper-slide-image\" src=\"https:\/\/oca.eco.br\/wp-content\/uploads\/2025\/11\/Grafico_Resex_Soure_2025_05-scaled.webp\" alt=\"Grafico Resex Soure 2025 05\" \/><\/figure><\/div>\t\t\t<\/div>\n\t\t\t\t\t\t\t\t\t\t\t\t<div class=\"elementor-swiper-button elementor-swiper-button-prev\" role=\"button\" tabindex=\"0\">\n\t\t\t\t\t\t<i aria-hidden=\"true\" class=\"eicon-chevron-left\"><\/i>\t\t\t\t\t<\/div>\n\t\t\t\t\t<div class=\"elementor-swiper-button elementor-swiper-button-next\" role=\"button\" tabindex=\"0\">\n\t\t\t\t\t\t<i aria-hidden=\"true\" class=\"eicon-chevron-right\"><\/i>\t\t\t\t\t<\/div>\n\t\t\t\t\n\t\t\t\t\t\t\t\t\t<div class=\"swiper-pagination\"><\/div>\n\t\t\t\t\t\t\t\t\t<\/div>\n\t\t\t\t\t\t<\/div>\n\t\t\t\t<\/div>\n\t\t\t\t\t<\/div>\n\t\t<\/div>\n\t\t\t\t\t<\/div>\n\t\t<\/section>\n\t\t\t\t<\/div>\n\t\t","protected":false},"excerpt":{"rendered":"<p>RESERVA EXTRATIVISTA MARINHA DE SOURE \u00a0 \u00a0 A Reserva Extrativista Marinha de Soure foi institu\u00edda mediante o Decreto S\/N, em 22 de novembro de 2001 e est\u00e1 localizada no munic\u00edpio de Soure, estado do Par\u00e1. A reserva abrange uma \u00e1rea de Soure de 27.463,58 ha constitu\u00edda de duas partes: a primeira denominada de Manguezal de[&hellip;]<\/p>\n","protected":false},"author":1,"featured_media":0,"parent":0,"menu_order":0,"comment_status":"closed","ping_status":"closed","template":"elementor_header_footer","meta":{"zakra_general_container_width":0,"zakra_general_content_width":0,"zakra_general_sidebar_width":0,"zakra_sticky_header":"customizer","zakra_header_main_area":true,"zakra_site_logo_width":0,"zakra_header_top_enabled":"customizer","zakra_header_top_style":"customizer","zakra_primary_menu_item_style":"customizer","zakra_page_header_text_color":"","zakra_page_header_layout":"customizer","zakra_page_title_bg":"","zakra_footer_widgets_bg_image":0,"zakra_page_title_bg_repeat":"customizer","zakra_page_title_bg_position":"customizer","zakra_page_title_bg_size":"customizer","zakra_page_title_bg_attachment":"customizer","zakra_breadcrumbs_enabled":"customizer","zakra_breadcrumbs_text_color":"","zakra_breadcrumbs_separator_color":"","zakra_breadcrumbs_link_color":"","zakra_breadcrumbs_link_hover_color":"","zakra_page_title_bg_image":0,"zakra_footer_widgets_enabled":"customizer","zakra_footer_column_layout_1_style":"customizer","zakra_footer_widgets_bg":"","zakra_footer_widgets_bg_repeat":"customizer","zakra_footer_widgets_bg_position":"customizer","zakra_footer_widgets_bg_size":"customizer","zakra_footer_widgets_bg_attachment":"customizer","zakra_footer_bar_enabled":"customizer","zakra_footer_bar_style":"customizer","zakra_page_container_layout":"customizer","zakra_page_sidebar_layout":"customizer","zakra_remove_content_margin":false,"zakra_sidebar":"customizer","zakra_transparent_header":"customizer","zakra_logo":0,"zakra_main_header_style":"default","zakra_menu_item_color":"","zakra_menu_item_hover_color":"","zakra_menu_item_active_color":"","zakra_menu_active_style":"","zakra_page_header":false,"footnotes":""},"class_list":["post-5694","page","type-page","status-publish","hentry"],"_links":{"self":[{"href":"https:\/\/oca.eco.br\/pt_br\/wp-json\/wp\/v2\/pages\/5694","targetHints":{"allow":["GET"]}}],"collection":[{"href":"https:\/\/oca.eco.br\/pt_br\/wp-json\/wp\/v2\/pages"}],"about":[{"href":"https:\/\/oca.eco.br\/pt_br\/wp-json\/wp\/v2\/types\/page"}],"author":[{"embeddable":true,"href":"https:\/\/oca.eco.br\/pt_br\/wp-json\/wp\/v2\/users\/1"}],"replies":[{"embeddable":true,"href":"https:\/\/oca.eco.br\/pt_br\/wp-json\/wp\/v2\/comments?post=5694"}],"version-history":[{"count":126,"href":"https:\/\/oca.eco.br\/pt_br\/wp-json\/wp\/v2\/pages\/5694\/revisions"}],"predecessor-version":[{"id":9356,"href":"https:\/\/oca.eco.br\/pt_br\/wp-json\/wp\/v2\/pages\/5694\/revisions\/9356"}],"wp:attachment":[{"href":"https:\/\/oca.eco.br\/pt_br\/wp-json\/wp\/v2\/media?parent=5694"}],"curies":[{"name":"wp","href":"https:\/\/api.w.org\/{rel}","templated":true}]}}