{"id":5994,"date":"2024-06-12T10:43:05","date_gmt":"2024-06-12T13:43:05","guid":{"rendered":"https:\/\/oca.eco.br\/?page_id=5994"},"modified":"2025-11-24T19:52:14","modified_gmt":"2025-11-24T22:52:14","slug":"resex-mocapajuba","status":"publish","type":"page","link":"https:\/\/oca.eco.br\/pt_br\/resex-mocapajuba\/","title":{"rendered":"RESEX Mocapajuba"},"content":{"rendered":"\t\t<div data-elementor-type=\"wp-page\" data-elementor-id=\"5994\" class=\"elementor elementor-5994\" data-elementor-post-type=\"page\">\n\t\t\t\t\t\t<section class=\"elementor-section elementor-top-section elementor-element elementor-element-16400b0 elementor-section-content-top elementor-section-boxed elementor-section-height-default elementor-section-height-default\" data-id=\"16400b0\" data-element_type=\"section\">\n\t\t\t\t\t\t<div class=\"elementor-container elementor-column-gap-no\">\n\t\t\t\t\t<div class=\"elementor-column elementor-col-50 elementor-top-column elementor-element elementor-element-34bbc2e\" data-id=\"34bbc2e\" data-element_type=\"column\">\n\t\t\t<div class=\"elementor-widget-wrap elementor-element-populated\">\n\t\t\t\t\t\t<div class=\"elementor-element elementor-element-6d29029 elementor-widget elementor-widget-heading\" data-id=\"6d29029\" data-element_type=\"widget\" data-widget_type=\"heading.default\">\n\t\t\t\t<div class=\"elementor-widget-container\">\n\t\t\t\t\t<h2 class=\"elementor-heading-title elementor-size-default\">RESERVA EXTRATIVISTA MARINHA DE MOCAPAJUBA<\/h2>\t\t\t\t<\/div>\n\t\t\t\t<\/div>\n\t\t\t\t<div class=\"elementor-element elementor-element-8363f1b elementor-widget elementor-widget-text-editor\" data-id=\"8363f1b\" data-element_type=\"widget\" data-widget_type=\"text-editor.default\">\n\t\t\t\t<div class=\"elementor-widget-container\">\n\t\t\t\t\t\t\t\t\t<p>\u00a0<\/p><p>\u00a0<\/p>\t\t\t\t\t\t\t\t<\/div>\n\t\t\t\t<\/div>\n\t\t\t\t<div class=\"elementor-element elementor-element-36298e4 elementor-widget elementor-widget-image\" data-id=\"36298e4\" data-element_type=\"widget\" data-widget_type=\"image.default\">\n\t\t\t\t<div class=\"elementor-widget-container\">\n\t\t\t\t\t\t\t\t\t\t\t\t\t\t\t<img fetchpriority=\"high\" decoding=\"async\" width=\"5759\" height=\"3816\" src=\"https:\/\/oca.eco.br\/wp-content\/uploads\/2024\/06\/Resex_MOCA.png\" class=\"attachment-full size-full wp-image-6219\" alt=\"\" srcset=\"https:\/\/oca.eco.br\/wp-content\/uploads\/2024\/06\/Resex_MOCA.png 5759w, https:\/\/oca.eco.br\/wp-content\/uploads\/2024\/06\/Resex_MOCA-300x199.png 300w, https:\/\/oca.eco.br\/wp-content\/uploads\/2024\/06\/Resex_MOCA-1024x679.png 1024w, https:\/\/oca.eco.br\/wp-content\/uploads\/2024\/06\/Resex_MOCA-768x509.png 768w, https:\/\/oca.eco.br\/wp-content\/uploads\/2024\/06\/Resex_MOCA-1536x1018.png 1536w, https:\/\/oca.eco.br\/wp-content\/uploads\/2024\/06\/Resex_MOCA-2048x1357.png 2048w, https:\/\/oca.eco.br\/wp-content\/uploads\/2024\/06\/Resex_MOCA-18x12.png 18w\" sizes=\"(max-width: 5759px) 100vw, 5759px\" \/>\t\t\t\t\t\t\t\t\t\t\t\t\t\t\t<\/div>\n\t\t\t\t<\/div>\n\t\t\t\t<div class=\"elementor-element elementor-element-edbb01f elementor-widget elementor-widget-text-editor\" data-id=\"edbb01f\" data-element_type=\"widget\" data-widget_type=\"text-editor.default\">\n\t\t\t\t<div class=\"elementor-widget-container\">\n\t\t\t\t\t\t\t\t\t<p>\u00a0<\/p><p><strong>A Reserva Extrativista Marinha de Mocapajuba foi criada mediante o Decreto S\/N, em 10 de outubro de 2014 e est\u00e1 localizada no munic\u00edpio de S\u00e3o Caetano de Odivelas, estado do Par\u00e1.<\/strong><\/p>\t\t\t\t\t\t\t\t<\/div>\n\t\t\t\t<\/div>\n\t\t\t\t<div class=\"elementor-element elementor-element-7a68a94 elementor-widget elementor-widget-image\" data-id=\"7a68a94\" data-element_type=\"widget\" data-widget_type=\"image.default\">\n\t\t\t\t<div class=\"elementor-widget-container\">\n\t\t\t\t\t\t\t\t\t\t\t\t\t\t\t<img decoding=\"async\" width=\"2560\" height=\"1707\" src=\"https:\/\/oca.eco.br\/wp-content\/uploads\/2024\/06\/DJI_0739-scaled.jpg\" class=\"attachment-full size-full wp-image-6053\" alt=\"\" srcset=\"https:\/\/oca.eco.br\/wp-content\/uploads\/2024\/06\/DJI_0739-scaled.jpg 2560w, https:\/\/oca.eco.br\/wp-content\/uploads\/2024\/06\/DJI_0739-300x200.jpg 300w, https:\/\/oca.eco.br\/wp-content\/uploads\/2024\/06\/DJI_0739-1024x683.jpg 1024w, https:\/\/oca.eco.br\/wp-content\/uploads\/2024\/06\/DJI_0739-768x512.jpg 768w, https:\/\/oca.eco.br\/wp-content\/uploads\/2024\/06\/DJI_0739-1536x1024.jpg 1536w, https:\/\/oca.eco.br\/wp-content\/uploads\/2024\/06\/DJI_0739-2048x1365.jpg 2048w, https:\/\/oca.eco.br\/wp-content\/uploads\/2024\/06\/DJI_0739-18x12.jpg 18w\" sizes=\"(max-width: 2560px) 100vw, 2560px\" \/>\t\t\t\t\t\t\t\t\t\t\t\t\t\t\t<\/div>\n\t\t\t\t<\/div>\n\t\t\t\t<div class=\"elementor-element elementor-element-c2ccb66 elementor-widget elementor-widget-text-editor\" data-id=\"c2ccb66\" data-element_type=\"widget\" data-widget_type=\"text-editor.default\">\n\t\t\t\t<div class=\"elementor-widget-container\">\n\t\t\t\t\t\t\t\t\t<p>\u00a0<\/p><p><strong>Possui uma \u00e1rea de aproximadamente 21.028 hectares, sendo, destes, 9.228 hectares cobertos por manguezais, representando cerca de 43,88% da \u00e1rea. As popula\u00e7\u00f5es tradicionais que residem na RESEX-Mar de Mocapajuba utilizam os recursos naturais, principalmente, para subsist\u00eancia. Em rela\u00e7\u00e3o aos recursos pesqueiros, dentre as principais atividades destaca-se a captura de peixes e crust\u00e1ceos, que s\u00e3o destinados \u00e0 subsist\u00eancia e com\u00e9rcio.<\/strong><\/p>\t\t\t\t\t\t\t\t<\/div>\n\t\t\t\t<\/div>\n\t\t\t\t<div class=\"elementor-element elementor-element-528b408 elementor-widget elementor-widget-image\" data-id=\"528b408\" data-element_type=\"widget\" data-widget_type=\"image.default\">\n\t\t\t\t<div class=\"elementor-widget-container\">\n\t\t\t\t\t\t\t\t\t\t\t\t\t\t\t<img decoding=\"async\" width=\"2560\" height=\"1707\" src=\"https:\/\/oca.eco.br\/wp-content\/uploads\/2024\/06\/DJI_0713-scaled.jpg\" class=\"attachment-full size-full wp-image-6057\" alt=\"\" srcset=\"https:\/\/oca.eco.br\/wp-content\/uploads\/2024\/06\/DJI_0713-scaled.jpg 2560w, https:\/\/oca.eco.br\/wp-content\/uploads\/2024\/06\/DJI_0713-300x200.jpg 300w, https:\/\/oca.eco.br\/wp-content\/uploads\/2024\/06\/DJI_0713-1024x683.jpg 1024w, https:\/\/oca.eco.br\/wp-content\/uploads\/2024\/06\/DJI_0713-768x512.jpg 768w, https:\/\/oca.eco.br\/wp-content\/uploads\/2024\/06\/DJI_0713-1536x1024.jpg 1536w, https:\/\/oca.eco.br\/wp-content\/uploads\/2024\/06\/DJI_0713-2048x1365.jpg 2048w, https:\/\/oca.eco.br\/wp-content\/uploads\/2024\/06\/DJI_0713-18x12.jpg 18w\" sizes=\"(max-width: 2560px) 100vw, 2560px\" \/>\t\t\t\t\t\t\t\t\t\t\t\t\t\t\t<\/div>\n\t\t\t\t<\/div>\n\t\t\t\t<div class=\"elementor-element elementor-element-8b18db3 elementor-widget elementor-widget-text-editor\" data-id=\"8b18db3\" data-element_type=\"widget\" data-widget_type=\"text-editor.default\">\n\t\t\t\t<div class=\"elementor-widget-container\">\n\t\t\t\t\t\t\t\t\t<p>\u00a0<\/p><p><strong>Apesar de institu\u00edda em 2014, a RESEX-Mar de Mocapajuba ainda n\u00e3o possui plano de manejo, e este, segundo o SNUC (Sistema Nacional de Unidades de Conserva\u00e7\u00e3o da Natureza), deve ser elaborado no prazo de 5 anos a partir da data de cria\u00e7\u00e3o da Unidade de Conserva\u00e7\u00e3o como estabelece a Lei 9.985\/2000.<\/strong><\/p>\t\t\t\t\t\t\t\t<\/div>\n\t\t\t\t<\/div>\n\t\t\t\t\t<\/div>\n\t\t<\/div>\n\t\t\t\t<div class=\"elementor-column elementor-col-50 elementor-top-column elementor-element elementor-element-3ca3aec\" data-id=\"3ca3aec\" data-element_type=\"column\" data-settings=\"{&quot;background_background&quot;:&quot;classic&quot;}\">\n\t\t\t<div class=\"elementor-widget-wrap elementor-element-populated\">\n\t\t\t\t\t\t<div class=\"elementor-element elementor-element-abacec3 elementor-widget elementor-widget-heading\" data-id=\"abacec3\" data-element_type=\"widget\" data-widget_type=\"heading.default\">\n\t\t\t\t<div class=\"elementor-widget-container\">\n\t\t\t\t\t<h2 class=\"elementor-heading-title elementor-size-default\">ATIVIDADES DO OCA SOCIAL<\/h2>\t\t\t\t<\/div>\n\t\t\t\t<\/div>\n\t\t\t\t<div class=\"elementor-element elementor-element-96f2ec0 elementor-widget elementor-widget-heading\" data-id=\"96f2ec0\" data-element_type=\"widget\" data-widget_type=\"heading.default\">\n\t\t\t\t<div class=\"elementor-widget-container\">\n\t\t\t\t\t<h5 class=\"elementor-heading-title elementor-size-default\">RESEX Mocapajuba<\/h5>\t\t\t\t<\/div>\n\t\t\t\t<\/div>\n\t\t\t\t<div class=\"elementor-element elementor-element-2ad1882 elementor-widget elementor-widget-text-editor\" data-id=\"2ad1882\" data-element_type=\"widget\" data-widget_type=\"text-editor.default\">\n\t\t\t\t<div class=\"elementor-widget-container\">\n\t\t\t\t\t\t\t\t\t<p>26\/03\/2024: Apresenta\u00e7\u00e3o do projeto para lideran\u00e7as locais (Col\u00f4nia de pescadores, Secretaria de Meio Ambiente &#8211; SEMAS).<\/p><p>10\/04\/2024: Apresenta\u00e7\u00e3o do projeto para lideran\u00e7as locais da Ilha S\u00e3o Miguel.<\/p><p>11\/04\/2024: Atividades de Educa\u00e7\u00e3o Ambiental (EA) para estudantes do ensino fundamental da Ilha.<\/p><p>22\/04\/2024: Reuni\u00e3o com os pescadores e lideran\u00e7as para in\u00edcio das atividades do monitoramento.<\/p><p>23\/04\/2024: Atividades de EA para estudantes da E. M. E. F. Dr. Ricardo Chagas.<\/p><p>13\/05\/2024: Reuni\u00e3o com pescadores e lideran\u00e7as para apresenta\u00e7\u00e3o do monitoramento pesqueiro participativo e constru\u00e7\u00e3o do calend\u00e1rio de pesca.<\/p><p>06 a 09\/06\/2024: Atividades de EA em parceria com a Faculdade de Oceanografia (UFPA) para comemora\u00e7\u00e3o da semana do meio ambiente.<\/p><p>17\/06\/2024: I) Reuni\u00e3o com os pescadores para a primeira devolutiva de dados pesqueiros de automonitoramento e treinamento para medi\u00e7\u00e3o e pesagem dos peixes. II) Atividade de EA \u201cO livro dos saberes focada no reconhecimento dos ambientes pelas crian\u00e7as.<\/p><p>19\/08\/2024: I) Reuni\u00e3o com os pescadores para a devolutiva de dados pesqueiros do automonitoramento referente ao per\u00edodo chuvoso. II) Atividades de EA \u201cReconhecendo os peixes da regi\u00e3o\u201d para as crian\u00e7as. III) Oficina de capacita\u00e7\u00e3o \u201cPinturas da Ilha\u201d para o fortalecimento do grupo de mulheres da Ilha S\u00e3o Miguel.<\/p><p>05\/11\/2024: Reuni\u00e3o com os pescadores para a devolutiva de dados pesqueiros do automonitoramento referente ao per\u00edodo transicional. II) Oficina de capacita\u00e7\u00e3o \u201cConstruindo elos de fortalecimento\u201d com o grupo de mulheres da Ilha S\u00e3o Miguel.<\/p><p>31\/03\/2025: Reuni\u00e3o com os pescadores para a devolutiva de dados pesqueiros do automonitoramento referente ao per\u00edodo seco. II) Oficina de capacita\u00e7\u00e3o \u201cTransformando res\u00edduos em artes\u201d com grupo de mulheres da Ilha S\u00e3o Miguel.<\/p><p>04\/06\/2025: Atividades de EA para alunos da E. M. E. F. Raimunda Pereira Palheta para comemora\u00e7\u00e3o da semana do meio ambiente.<\/p>\t\t\t\t\t\t\t\t<\/div>\n\t\t\t\t<\/div>\n\t\t\t\t\t<\/div>\n\t\t<\/div>\n\t\t\t\t\t<\/div>\n\t\t<\/section>\n\t\t\t\t<section class=\"elementor-section elementor-top-section elementor-element elementor-element-778560d elementor-section-boxed elementor-section-height-default elementor-section-height-default\" data-id=\"778560d\" data-element_type=\"section\">\n\t\t\t\t\t\t<div class=\"elementor-container elementor-column-gap-default\">\n\t\t\t\t\t<div class=\"elementor-column elementor-col-100 elementor-top-column elementor-element elementor-element-21ec7aa\" data-id=\"21ec7aa\" data-element_type=\"column\">\n\t\t\t<div class=\"elementor-widget-wrap elementor-element-populated\">\n\t\t\t\t\t\t<div class=\"elementor-element elementor-element-6d1eae7 elementor-widget elementor-widget-heading\" data-id=\"6d1eae7\" data-element_type=\"widget\" data-widget_type=\"heading.default\">\n\t\t\t\t<div class=\"elementor-widget-container\">\n\t\t\t\t\t<h2 class=\"elementor-heading-title elementor-size-default\">CENSO MOCAPAJUBA<\/h2>\t\t\t\t<\/div>\n\t\t\t\t<\/div>\n\t\t\t\t<div class=\"elementor-element elementor-element-17e74d3 elementor-button-info elementor-widget elementor-widget-button\" data-id=\"17e74d3\" data-element_type=\"widget\" data-widget_type=\"button.default\">\n\t\t\t\t<div class=\"elementor-widget-container\">\n\t\t\t\t\t\t\t\t\t<div class=\"elementor-button-wrapper\">\n\t\t\t\t\t<a class=\"elementor-button elementor-button-link elementor-size-sm\" href=\"http:\/\/dashboard-oca.streamlit.app\">\n\t\t\t\t\t\t<span class=\"elementor-button-content-wrapper\">\n\t\t\t\t\t\t<span class=\"elementor-button-icon\">\n\t\t\t\t<i aria-hidden=\"true\" class=\"fas fa-file-import\"><\/i>\t\t\t<\/span>\n\t\t\t\t\t\t\t\t\t<span class=\"elementor-button-text\">Acessar Dashboard Interativo<\/span>\n\t\t\t\t\t<\/span>\n\t\t\t\t\t<\/a>\n\t\t\t\t<\/div>\n\t\t\t\t\t\t\t\t<\/div>\n\t\t\t\t<\/div>\n\t\t\t\t\t<\/div>\n\t\t<\/div>\n\t\t\t\t\t<\/div>\n\t\t<\/section>\n\t\t\t\t<section class=\"elementor-section elementor-top-section elementor-element elementor-element-a9e7fae elementor-section-boxed elementor-section-height-default elementor-section-height-default\" data-id=\"a9e7fae\" data-element_type=\"section\">\n\t\t\t\t\t\t<div class=\"elementor-container elementor-column-gap-default\">\n\t\t\t\t\t<div class=\"elementor-column elementor-col-100 elementor-top-column elementor-element elementor-element-8e9c4b7\" data-id=\"8e9c4b7\" data-element_type=\"column\">\n\t\t\t<div class=\"elementor-widget-wrap elementor-element-populated\">\n\t\t\t\t\t\t<div class=\"elementor-element elementor-element-d30ff4a elementor-widget elementor-widget-text-editor\" data-id=\"d30ff4a\" data-element_type=\"widget\" data-widget_type=\"text-editor.default\">\n\t\t\t\t<div class=\"elementor-widget-container\">\n\t\t\t\t\t\t\t\t\t<p><strong>Na Reserva Marinha de Mocapajuba o censo pesqueiro ocorreu de Junho de 2024 a Maio de 2025, na Ilha de S\u00e3o Miguel. Ao longo de doze meses foram registrados o total de 5.814,28 kg, destinados \u00e0 subsist\u00eancia, ao consumo comercial e outros tipos de consumo. O m\u00eas com maior registro de captura foi Junho de 2024 com 1.309,4 kg e m\u00eas com menor registro de captura foi Janeiro de 2025 com 38,63 kg. As capturas mais expressivas foram: do Peixe Espada <em>(Trichiurus lepturus)<\/em>, da Pescada G\u00f3 <em>(Macrolodon ancylodon)<\/em> e do Bandeirado <em>(Bagre bagre)<\/em>.<\/strong><\/p>\t\t\t\t\t\t\t\t<\/div>\n\t\t\t\t<\/div>\n\t\t\t\t\t<\/div>\n\t\t<\/div>\n\t\t\t\t\t<\/div>\n\t\t<\/section>\n\t\t\t\t<section class=\"elementor-section elementor-top-section elementor-element elementor-element-ae14dfb elementor-section-boxed elementor-section-height-default elementor-section-height-default\" data-id=\"ae14dfb\" data-element_type=\"section\">\n\t\t\t\t\t\t<div class=\"elementor-container elementor-column-gap-default\">\n\t\t\t\t\t<div class=\"elementor-column elementor-col-100 elementor-top-column elementor-element elementor-element-fac016d\" data-id=\"fac016d\" data-element_type=\"column\">\n\t\t\t<div class=\"elementor-widget-wrap elementor-element-populated\">\n\t\t\t\t\t\t<div class=\"elementor-element elementor-element-027cdca elementor-arrows-position-inside elementor-pagination-position-outside elementor-widget elementor-widget-image-carousel\" data-id=\"027cdca\" data-element_type=\"widget\" data-settings=\"{&quot;slides_to_show&quot;:&quot;1&quot;,&quot;navigation&quot;:&quot;both&quot;,&quot;autoplay&quot;:&quot;yes&quot;,&quot;pause_on_hover&quot;:&quot;yes&quot;,&quot;pause_on_interaction&quot;:&quot;yes&quot;,&quot;autoplay_speed&quot;:5000,&quot;infinite&quot;:&quot;yes&quot;,&quot;effect&quot;:&quot;slide&quot;,&quot;speed&quot;:500}\" data-widget_type=\"image-carousel.default\">\n\t\t\t\t<div class=\"elementor-widget-container\">\n\t\t\t\t\t\t\t<div class=\"elementor-image-carousel-wrapper swiper\" role=\"region\" aria-roledescription=\"carousel\" aria-label=\"Carrossel de imagens\" dir=\"ltr\">\n\t\t\t<div class=\"elementor-image-carousel swiper-wrapper\" aria-live=\"off\">\n\t\t\t\t\t\t\t\t<div class=\"swiper-slide\" role=\"group\" aria-roledescription=\"slide\" aria-label=\"1 de 12\"><figure class=\"swiper-slide-inner\"><img decoding=\"async\" class=\"swiper-slide-image\" src=\"https:\/\/oca.eco.br\/wp-content\/uploads\/2025\/11\/Grafico_Resex_Mocapajuba_2024_06-scaled.webp\" alt=\"Grafico Resex Mocapajuba 2024 06\" \/><\/figure><\/div><div class=\"swiper-slide\" role=\"group\" aria-roledescription=\"slide\" aria-label=\"2 de 12\"><figure class=\"swiper-slide-inner\"><img decoding=\"async\" class=\"swiper-slide-image\" src=\"https:\/\/oca.eco.br\/wp-content\/uploads\/2025\/11\/Grafico_Resex_Mocapajuba_2024_07-scaled.webp\" alt=\"Grafico Resex Mocapajuba 2024 07\" \/><\/figure><\/div><div class=\"swiper-slide\" role=\"group\" aria-roledescription=\"slide\" aria-label=\"3 de 12\"><figure class=\"swiper-slide-inner\"><img decoding=\"async\" class=\"swiper-slide-image\" src=\"https:\/\/oca.eco.br\/wp-content\/uploads\/2025\/11\/Grafico_Resex_Mocapajuba_2024_08-scaled.webp\" alt=\"Grafico Resex Mocapajuba 2024 08\" \/><\/figure><\/div><div class=\"swiper-slide\" role=\"group\" aria-roledescription=\"slide\" aria-label=\"4 de 12\"><figure class=\"swiper-slide-inner\"><img decoding=\"async\" class=\"swiper-slide-image\" src=\"https:\/\/oca.eco.br\/wp-content\/uploads\/2025\/11\/Grafico_Resex_Mocapajuba_2024_09-scaled.webp\" alt=\"Grafico Resex Mocapajuba 2024 09\" \/><\/figure><\/div><div class=\"swiper-slide\" role=\"group\" aria-roledescription=\"slide\" aria-label=\"5 de 12\"><figure class=\"swiper-slide-inner\"><img decoding=\"async\" class=\"swiper-slide-image\" src=\"https:\/\/oca.eco.br\/wp-content\/uploads\/2025\/11\/Grafico_Resex_Mocapajuba_2024_10-scaled.webp\" alt=\"Grafico Resex Mocapajuba 2024 10\" \/><\/figure><\/div><div class=\"swiper-slide\" role=\"group\" aria-roledescription=\"slide\" aria-label=\"6 de 12\"><figure class=\"swiper-slide-inner\"><img decoding=\"async\" class=\"swiper-slide-image\" src=\"https:\/\/oca.eco.br\/wp-content\/uploads\/2025\/11\/Grafico_Resex_Mocapajuba_2024_11-scaled.webp\" alt=\"Grafico Resex Mocapajuba 2024 11\" \/><\/figure><\/div><div class=\"swiper-slide\" role=\"group\" aria-roledescription=\"slide\" aria-label=\"7 de 12\"><figure class=\"swiper-slide-inner\"><img decoding=\"async\" class=\"swiper-slide-image\" src=\"https:\/\/oca.eco.br\/wp-content\/uploads\/2025\/11\/Grafico_Resex_Mocapajuba_2024_12-scaled.webp\" alt=\"Grafico Resex Mocapajuba 2024 12\" \/><\/figure><\/div><div class=\"swiper-slide\" role=\"group\" aria-roledescription=\"slide\" aria-label=\"8 de 12\"><figure class=\"swiper-slide-inner\"><img decoding=\"async\" class=\"swiper-slide-image\" src=\"https:\/\/oca.eco.br\/wp-content\/uploads\/2025\/11\/Grafico_Resex_Mocapajuba_2025_01-scaled.webp\" alt=\"Grafico Resex Mocapajuba 2025 01\" \/><\/figure><\/div><div class=\"swiper-slide\" role=\"group\" aria-roledescription=\"slide\" aria-label=\"9 de 12\"><figure class=\"swiper-slide-inner\"><img decoding=\"async\" class=\"swiper-slide-image\" src=\"https:\/\/oca.eco.br\/wp-content\/uploads\/2025\/11\/Grafico_Resex_Mocapajuba_2025_02-scaled.webp\" alt=\"Grafico Resex Mocapajuba 2025 02\" \/><\/figure><\/div><div class=\"swiper-slide\" role=\"group\" aria-roledescription=\"slide\" aria-label=\"10 de 12\"><figure class=\"swiper-slide-inner\"><img decoding=\"async\" class=\"swiper-slide-image\" src=\"https:\/\/oca.eco.br\/wp-content\/uploads\/2025\/11\/Grafico_Resex_Mocapajuba_2025_03-scaled.webp\" alt=\"Grafico Resex Mocapajuba 2025 03\" \/><\/figure><\/div><div class=\"swiper-slide\" role=\"group\" aria-roledescription=\"slide\" aria-label=\"11 de 12\"><figure class=\"swiper-slide-inner\"><img decoding=\"async\" class=\"swiper-slide-image\" src=\"https:\/\/oca.eco.br\/wp-content\/uploads\/2025\/11\/Grafico_Resex_Mocapajuba_2025_04-scaled.webp\" alt=\"Grafico Resex Mocapajuba 2025 04\" \/><\/figure><\/div><div class=\"swiper-slide\" role=\"group\" aria-roledescription=\"slide\" aria-label=\"12 de 12\"><figure class=\"swiper-slide-inner\"><img decoding=\"async\" class=\"swiper-slide-image\" src=\"https:\/\/oca.eco.br\/wp-content\/uploads\/2025\/11\/Grafico_Resex_Mocapajuba_2025_05-scaled.webp\" alt=\"Grafico Resex Mocapajuba 2025 05\" \/><\/figure><\/div>\t\t\t<\/div>\n\t\t\t\t\t\t\t\t\t\t\t\t<div class=\"elementor-swiper-button elementor-swiper-button-prev\" role=\"button\" tabindex=\"0\">\n\t\t\t\t\t\t<i aria-hidden=\"true\" class=\"eicon-chevron-left\"><\/i>\t\t\t\t\t<\/div>\n\t\t\t\t\t<div class=\"elementor-swiper-button elementor-swiper-button-next\" role=\"button\" tabindex=\"0\">\n\t\t\t\t\t\t<i aria-hidden=\"true\" class=\"eicon-chevron-right\"><\/i>\t\t\t\t\t<\/div>\n\t\t\t\t\n\t\t\t\t\t\t\t\t\t<div class=\"swiper-pagination\"><\/div>\n\t\t\t\t\t\t\t\t\t<\/div>\n\t\t\t\t\t\t<\/div>\n\t\t\t\t<\/div>\n\t\t\t\t\t<\/div>\n\t\t<\/div>\n\t\t\t\t\t<\/div>\n\t\t<\/section>\n\t\t\t\t<\/div>\n\t\t","protected":false},"excerpt":{"rendered":"<p>RESERVA EXTRATIVISTA MARINHA DE MOCAPAJUBA \u00a0 \u00a0 \u00a0 A Reserva Extrativista Marinha de Mocapajuba foi criada mediante o Decreto S\/N, em 10 de outubro de 2014 e est\u00e1 localizada no munic\u00edpio de S\u00e3o Caetano de Odivelas, estado do Par\u00e1. \u00a0 Possui uma \u00e1rea de aproximadamente 21.028 hectares, sendo, destes, 9.228 hectares cobertos por manguezais, representando[&hellip;]<\/p>\n","protected":false},"author":1,"featured_media":0,"parent":0,"menu_order":0,"comment_status":"closed","ping_status":"closed","template":"elementor_header_footer","meta":{"zakra_general_container_width":0,"zakra_general_content_width":0,"zakra_general_sidebar_width":0,"zakra_sticky_header":"customizer","zakra_header_main_area":true,"zakra_site_logo_width":0,"zakra_header_top_enabled":"customizer","zakra_header_top_style":"customizer","zakra_primary_menu_item_style":"customizer","zakra_page_header_text_color":"","zakra_page_header_layout":"customizer","zakra_page_title_bg":"","zakra_footer_widgets_bg_image":0,"zakra_page_title_bg_repeat":"customizer","zakra_page_title_bg_position":"customizer","zakra_page_title_bg_size":"customizer","zakra_page_title_bg_attachment":"customizer","zakra_breadcrumbs_enabled":"customizer","zakra_breadcrumbs_text_color":"","zakra_breadcrumbs_separator_color":"","zakra_breadcrumbs_link_color":"","zakra_breadcrumbs_link_hover_color":"","zakra_page_title_bg_image":0,"zakra_footer_widgets_enabled":"customizer","zakra_footer_column_layout_1_style":"customizer","zakra_footer_widgets_bg":"","zakra_footer_widgets_bg_repeat":"customizer","zakra_footer_widgets_bg_position":"customizer","zakra_footer_widgets_bg_size":"customizer","zakra_footer_widgets_bg_attachment":"customizer","zakra_footer_bar_enabled":"customizer","zakra_footer_bar_style":"customizer","zakra_page_container_layout":"customizer","zakra_page_sidebar_layout":"customizer","zakra_remove_content_margin":false,"zakra_sidebar":"customizer","zakra_transparent_header":"customizer","zakra_logo":0,"zakra_main_header_style":"default","zakra_menu_item_color":"","zakra_menu_item_hover_color":"","zakra_menu_item_active_color":"","zakra_menu_active_style":"","zakra_page_header":false,"footnotes":""},"class_list":["post-5994","page","type-page","status-publish","hentry"],"_links":{"self":[{"href":"https:\/\/oca.eco.br\/pt_br\/wp-json\/wp\/v2\/pages\/5994","targetHints":{"allow":["GET"]}}],"collection":[{"href":"https:\/\/oca.eco.br\/pt_br\/wp-json\/wp\/v2\/pages"}],"about":[{"href":"https:\/\/oca.eco.br\/pt_br\/wp-json\/wp\/v2\/types\/page"}],"author":[{"embeddable":true,"href":"https:\/\/oca.eco.br\/pt_br\/wp-json\/wp\/v2\/users\/1"}],"replies":[{"embeddable":true,"href":"https:\/\/oca.eco.br\/pt_br\/wp-json\/wp\/v2\/comments?post=5994"}],"version-history":[{"count":77,"href":"https:\/\/oca.eco.br\/pt_br\/wp-json\/wp\/v2\/pages\/5994\/revisions"}],"predecessor-version":[{"id":9359,"href":"https:\/\/oca.eco.br\/pt_br\/wp-json\/wp\/v2\/pages\/5994\/revisions\/9359"}],"wp:attachment":[{"href":"https:\/\/oca.eco.br\/pt_br\/wp-json\/wp\/v2\/media?parent=5994"}],"curies":[{"name":"wp","href":"https:\/\/api.w.org\/{rel}","templated":true}]}}