{"id":5999,"date":"2024-06-12T10:45:41","date_gmt":"2024-06-12T13:45:41","guid":{"rendered":"https:\/\/oca.eco.br\/?page_id=5999"},"modified":"2025-11-24T19:37:52","modified_gmt":"2025-11-24T22:37:52","slug":"resex-arapiranga-tromai","status":"publish","type":"page","link":"https:\/\/oca.eco.br\/pt_br\/resex-arapiranga-tromai\/","title":{"rendered":"RESEX Arapiranga-Tromai"},"content":{"rendered":"\t\t<div data-elementor-type=\"wp-page\" data-elementor-id=\"5999\" class=\"elementor elementor-5999\" data-elementor-post-type=\"page\">\n\t\t\t\t\t\t<section class=\"elementor-section elementor-top-section elementor-element elementor-element-6fae895 elementor-section-content-top elementor-section-boxed elementor-section-height-default elementor-section-height-default\" data-id=\"6fae895\" data-element_type=\"section\">\n\t\t\t\t\t\t<div class=\"elementor-container elementor-column-gap-no\">\n\t\t\t\t\t<div class=\"elementor-column elementor-col-50 elementor-top-column elementor-element elementor-element-3a2f37e\" data-id=\"3a2f37e\" data-element_type=\"column\">\n\t\t\t<div class=\"elementor-widget-wrap elementor-element-populated\">\n\t\t\t\t\t\t<div class=\"elementor-element elementor-element-3bae52d elementor-widget elementor-widget-heading\" data-id=\"3bae52d\" data-element_type=\"widget\" data-widget_type=\"heading.default\">\n\t\t\t\t<div class=\"elementor-widget-container\">\n\t\t\t\t\t<h2 class=\"elementor-heading-title elementor-size-default\">RESERVA EXTRATIVISTA ARAPIRANGA TROMAI<\/h2>\t\t\t\t<\/div>\n\t\t\t\t<\/div>\n\t\t\t\t<div class=\"elementor-element elementor-element-5ce996b elementor-widget elementor-widget-text-editor\" data-id=\"5ce996b\" data-element_type=\"widget\" data-widget_type=\"text-editor.default\">\n\t\t\t\t<div class=\"elementor-widget-container\">\n\t\t\t\t\t\t\t\t\t<p>\u00a0<\/p><p>\u00a0<\/p>\t\t\t\t\t\t\t\t<\/div>\n\t\t\t\t<\/div>\n\t\t\t\t<div class=\"elementor-element elementor-element-8ebb9ad elementor-widget elementor-widget-image\" data-id=\"8ebb9ad\" data-element_type=\"widget\" data-widget_type=\"image.default\">\n\t\t\t\t<div class=\"elementor-widget-container\">\n\t\t\t\t\t\t\t\t\t\t\t\t\t\t\t<img fetchpriority=\"high\" decoding=\"async\" width=\"5759\" height=\"3816\" src=\"https:\/\/oca.eco.br\/wp-content\/uploads\/2024\/06\/Resex_arapiranga_tromai.png\" class=\"attachment-full size-full wp-image-6215\" alt=\"\" srcset=\"https:\/\/oca.eco.br\/wp-content\/uploads\/2024\/06\/Resex_arapiranga_tromai.png 5759w, https:\/\/oca.eco.br\/wp-content\/uploads\/2024\/06\/Resex_arapiranga_tromai-300x199.png 300w, https:\/\/oca.eco.br\/wp-content\/uploads\/2024\/06\/Resex_arapiranga_tromai-1024x679.png 1024w, https:\/\/oca.eco.br\/wp-content\/uploads\/2024\/06\/Resex_arapiranga_tromai-768x509.png 768w, https:\/\/oca.eco.br\/wp-content\/uploads\/2024\/06\/Resex_arapiranga_tromai-1536x1018.png 1536w, https:\/\/oca.eco.br\/wp-content\/uploads\/2024\/06\/Resex_arapiranga_tromai-2048x1357.png 2048w, https:\/\/oca.eco.br\/wp-content\/uploads\/2024\/06\/Resex_arapiranga_tromai-18x12.png 18w\" sizes=\"(max-width: 5759px) 100vw, 5759px\" \/>\t\t\t\t\t\t\t\t\t\t\t\t\t\t\t<\/div>\n\t\t\t\t<\/div>\n\t\t\t\t<div class=\"elementor-element elementor-element-100bca2 elementor-widget elementor-widget-text-editor\" data-id=\"100bca2\" data-element_type=\"widget\" data-widget_type=\"text-editor.default\">\n\t\t\t\t<div class=\"elementor-widget-container\">\n\t\t\t\t\t\t\t\t\t<p><strong>A\u00a0Reserva Extrativista Arapiranga Tromai foi criada mediante o Decreto n\u00ba 9.339, em 5 de abril de 2018 e est\u00e1 localizada na regi\u00e3o conhecida como\u00a0Reentr\u00e2ncias Maranhenses, no litoral\u00a0amaz\u00f4nico\u00a0maranhense, e uma das regi\u00f5es mais ricas em\u00a0manguezais\u00a0do pa\u00eds, ocupando 15,48% do munic\u00edpio de Carutapera e 3,31% de Lu\u00eds Domingues.<\/strong><\/p>\t\t\t\t\t\t\t\t<\/div>\n\t\t\t\t<\/div>\n\t\t\t\t<div class=\"elementor-element elementor-element-51806a8 elementor-widget elementor-widget-image\" data-id=\"51806a8\" data-element_type=\"widget\" data-widget_type=\"image.default\">\n\t\t\t\t<div class=\"elementor-widget-container\">\n\t\t\t\t\t\t\t\t\t\t\t\t\t\t\t<img decoding=\"async\" width=\"880\" height=\"587\" src=\"https:\/\/oca.eco.br\/wp-content\/uploads\/2025\/10\/praia-de-sao-pedro_arapiranga1-1024x683.jpg\" class=\"attachment-large size-large wp-image-8888\" alt=\"\" srcset=\"https:\/\/oca.eco.br\/wp-content\/uploads\/2025\/10\/praia-de-sao-pedro_arapiranga1-1024x683.jpg 1024w, https:\/\/oca.eco.br\/wp-content\/uploads\/2025\/10\/praia-de-sao-pedro_arapiranga1-300x200.jpg 300w, https:\/\/oca.eco.br\/wp-content\/uploads\/2025\/10\/praia-de-sao-pedro_arapiranga1-768x512.jpg 768w, https:\/\/oca.eco.br\/wp-content\/uploads\/2025\/10\/praia-de-sao-pedro_arapiranga1-1536x1024.jpg 1536w, https:\/\/oca.eco.br\/wp-content\/uploads\/2025\/10\/praia-de-sao-pedro_arapiranga1-2048x1365.jpg 2048w, https:\/\/oca.eco.br\/wp-content\/uploads\/2025\/10\/praia-de-sao-pedro_arapiranga1-18x12.jpg 18w\" sizes=\"(max-width: 880px) 100vw, 880px\" \/>\t\t\t\t\t\t\t\t\t\t\t\t\t\t\t<\/div>\n\t\t\t\t<\/div>\n\t\t\t\t<div class=\"elementor-element elementor-element-d6c6d7a elementor-widget elementor-widget-text-editor\" data-id=\"d6c6d7a\" data-element_type=\"widget\" data-widget_type=\"text-editor.default\">\n\t\t\t\t<div class=\"elementor-widget-container\">\n\t\t\t\t\t\t\t\t\t<p><strong>Possui uma \u00e1rea total de 186.908 hectares, caracterizada por uma costa sinuosa formada por ba\u00edas rasas e estu\u00e1rios separados por pen\u00ednsulas lamosas cobertas por mangue. Essas \u00e1reas apresentam grande diversidade, sendo consideradas ber\u00e7\u00e1rio para a maioria das esp\u00e9cies pesqueiras de valor comercial. No local, h\u00e1 grande presen\u00e7a de popula\u00e7\u00f5es tradicionais, com potencialidade para a pesca e o extrativismo sustent\u00e1vel, artesanato, cultura popular e ecoturismo comunit\u00e1rio e sustent\u00e1vel.<\/strong><\/p><p><strong>Apesar de institu\u00edda em 2018, a RESEX Arapiranga Tromai ainda n\u00e3o possui plano de manejo, e este, segundo o SNUC (Sistema Nacional de Unidades de Conserva\u00e7\u00e3o da Natureza), deve ser elaborado no prazo de 5 anos a partir da data de cria\u00e7\u00e3o da Unidade de Conserva\u00e7\u00e3o como estabelece a Lei 9.985\/2000.<\/strong><\/p>\t\t\t\t\t\t\t\t<\/div>\n\t\t\t\t<\/div>\n\t\t\t\t\t<\/div>\n\t\t<\/div>\n\t\t\t\t<div class=\"elementor-column elementor-col-50 elementor-top-column elementor-element elementor-element-431d430\" data-id=\"431d430\" data-element_type=\"column\" data-settings=\"{&quot;background_background&quot;:&quot;classic&quot;}\">\n\t\t\t<div class=\"elementor-widget-wrap elementor-element-populated\">\n\t\t\t\t\t\t<div class=\"elementor-element elementor-element-d3d54a8 elementor-widget elementor-widget-heading\" data-id=\"d3d54a8\" data-element_type=\"widget\" data-widget_type=\"heading.default\">\n\t\t\t\t<div class=\"elementor-widget-container\">\n\t\t\t\t\t<h2 class=\"elementor-heading-title elementor-size-default\">ATIVIDADES DO OCA SOCIAL<\/h2>\t\t\t\t<\/div>\n\t\t\t\t<\/div>\n\t\t\t\t<div class=\"elementor-element elementor-element-f12482c elementor-widget elementor-widget-heading\" data-id=\"f12482c\" data-element_type=\"widget\" data-widget_type=\"heading.default\">\n\t\t\t\t<div class=\"elementor-widget-container\">\n\t\t\t\t\t<h5 class=\"elementor-heading-title elementor-size-default\">RESEX Arapiranga Tromai<\/h5>\t\t\t\t<\/div>\n\t\t\t\t<\/div>\n\t\t\t\t<div class=\"elementor-element elementor-element-01275c4 elementor-widget elementor-widget-text-editor\" data-id=\"01275c4\" data-element_type=\"widget\" data-widget_type=\"text-editor.default\">\n\t\t\t\t<div class=\"elementor-widget-container\">\n\t\t\t\t\t\t\t\t\t<p style=\"text-align: justify\"><br \/>02 &#8211; 03 \/09\/2024: I) Apresenta\u00e7\u00e3o do projeto para lideran\u00e7as locais e reuni\u00e3o com os pescadores das comunidades Praia de S\u00e3o Pedro (02\/09) e Ilha de Fora (03\/09) para in\u00edcio das atividades do monitoramento. II) Desenvolvimento de atividades de Educa\u00e7\u00e3o Ambiental (EA) em ambas as comunidades, voltadas \u00e0s crian\u00e7as das escolas, com o tema: \u201cRESEX &#8211; sua import\u00e2ncia e boas pr\u00e1ticas\u201d.<\/p><p style=\"text-align: justify\">04\/09\/2024: Apresenta\u00e7\u00e3o do projeto para lideran\u00e7as locais e reuni\u00e3o com os pescadores do munic\u00edpio Carutapera para in\u00edcio das atividades do monitoramento.<\/p><p style=\"text-align: justify\">25 &#8211; 27 \/11\/2024: I) Reuni\u00e3o com os pescadores da comunidade Ilha de Fora (25\/11), munic\u00edpio de Carutapera (26\/11) e comunidade Praia de S\u00e3o Pedro (27\/11) para devolutiva de dados pesqueiros do automonitoramento referente ao per\u00edodo transicional. II) Oficina de capacita\u00e7\u00e3o \u201cConstruindo elos de fortalecimento\u201d com o grupo de mulheres das comunidades Ilha de Fora e Praia de S\u00e3o Pedro e munic\u00edpio de Carutapera.<\/p><p style=\"text-align: justify\">26\/11\/2024: Atividades de Educa\u00e7\u00e3o Ambiental (EA) com a turma de recursos pesqueiros do Instituto Estadual de Educa\u00e7\u00e3o, Ci\u00eancia e Tecnologia do Maranh\u00e3o (IEMA): \u201cApresenta\u00e7\u00e3o do projeto OCA\u201d.<\/p><p style=\"text-align: justify\">23 &#8211; 25 \/04\/2025: Reuni\u00e3o com os pescadores das comunidades Ilha de Fora (23\/04) e Praia de S\u00e3o Pedro (24\/04) e munic\u00edpio de Carutapera (25\/04) para a devolutiva de dados pesqueiros do automonitoramento referente ao per\u00edodo seco.<\/p>\t\t\t\t\t\t\t\t<\/div>\n\t\t\t\t<\/div>\n\t\t\t\t\t<\/div>\n\t\t<\/div>\n\t\t\t\t\t<\/div>\n\t\t<\/section>\n\t\t\t\t<section class=\"elementor-section elementor-top-section elementor-element elementor-element-ec1a642 elementor-section-boxed elementor-section-height-default elementor-section-height-default\" data-id=\"ec1a642\" data-element_type=\"section\">\n\t\t\t\t\t\t<div class=\"elementor-container elementor-column-gap-default\">\n\t\t\t\t\t<div class=\"elementor-column elementor-col-100 elementor-top-column elementor-element elementor-element-849f2f0\" data-id=\"849f2f0\" data-element_type=\"column\">\n\t\t\t<div class=\"elementor-widget-wrap elementor-element-populated\">\n\t\t\t\t\t\t<div class=\"elementor-element elementor-element-8a593fc elementor-widget elementor-widget-heading\" data-id=\"8a593fc\" data-element_type=\"widget\" data-widget_type=\"heading.default\">\n\t\t\t\t<div class=\"elementor-widget-container\">\n\t\t\t\t\t<h2 class=\"elementor-heading-title elementor-size-default\">CENSO ARAPIRANGA-TROMA\u00cd<\/h2>\t\t\t\t<\/div>\n\t\t\t\t<\/div>\n\t\t\t\t<div class=\"elementor-element elementor-element-4f89f7e elementor-button-info elementor-widget elementor-widget-button\" data-id=\"4f89f7e\" data-element_type=\"widget\" data-widget_type=\"button.default\">\n\t\t\t\t<div class=\"elementor-widget-container\">\n\t\t\t\t\t\t\t\t\t<div class=\"elementor-button-wrapper\">\n\t\t\t\t\t<a class=\"elementor-button elementor-button-link elementor-size-sm\" href=\"http:\/\/dashboard-oca.streamlit.app\">\n\t\t\t\t\t\t<span class=\"elementor-button-content-wrapper\">\n\t\t\t\t\t\t<span class=\"elementor-button-icon\">\n\t\t\t\t<i aria-hidden=\"true\" class=\"fas fa-file-import\"><\/i>\t\t\t<\/span>\n\t\t\t\t\t\t\t\t\t<span class=\"elementor-button-text\">Acessar Dashboard Interativo<\/span>\n\t\t\t\t\t<\/span>\n\t\t\t\t\t<\/a>\n\t\t\t\t<\/div>\n\t\t\t\t\t\t\t\t<\/div>\n\t\t\t\t<\/div>\n\t\t\t\t\t<\/div>\n\t\t<\/div>\n\t\t\t\t\t<\/div>\n\t\t<\/section>\n\t\t\t\t<section class=\"elementor-section elementor-top-section elementor-element elementor-element-a88d609 elementor-section-boxed elementor-section-height-default elementor-section-height-default\" data-id=\"a88d609\" data-element_type=\"section\">\n\t\t\t\t\t\t<div class=\"elementor-container elementor-column-gap-default\">\n\t\t\t\t\t<div class=\"elementor-column elementor-col-100 elementor-top-column elementor-element elementor-element-46cc087\" data-id=\"46cc087\" data-element_type=\"column\">\n\t\t\t<div class=\"elementor-widget-wrap elementor-element-populated\">\n\t\t\t\t\t\t<div class=\"elementor-element elementor-element-268f6d7 elementor-widget elementor-widget-text-editor\" data-id=\"268f6d7\" data-element_type=\"widget\" data-widget_type=\"text-editor.default\">\n\t\t\t\t<div class=\"elementor-widget-container\">\n\t\t\t\t\t\t\t\t\t<strong>Na Reserva Extrativista Marinha Arapiranga-Troma\u00ed o censo pesqueiro ocorreu de Setembro de 2024 a Maio de 2025 nas comunidades: Carutapera, Praia de S\u00e3o Pedro e Ilha de Fora. Ao longo de nove meses foram registradas o total de 45.819,29 kg de pescado, destinados \u00e0 subsist\u00eancia familiar, ao consumo comercial e outros tipos de consumo. O m\u00eas com o menor registro de captura foi Novembro de 2024 com 1.673,1 kg e o m\u00eas com o maior registro de captura foi Maio de 2025 com 9.652,5 kg. As capturas mais expressivas foram: da Pescada Amarela <em>(Cynoscion acoupa)<\/em>, da Pescada G\u00f3 <em>(Macrolodon ancylodon)<\/em> e da Corvina <em>(Cynoscion microlepidotus)<\/em>.<\/strong>\t\t\t\t\t\t\t\t<\/div>\n\t\t\t\t<\/div>\n\t\t\t\t\t<\/div>\n\t\t<\/div>\n\t\t\t\t\t<\/div>\n\t\t<\/section>\n\t\t\t\t<section class=\"elementor-section elementor-top-section elementor-element elementor-element-aee62fd elementor-section-boxed elementor-section-height-default elementor-section-height-default\" data-id=\"aee62fd\" data-element_type=\"section\">\n\t\t\t\t\t\t<div class=\"elementor-container elementor-column-gap-default\">\n\t\t\t\t\t<div class=\"elementor-column elementor-col-100 elementor-top-column elementor-element elementor-element-a51726a\" data-id=\"a51726a\" data-element_type=\"column\">\n\t\t\t<div class=\"elementor-widget-wrap elementor-element-populated\">\n\t\t\t\t\t\t<div class=\"elementor-element elementor-element-8218cb1 elementor-arrows-position-inside elementor-pagination-position-outside elementor-widget elementor-widget-image-carousel\" data-id=\"8218cb1\" data-element_type=\"widget\" data-settings=\"{&quot;slides_to_show&quot;:&quot;1&quot;,&quot;navigation&quot;:&quot;both&quot;,&quot;autoplay&quot;:&quot;yes&quot;,&quot;pause_on_hover&quot;:&quot;yes&quot;,&quot;pause_on_interaction&quot;:&quot;yes&quot;,&quot;autoplay_speed&quot;:5000,&quot;infinite&quot;:&quot;yes&quot;,&quot;effect&quot;:&quot;slide&quot;,&quot;speed&quot;:500}\" data-widget_type=\"image-carousel.default\">\n\t\t\t\t<div class=\"elementor-widget-container\">\n\t\t\t\t\t\t\t<div class=\"elementor-image-carousel-wrapper swiper\" role=\"region\" aria-roledescription=\"carousel\" aria-label=\"Carrossel de imagens\" dir=\"ltr\">\n\t\t\t<div class=\"elementor-image-carousel swiper-wrapper\" aria-live=\"off\">\n\t\t\t\t\t\t\t\t<div class=\"swiper-slide\" role=\"group\" aria-roledescription=\"slide\" aria-label=\"1 de 9\"><figure class=\"swiper-slide-inner\"><img decoding=\"async\" class=\"swiper-slide-image\" src=\"https:\/\/oca.eco.br\/wp-content\/uploads\/2025\/11\/Grafico_Resex_Arapiranga_Tromai_2024_09-scaled.webp\" alt=\"Grafico Resex Arapiranga Troma\u00ed 2024 09\" \/><\/figure><\/div><div class=\"swiper-slide\" role=\"group\" aria-roledescription=\"slide\" aria-label=\"2 de 9\"><figure class=\"swiper-slide-inner\"><img decoding=\"async\" class=\"swiper-slide-image\" src=\"https:\/\/oca.eco.br\/wp-content\/uploads\/2025\/11\/Grafico_Resex_Arapiranga_Tromai_2024_10-scaled.webp\" alt=\"Grafico Resex Arapiranga Troma\u00ed 2024 10\" \/><\/figure><\/div><div class=\"swiper-slide\" role=\"group\" aria-roledescription=\"slide\" aria-label=\"3 de 9\"><figure class=\"swiper-slide-inner\"><img decoding=\"async\" class=\"swiper-slide-image\" src=\"https:\/\/oca.eco.br\/wp-content\/uploads\/2025\/11\/Grafico_Resex_Arapiranga_Tromai_2024_11-scaled.webp\" alt=\"Grafico Resex Arapiranga Troma\u00ed 2024 11\" \/><\/figure><\/div><div class=\"swiper-slide\" role=\"group\" aria-roledescription=\"slide\" aria-label=\"4 de 9\"><figure class=\"swiper-slide-inner\"><img decoding=\"async\" class=\"swiper-slide-image\" src=\"https:\/\/oca.eco.br\/wp-content\/uploads\/2025\/11\/Grafico_Resex_Arapiranga_Tromai_2024_12-scaled.webp\" alt=\"Grafico Resex Arapiranga Troma\u00ed 2024 12\" \/><\/figure><\/div><div class=\"swiper-slide\" role=\"group\" aria-roledescription=\"slide\" aria-label=\"5 de 9\"><figure class=\"swiper-slide-inner\"><img decoding=\"async\" class=\"swiper-slide-image\" src=\"https:\/\/oca.eco.br\/wp-content\/uploads\/2025\/11\/Grafico_Resex_Arapiranga_Tromai_2025_01-scaled.webp\" alt=\"Grafico Resex Arapiranga Troma\u00ed 2025 01\" \/><\/figure><\/div><div class=\"swiper-slide\" role=\"group\" aria-roledescription=\"slide\" aria-label=\"6 de 9\"><figure class=\"swiper-slide-inner\"><img decoding=\"async\" class=\"swiper-slide-image\" src=\"https:\/\/oca.eco.br\/wp-content\/uploads\/2025\/11\/Grafico_Resex_Arapiranga_Tromai_2025_02-scaled.webp\" alt=\"Grafico Resex Arapiranga Troma\u00ed 2025 02\" \/><\/figure><\/div><div class=\"swiper-slide\" role=\"group\" aria-roledescription=\"slide\" aria-label=\"7 de 9\"><figure class=\"swiper-slide-inner\"><img decoding=\"async\" class=\"swiper-slide-image\" src=\"https:\/\/oca.eco.br\/wp-content\/uploads\/2025\/11\/Grafico_Resex_Arapiranga_Tromai_2025_03-scaled.webp\" alt=\"Grafico Resex Arapiranga Troma\u00ed 2025 03\" \/><\/figure><\/div><div class=\"swiper-slide\" role=\"group\" aria-roledescription=\"slide\" aria-label=\"8 de 9\"><figure class=\"swiper-slide-inner\"><img decoding=\"async\" class=\"swiper-slide-image\" src=\"https:\/\/oca.eco.br\/wp-content\/uploads\/2025\/11\/Grafico_Resex_Arapiranga_Tromai_2025_04-scaled.webp\" alt=\"Grafico Resex Arapiranga Troma\u00ed 2025 04\" \/><\/figure><\/div><div class=\"swiper-slide\" role=\"group\" aria-roledescription=\"slide\" aria-label=\"9 de 9\"><figure class=\"swiper-slide-inner\"><img decoding=\"async\" class=\"swiper-slide-image\" src=\"https:\/\/oca.eco.br\/wp-content\/uploads\/2025\/11\/Grafico_Resex_Arapiranga_Tromai_2025_05-scaled.webp\" alt=\"Grafico Resex Arapiranga Troma\u00ed 2025 05\" \/><\/figure><\/div>\t\t\t<\/div>\n\t\t\t\t\t\t\t\t\t\t\t\t<div class=\"elementor-swiper-button elementor-swiper-button-prev\" role=\"button\" tabindex=\"0\">\n\t\t\t\t\t\t<i aria-hidden=\"true\" class=\"eicon-chevron-left\"><\/i>\t\t\t\t\t<\/div>\n\t\t\t\t\t<div class=\"elementor-swiper-button elementor-swiper-button-next\" role=\"button\" tabindex=\"0\">\n\t\t\t\t\t\t<i aria-hidden=\"true\" class=\"eicon-chevron-right\"><\/i>\t\t\t\t\t<\/div>\n\t\t\t\t\n\t\t\t\t\t\t\t\t\t<div class=\"swiper-pagination\"><\/div>\n\t\t\t\t\t\t\t\t\t<\/div>\n\t\t\t\t\t\t<\/div>\n\t\t\t\t<\/div>\n\t\t\t\t\t<\/div>\n\t\t<\/div>\n\t\t\t\t\t<\/div>\n\t\t<\/section>\n\t\t\t\t<\/div>\n\t\t","protected":false},"excerpt":{"rendered":"<p>RESERVA EXTRATIVISTA ARAPIRANGA TROMAI \u00a0 \u00a0 A\u00a0Reserva Extrativista Arapiranga Tromai foi criada mediante o Decreto n\u00ba 9.339, em 5 de abril de 2018 e est\u00e1 localizada na regi\u00e3o conhecida como\u00a0Reentr\u00e2ncias Maranhenses, no litoral\u00a0amaz\u00f4nico\u00a0maranhense, e uma das regi\u00f5es mais ricas em\u00a0manguezais\u00a0do pa\u00eds, ocupando 15,48% do munic\u00edpio de Carutapera e 3,31% de Lu\u00eds Domingues. Possui uma \u00e1rea[&hellip;]<\/p>\n","protected":false},"author":1,"featured_media":0,"parent":0,"menu_order":0,"comment_status":"closed","ping_status":"closed","template":"elementor_header_footer","meta":{"zakra_general_container_width":0,"zakra_general_content_width":0,"zakra_general_sidebar_width":0,"zakra_sticky_header":"customizer","zakra_header_main_area":true,"zakra_site_logo_width":0,"zakra_header_top_enabled":"customizer","zakra_header_top_style":"customizer","zakra_primary_menu_item_style":"customizer","zakra_page_header_text_color":"","zakra_page_header_layout":"customizer","zakra_page_title_bg":"","zakra_footer_widgets_bg_image":0,"zakra_page_title_bg_repeat":"customizer","zakra_page_title_bg_position":"customizer","zakra_page_title_bg_size":"customizer","zakra_page_title_bg_attachment":"customizer","zakra_breadcrumbs_enabled":"customizer","zakra_breadcrumbs_text_color":"","zakra_breadcrumbs_separator_color":"","zakra_breadcrumbs_link_color":"","zakra_breadcrumbs_link_hover_color":"","zakra_page_title_bg_image":0,"zakra_footer_widgets_enabled":"customizer","zakra_footer_column_layout_1_style":"customizer","zakra_footer_widgets_bg":"","zakra_footer_widgets_bg_repeat":"customizer","zakra_footer_widgets_bg_position":"customizer","zakra_footer_widgets_bg_size":"customizer","zakra_footer_widgets_bg_attachment":"customizer","zakra_footer_bar_enabled":"customizer","zakra_footer_bar_style":"customizer","zakra_page_container_layout":"customizer","zakra_page_sidebar_layout":"customizer","zakra_remove_content_margin":false,"zakra_sidebar":"customizer","zakra_transparent_header":"customizer","zakra_logo":0,"zakra_main_header_style":"default","zakra_menu_item_color":"","zakra_menu_item_hover_color":"","zakra_menu_item_active_color":"","zakra_menu_active_style":"","zakra_page_header":false,"footnotes":""},"class_list":["post-5999","page","type-page","status-publish","hentry"],"_links":{"self":[{"href":"https:\/\/oca.eco.br\/pt_br\/wp-json\/wp\/v2\/pages\/5999","targetHints":{"allow":["GET"]}}],"collection":[{"href":"https:\/\/oca.eco.br\/pt_br\/wp-json\/wp\/v2\/pages"}],"about":[{"href":"https:\/\/oca.eco.br\/pt_br\/wp-json\/wp\/v2\/types\/page"}],"author":[{"embeddable":true,"href":"https:\/\/oca.eco.br\/pt_br\/wp-json\/wp\/v2\/users\/1"}],"replies":[{"embeddable":true,"href":"https:\/\/oca.eco.br\/pt_br\/wp-json\/wp\/v2\/comments?post=5999"}],"version-history":[{"count":125,"href":"https:\/\/oca.eco.br\/pt_br\/wp-json\/wp\/v2\/pages\/5999\/revisions"}],"predecessor-version":[{"id":9329,"href":"https:\/\/oca.eco.br\/pt_br\/wp-json\/wp\/v2\/pages\/5999\/revisions\/9329"}],"wp:attachment":[{"href":"https:\/\/oca.eco.br\/pt_br\/wp-json\/wp\/v2\/media?parent=5999"}],"curies":[{"name":"wp","href":"https:\/\/api.w.org\/{rel}","templated":true}]}}