{"id":6007,"date":"2024-06-12T10:48:49","date_gmt":"2024-06-12T13:48:49","guid":{"rendered":"https:\/\/oca.eco.br\/?page_id=6007"},"modified":"2026-02-23T16:03:09","modified_gmt":"2026-02-23T19:03:09","slug":"resex-itapetininga","status":"publish","type":"page","link":"https:\/\/oca.eco.br\/pt_br\/resex-itapetininga\/","title":{"rendered":"RESEX Itapetininga"},"content":{"rendered":"\t\t<div data-elementor-type=\"wp-page\" data-elementor-id=\"6007\" class=\"elementor elementor-6007\" data-elementor-post-type=\"page\">\n\t\t\t\t\t\t<section class=\"elementor-section elementor-top-section elementor-element elementor-element-9ac8305 elementor-section-content-top elementor-section-boxed elementor-section-height-default elementor-section-height-default\" data-id=\"9ac8305\" data-element_type=\"section\">\n\t\t\t\t\t\t<div class=\"elementor-container elementor-column-gap-no\">\n\t\t\t\t\t<div class=\"elementor-column elementor-col-50 elementor-top-column elementor-element elementor-element-fc69fef\" data-id=\"fc69fef\" data-element_type=\"column\">\n\t\t\t<div class=\"elementor-widget-wrap elementor-element-populated\">\n\t\t\t\t\t\t<div class=\"elementor-element elementor-element-e4eb150 elementor-widget elementor-widget-heading\" data-id=\"e4eb150\" data-element_type=\"widget\" data-widget_type=\"heading.default\">\n\t\t\t\t<div class=\"elementor-widget-container\">\n\t\t\t\t\t<h2 class=\"elementor-heading-title elementor-size-default\">RESERVA EXTRATIVISTA ITAPETININGA<\/h2>\t\t\t\t<\/div>\n\t\t\t\t<\/div>\n\t\t\t\t<div class=\"elementor-element elementor-element-b6ce995 elementor-widget elementor-widget-text-editor\" data-id=\"b6ce995\" data-element_type=\"widget\" data-widget_type=\"text-editor.default\">\n\t\t\t\t<div class=\"elementor-widget-container\">\n\t\t\t\t\t\t\t\t\t<p>\u00a0<\/p><p>\u00a0<\/p>\t\t\t\t\t\t\t\t<\/div>\n\t\t\t\t<\/div>\n\t\t\t\t<div class=\"elementor-element elementor-element-e99a9f7 elementor-widget elementor-widget-image\" data-id=\"e99a9f7\" data-element_type=\"widget\" data-widget_type=\"image.default\">\n\t\t\t\t<div class=\"elementor-widget-container\">\n\t\t\t\t\t\t\t\t\t\t\t\t\t\t\t<img fetchpriority=\"high\" decoding=\"async\" width=\"5759\" height=\"3816\" src=\"https:\/\/oca.eco.br\/wp-content\/uploads\/2024\/06\/Resex_Itapetininga.png\" class=\"attachment-full size-full wp-image-6218\" alt=\"\" srcset=\"https:\/\/oca.eco.br\/wp-content\/uploads\/2024\/06\/Resex_Itapetininga.png 5759w, https:\/\/oca.eco.br\/wp-content\/uploads\/2024\/06\/Resex_Itapetininga-300x199.png 300w, https:\/\/oca.eco.br\/wp-content\/uploads\/2024\/06\/Resex_Itapetininga-1024x679.png 1024w, https:\/\/oca.eco.br\/wp-content\/uploads\/2024\/06\/Resex_Itapetininga-768x509.png 768w, https:\/\/oca.eco.br\/wp-content\/uploads\/2024\/06\/Resex_Itapetininga-1536x1018.png 1536w, https:\/\/oca.eco.br\/wp-content\/uploads\/2024\/06\/Resex_Itapetininga-2048x1357.png 2048w, https:\/\/oca.eco.br\/wp-content\/uploads\/2024\/06\/Resex_Itapetininga-18x12.png 18w\" sizes=\"(max-width: 5759px) 100vw, 5759px\" \/>\t\t\t\t\t\t\t\t\t\t\t\t\t\t\t<\/div>\n\t\t\t\t<\/div>\n\t\t\t\t<div class=\"elementor-element elementor-element-03fcd84 elementor-widget elementor-widget-text-editor\" data-id=\"03fcd84\" data-element_type=\"widget\" data-widget_type=\"text-editor.default\">\n\t\t\t\t<div class=\"elementor-widget-container\">\n\t\t\t\t\t\t\t\t\t<p><strong>A Reserva Extrativista de Itapetininga foi criada mediante o Decreto n\u00ba 9.333, em 5 de abril de 2018 e est\u00e1 localizada no munic\u00edpio de Bequim\u00e3o, estado do Maranh\u00e3o. Possui uma \u00e1rea de 16.294 hectares (Brasil 2005), enquanto o munic\u00edpio de Bequim\u00e3o apresenta cerca de 19.584 habitantes (IBGE, 2022).<\/strong><\/p>\t\t\t\t\t\t\t\t<\/div>\n\t\t\t\t<\/div>\n\t\t\t\t<div class=\"elementor-element elementor-element-44fa6c5 elementor-widget elementor-widget-image\" data-id=\"44fa6c5\" data-element_type=\"widget\" data-widget_type=\"image.default\">\n\t\t\t\t<div class=\"elementor-widget-container\">\n\t\t\t\t\t\t\t\t\t\t\t\t\t\t\t<img decoding=\"async\" width=\"812\" height=\"542\" src=\"https:\/\/oca.eco.br\/wp-content\/uploads\/2025\/10\/DJI_0008-1024x683.jpg\" class=\"attachment-large size-large wp-image-8959\" alt=\"\" srcset=\"https:\/\/oca.eco.br\/wp-content\/uploads\/2025\/10\/DJI_0008-1024x683.jpg 1024w, https:\/\/oca.eco.br\/wp-content\/uploads\/2025\/10\/DJI_0008-300x200.jpg 300w, https:\/\/oca.eco.br\/wp-content\/uploads\/2025\/10\/DJI_0008-768x512.jpg 768w, https:\/\/oca.eco.br\/wp-content\/uploads\/2025\/10\/DJI_0008-1536x1024.jpg 1536w, https:\/\/oca.eco.br\/wp-content\/uploads\/2025\/10\/DJI_0008-2048x1365.jpg 2048w, https:\/\/oca.eco.br\/wp-content\/uploads\/2025\/10\/DJI_0008-18x12.jpg 18w\" sizes=\"(max-width: 812px) 100vw, 812px\" \/>\t\t\t\t\t\t\t\t\t\t\t\t\t\t\t<\/div>\n\t\t\t\t<\/div>\n\t\t\t\t<div class=\"elementor-element elementor-element-a51af63 elementor-widget elementor-widget-text-editor\" data-id=\"a51af63\" data-element_type=\"widget\" data-widget_type=\"text-editor.default\">\n\t\t\t\t<div class=\"elementor-widget-container\">\n\t\t\t\t\t\t\t\t\t<p><strong>\u00c9 caracterizada pela presen\u00e7a de estu\u00e1rios de alt\u00edssimo potencial pesqueiro, campos naturais, ber\u00e7\u00e1rio de esp\u00e9cies marinhas, \u00e1rea de ninhais, \u00e1rea de lagos, presen\u00e7a de baba\u00e7uais, ja\u00e7urais, manguezais, aves amea\u00e7adas e migrat\u00f3rias e pesca de grande import\u00e2ncia social.<\/strong><\/p>\t\t\t\t\t\t\t\t<\/div>\n\t\t\t\t<\/div>\n\t\t\t\t<div class=\"elementor-element elementor-element-fd53771 elementor-widget elementor-widget-image\" data-id=\"fd53771\" data-element_type=\"widget\" data-widget_type=\"image.default\">\n\t\t\t\t<div class=\"elementor-widget-container\">\n\t\t\t\t\t\t\t\t\t\t\t\t\t\t\t<img decoding=\"async\" width=\"812\" height=\"542\" src=\"https:\/\/oca.eco.br\/wp-content\/uploads\/2025\/10\/paricatiua_itapetininga1-1024x683.jpg\" class=\"attachment-large size-large wp-image-8886\" alt=\"\" srcset=\"https:\/\/oca.eco.br\/wp-content\/uploads\/2025\/10\/paricatiua_itapetininga1-1024x683.jpg 1024w, https:\/\/oca.eco.br\/wp-content\/uploads\/2025\/10\/paricatiua_itapetininga1-300x200.jpg 300w, https:\/\/oca.eco.br\/wp-content\/uploads\/2025\/10\/paricatiua_itapetininga1-768x512.jpg 768w, https:\/\/oca.eco.br\/wp-content\/uploads\/2025\/10\/paricatiua_itapetininga1-1536x1024.jpg 1536w, https:\/\/oca.eco.br\/wp-content\/uploads\/2025\/10\/paricatiua_itapetininga1-2048x1365.jpg 2048w, https:\/\/oca.eco.br\/wp-content\/uploads\/2025\/10\/paricatiua_itapetininga1-18x12.jpg 18w\" sizes=\"(max-width: 812px) 100vw, 812px\" \/>\t\t\t\t\t\t\t\t\t\t\t\t\t\t\t<\/div>\n\t\t\t\t<\/div>\n\t\t\t\t<div class=\"elementor-element elementor-element-9463dc3 elementor-widget elementor-widget-text-editor\" data-id=\"9463dc3\" data-element_type=\"widget\" data-widget_type=\"text-editor.default\">\n\t\t\t\t<div class=\"elementor-widget-container\">\n\t\t\t\t\t\t\t\t\t<p><strong>Apesar de institu\u00edda em 2018, a RESEX Itapetininga ainda n\u00e3o possui plano de manejo, e este, segundo o SNUC (Sistema Nacional de Unidades de Conserva\u00e7\u00e3o da Natureza), deve ser elaborado no prazo de 5 anos a partir da data de cria\u00e7\u00e3o da Unidade de Conserva\u00e7\u00e3o como estabelece a Lei 9.985\/2000.<\/strong><\/p>\t\t\t\t\t\t\t\t<\/div>\n\t\t\t\t<\/div>\n\t\t\t\t<div class=\"elementor-element elementor-element-e47fc75 elementor-widget elementor-widget-image\" data-id=\"e47fc75\" data-element_type=\"widget\" data-widget_type=\"image.default\">\n\t\t\t\t<div class=\"elementor-widget-container\">\n\t\t\t\t\t\t\t\t\t\t\t\t\t\t\t<img loading=\"lazy\" decoding=\"async\" width=\"812\" height=\"542\" src=\"https:\/\/oca.eco.br\/wp-content\/uploads\/2025\/10\/IMG_5474-1024x683.jpg\" class=\"attachment-large size-large wp-image-8958\" alt=\"\" srcset=\"https:\/\/oca.eco.br\/wp-content\/uploads\/2025\/10\/IMG_5474-1024x683.jpg 1024w, https:\/\/oca.eco.br\/wp-content\/uploads\/2025\/10\/IMG_5474-300x200.jpg 300w, https:\/\/oca.eco.br\/wp-content\/uploads\/2025\/10\/IMG_5474-768x512.jpg 768w, https:\/\/oca.eco.br\/wp-content\/uploads\/2025\/10\/IMG_5474-1536x1024.jpg 1536w, https:\/\/oca.eco.br\/wp-content\/uploads\/2025\/10\/IMG_5474-2048x1365.jpg 2048w, https:\/\/oca.eco.br\/wp-content\/uploads\/2025\/10\/IMG_5474-18x12.jpg 18w\" sizes=\"(max-width: 812px) 100vw, 812px\" \/>\t\t\t\t\t\t\t\t\t\t\t\t\t\t\t<\/div>\n\t\t\t\t<\/div>\n\t\t\t\t\t<\/div>\n\t\t<\/div>\n\t\t\t\t<div class=\"elementor-column elementor-col-50 elementor-top-column elementor-element elementor-element-1e0dce0\" data-id=\"1e0dce0\" data-element_type=\"column\" data-settings=\"{&quot;background_background&quot;:&quot;classic&quot;}\">\n\t\t\t<div class=\"elementor-widget-wrap elementor-element-populated\">\n\t\t\t\t\t\t<div class=\"elementor-element elementor-element-e0a234b elementor-widget elementor-widget-heading\" data-id=\"e0a234b\" data-element_type=\"widget\" data-widget_type=\"heading.default\">\n\t\t\t\t<div class=\"elementor-widget-container\">\n\t\t\t\t\t<h2 class=\"elementor-heading-title elementor-size-default\">ATIVIDADES DO OCA SOCIAL<\/h2>\t\t\t\t<\/div>\n\t\t\t\t<\/div>\n\t\t\t\t<div class=\"elementor-element elementor-element-6f940b2 elementor-widget elementor-widget-heading\" data-id=\"6f940b2\" data-element_type=\"widget\" data-widget_type=\"heading.default\">\n\t\t\t\t<div class=\"elementor-widget-container\">\n\t\t\t\t\t<h5 class=\"elementor-heading-title elementor-size-default\">RESEX Itapetininga<\/h5>\t\t\t\t<\/div>\n\t\t\t\t<\/div>\n\t\t\t\t<div class=\"elementor-element elementor-element-739563f elementor-widget elementor-widget-text-editor\" data-id=\"739563f\" data-element_type=\"widget\" data-widget_type=\"text-editor.default\">\n\t\t\t\t<div class=\"elementor-widget-container\">\n\t\t\t\t\t\t\t\t\t<p style=\"text-align: justify\">\n30\/07\/2024: Apresenta\u00e7\u00e3o do projeto para lideran\u00e7as locais e reuni\u00e3o com os pescadores para in\u00edcio das atividades do monitoramento no munic\u00edpio de Bequim\u00e3o e na comunidade Santana.\n<\/p>\n<p style=\"text-align: justify\">\n31\/07\/2024: I) Apresenta\u00e7\u00e3o do projeto para lideran\u00e7as locais e reuni\u00e3o com os pescadores para in\u00edcio das atividades do monitoramento nas comunidades Calhau e Paricat\u00edua. II) Atividades de Educa\u00e7\u00e3o Ambiental (EA) na comunidade Paricat\u00edua com as crian\u00e7as na escola: \u201cRESEX &#8211; sua import\u00e2ncia e boas pr\u00e1ticas\u201d.\n<\/p>\n<p style=\"text-align: justify\">\n01\/08\/2024: I) Apresenta\u00e7\u00e3o do projeto para lideran\u00e7as locais e reuni\u00e3o com os pescadores para in\u00edcio das atividades do monitoramento na comunidade Ponta de Soares. II) Atividades de EA com o coletivo Bora Ver: \u201cGincana &#8211; manguezais\u201d.\n<\/p>\n<p style=\"text-align: justify\">\n02\/08\/2024: I) Apresenta\u00e7\u00e3o do projeto para lideran\u00e7as locais e reuni\u00e3o com os pescadores para in\u00edcio das atividades do monitoramento no Quilombo Quind\u00edua. II) Atividades de EA no Quilombo Quind\u00edua com as crian\u00e7as na escola: \u201cRESEX &#8211; sua import\u00e2ncia e boas pr\u00e1ticas\u201d.\n<\/p>\n<p style=\"text-align: justify\">\n28\/10\/2024: Atividades de EA com o coletivo Bora Ver: \u201cMudan\u00e7as clim\u00e1ticas\u201d.\n<\/p>\n<p style=\"text-align: justify\">\n29\/10\/2024: I) Reuni\u00e3o com os pescadores da comunidade Paricat\u00edua para a devolutiva de dados pesqueiros do automonitoramento referente ao per\u00edodo transicional. II) Atividades de EA na comunidade Paricat\u00edua com os alunos na escola: \u201cConstru\u00e7\u00e3o da cartilha sobre os peixes da RESEX de Itapetininga\u201d.\n<\/p>\n<p style=\"text-align: justify\">\n30 &#8211; 31 \/10\/2024: I) Reuni\u00e3o com os pescadores do Quilombo Quind\u00edua (30\/10) e comunidade de Calhau (31\/10) para a devolutiva de dados pesqueiros do automonitoramento referente ao per\u00edodo transicional. II) Atividades de EA no Quilombo Quind\u00edua e comunidade Calhau com os alunos na escola: \u201cConstru\u00e7\u00e3o da cartilha sobre os peixes da RESEX de Itapetininga\u201d.\n<\/p>\n<p style=\"text-align: justify\">\n01\/11\/2024: I) Reuni\u00e3o com os pescadores de Bequim\u00e3o e da comunidade Ponta de Soares para a devolutiva de dados pesqueiros do automonitoramento referente ao per\u00edodo transicional. II) Atividades de EA na comunidade Ponta de Soares com os alunos na escola: \u201cConstru\u00e7\u00e3o da cartilha sobre os peixes da RESEX de Itapetininga\u201d.\n<\/p>\n<p style=\"text-align: justify\">\n09\/04\/2025: Reuni\u00e3o com os pescadores da comunidade Paricat\u00edua para a devolutiva de dados pesqueiros do automonitoramento referente ao per\u00edodo seco.\n<\/p>\n<p style=\"text-align: justify\">\n10\/04\/2025: Reuni\u00e3o com os pescadores do Quilombo Quind\u00edua para a devolutiva de dados pesqueiros do automonitoramento referente ao per\u00edodo seco.\n<\/p>\t\t\t\t\t\t\t\t<\/div>\n\t\t\t\t<\/div>\n\t\t\t\t\t<\/div>\n\t\t<\/div>\n\t\t\t\t\t<\/div>\n\t\t<\/section>\n\t\t\t\t<section class=\"elementor-section elementor-top-section elementor-element elementor-element-90f9456 elementor-section-boxed elementor-section-height-default elementor-section-height-default\" data-id=\"90f9456\" data-element_type=\"section\">\n\t\t\t\t\t\t<div class=\"elementor-container elementor-column-gap-default\">\n\t\t\t\t\t<div class=\"elementor-column elementor-col-100 elementor-top-column elementor-element elementor-element-ca890de\" data-id=\"ca890de\" data-element_type=\"column\">\n\t\t\t<div class=\"elementor-widget-wrap elementor-element-populated\">\n\t\t\t\t\t\t<div class=\"elementor-element elementor-element-7ffca44 elementor-widget elementor-widget-heading\" data-id=\"7ffca44\" data-element_type=\"widget\" data-widget_type=\"heading.default\">\n\t\t\t\t<div class=\"elementor-widget-container\">\n\t\t\t\t\t<h2 class=\"elementor-heading-title elementor-size-default\">CENSO ITAPETININGA<\/h2>\t\t\t\t<\/div>\n\t\t\t\t<\/div>\n\t\t\t\t<div class=\"elementor-element elementor-element-a92ae61 elementor-button-info elementor-widget elementor-widget-button\" data-id=\"a92ae61\" data-element_type=\"widget\" data-widget_type=\"button.default\">\n\t\t\t\t<div class=\"elementor-widget-container\">\n\t\t\t\t\t\t\t\t\t<div class=\"elementor-button-wrapper\">\n\t\t\t\t\t<a class=\"elementor-button elementor-button-link elementor-size-sm\" href=\"http:\/\/dashboard-oca.streamlit.app\">\n\t\t\t\t\t\t<span class=\"elementor-button-content-wrapper\">\n\t\t\t\t\t\t<span class=\"elementor-button-icon\">\n\t\t\t\t<i aria-hidden=\"true\" class=\"fas fa-file-import\"><\/i>\t\t\t<\/span>\n\t\t\t\t\t\t\t\t\t<span class=\"elementor-button-text\">Acessar Dashboard Interativo<\/span>\n\t\t\t\t\t<\/span>\n\t\t\t\t\t<\/a>\n\t\t\t\t<\/div>\n\t\t\t\t\t\t\t\t<\/div>\n\t\t\t\t<\/div>\n\t\t\t\t\t<\/div>\n\t\t<\/div>\n\t\t\t\t\t<\/div>\n\t\t<\/section>\n\t\t\t\t<section class=\"elementor-section elementor-top-section elementor-element elementor-element-fdb9127 elementor-section-boxed elementor-section-height-default elementor-section-height-default\" data-id=\"fdb9127\" data-element_type=\"section\">\n\t\t\t\t\t\t<div class=\"elementor-container elementor-column-gap-default\">\n\t\t\t\t\t<div class=\"elementor-column elementor-col-100 elementor-top-column elementor-element elementor-element-62da842\" data-id=\"62da842\" data-element_type=\"column\">\n\t\t\t<div class=\"elementor-widget-wrap elementor-element-populated\">\n\t\t\t\t\t\t<div class=\"elementor-element elementor-element-db7f35d elementor-widget elementor-widget-text-editor\" data-id=\"db7f35d\" data-element_type=\"widget\" data-widget_type=\"text-editor.default\">\n\t\t\t\t<div class=\"elementor-widget-container\">\n\t\t\t\t\t\t\t\t\t<p><strong>Na Reserva Extrativista de Itapetininga o censo pesqueiro ocorreu de Agosto de 2024 a Maio de 2025 nas comunidades de Quindiua e Paricatiua. Ao longo de dez meses foram registrados o total de 2.620,56 kg destinados ao consumo comercial, subsist\u00eancia e outros tipos de consumo. O m\u00eas com menor registro de captura foi Janeiro de 2025 com 78,5 kg e o com maior registro de captura foi Outubro de 2024 com 615,4 kg. As capturas mais expressivas foram: do Bagre <em>(Cathorops sp.)<\/em>, da Pescada <em>(Plagioscion squamosissimus)<\/em> e do Camar\u00e3o Rosa (<em>Penaeus subtilis<\/em>).<\/strong><\/p>\t\t\t\t\t\t\t\t<\/div>\n\t\t\t\t<\/div>\n\t\t\t\t\t<\/div>\n\t\t<\/div>\n\t\t\t\t\t<\/div>\n\t\t<\/section>\n\t\t\t\t<section class=\"elementor-section elementor-top-section elementor-element elementor-element-44d54f1 elementor-section-boxed elementor-section-height-default elementor-section-height-default\" data-id=\"44d54f1\" data-element_type=\"section\">\n\t\t\t\t\t\t<div class=\"elementor-container elementor-column-gap-default\">\n\t\t\t\t\t<div class=\"elementor-column elementor-col-100 elementor-top-column elementor-element elementor-element-f1cb696\" data-id=\"f1cb696\" data-element_type=\"column\">\n\t\t\t<div class=\"elementor-widget-wrap elementor-element-populated\">\n\t\t\t\t\t\t<div class=\"elementor-element elementor-element-c11120e elementor-arrows-position-inside elementor-pagination-position-outside elementor-widget elementor-widget-image-carousel\" data-id=\"c11120e\" data-element_type=\"widget\" data-settings=\"{&quot;slides_to_show&quot;:&quot;1&quot;,&quot;navigation&quot;:&quot;both&quot;,&quot;autoplay&quot;:&quot;yes&quot;,&quot;pause_on_hover&quot;:&quot;yes&quot;,&quot;pause_on_interaction&quot;:&quot;yes&quot;,&quot;autoplay_speed&quot;:5000,&quot;infinite&quot;:&quot;yes&quot;,&quot;effect&quot;:&quot;slide&quot;,&quot;speed&quot;:500}\" data-widget_type=\"image-carousel.default\">\n\t\t\t\t<div class=\"elementor-widget-container\">\n\t\t\t\t\t\t\t<div class=\"elementor-image-carousel-wrapper swiper\" role=\"region\" aria-roledescription=\"carousel\" aria-label=\"Carrossel de imagens\" dir=\"ltr\">\n\t\t\t<div class=\"elementor-image-carousel swiper-wrapper\" aria-live=\"off\">\n\t\t\t\t\t\t\t\t<div class=\"swiper-slide\" role=\"group\" aria-roledescription=\"slide\" aria-label=\"1 de 11\"><figure class=\"swiper-slide-inner\"><img decoding=\"async\" class=\"swiper-slide-image\" src=\"https:\/\/oca.eco.br\/wp-content\/uploads\/2025\/11\/Grafico_Resex_Itapetininga_2024_08-scaled.webp\" alt=\"Grafico Resex Itapetininga 2024 08\" \/><\/figure><\/div><div class=\"swiper-slide\" role=\"group\" aria-roledescription=\"slide\" aria-label=\"2 de 11\"><figure class=\"swiper-slide-inner\"><img decoding=\"async\" class=\"swiper-slide-image\" src=\"https:\/\/oca.eco.br\/wp-content\/uploads\/2025\/11\/Grafico_Resex_Itapetininga_2024_09-scaled.webp\" alt=\"Grafico Resex Itapetininga 2024 09\" \/><\/figure><\/div><div class=\"swiper-slide\" role=\"group\" aria-roledescription=\"slide\" aria-label=\"3 de 11\"><figure class=\"swiper-slide-inner\"><img decoding=\"async\" class=\"swiper-slide-image\" src=\"https:\/\/oca.eco.br\/wp-content\/uploads\/2025\/11\/Grafico_Resex_Itapetininga_2024_10-scaled.webp\" alt=\"Grafico Resex Itapetininga 2024 10\" \/><\/figure><\/div><div class=\"swiper-slide\" role=\"group\" aria-roledescription=\"slide\" aria-label=\"4 de 11\"><figure class=\"swiper-slide-inner\"><img decoding=\"async\" class=\"swiper-slide-image\" src=\"https:\/\/oca.eco.br\/wp-content\/uploads\/2025\/11\/Grafico_Resex_Itapetininga_2024_11-scaled.webp\" alt=\"Grafico Resex Itapetininga 2024 11\" \/><\/figure><\/div><div class=\"swiper-slide\" role=\"group\" aria-roledescription=\"slide\" aria-label=\"5 de 11\"><figure class=\"swiper-slide-inner\"><img decoding=\"async\" class=\"swiper-slide-image\" src=\"https:\/\/oca.eco.br\/wp-content\/uploads\/2025\/11\/Grafico_Resex_Itapetininga_2024_12-scaled.webp\" alt=\"Grafico Resex Itapetininga 2024 12\" \/><\/figure><\/div><div class=\"swiper-slide\" role=\"group\" aria-roledescription=\"slide\" aria-label=\"6 de 11\"><figure class=\"swiper-slide-inner\"><img decoding=\"async\" class=\"swiper-slide-image\" src=\"https:\/\/oca.eco.br\/wp-content\/uploads\/2025\/11\/Grafico_Resex_Itapetininga_2025_01-scaled.webp\" alt=\"Grafico Resex Itapetininga 2025 01\" \/><\/figure><\/div><div class=\"swiper-slide\" role=\"group\" aria-roledescription=\"slide\" aria-label=\"7 de 11\"><figure class=\"swiper-slide-inner\"><img decoding=\"async\" class=\"swiper-slide-image\" src=\"https:\/\/oca.eco.br\/wp-content\/uploads\/2025\/11\/Grafico_Resex_Itapetininga_2025_02-scaled.webp\" alt=\"Grafico Resex Itapetininga 2025 02\" \/><\/figure><\/div><div class=\"swiper-slide\" role=\"group\" aria-roledescription=\"slide\" aria-label=\"8 de 11\"><figure class=\"swiper-slide-inner\"><img decoding=\"async\" class=\"swiper-slide-image\" src=\"https:\/\/oca.eco.br\/wp-content\/uploads\/2025\/11\/Grafico_Resex_Itapetininga_2025_03-scaled.webp\" alt=\"Grafico Resex Itapetininga 2025 03\" \/><\/figure><\/div><div class=\"swiper-slide\" role=\"group\" aria-roledescription=\"slide\" aria-label=\"9 de 11\"><figure class=\"swiper-slide-inner\"><img decoding=\"async\" class=\"swiper-slide-image\" src=\"https:\/\/oca.eco.br\/wp-content\/uploads\/2025\/11\/Grafico_Resex_Itapetininga_2025_04-scaled.webp\" alt=\"Grafico Resex Itapetininga 2025 04\" \/><\/figure><\/div><div class=\"swiper-slide\" role=\"group\" aria-roledescription=\"slide\" aria-label=\"10 de 11\"><figure class=\"swiper-slide-inner\"><img decoding=\"async\" class=\"swiper-slide-image\" src=\"https:\/\/oca.eco.br\/wp-content\/uploads\/2025\/11\/Grafico_Resex_Itapetininga_2025_05-scaled.webp\" alt=\"Grafico Resex Itapetininga 2025 05\" \/><\/figure><\/div><div class=\"swiper-slide\" role=\"group\" aria-roledescription=\"slide\" aria-label=\"11 de 11\"><figure class=\"swiper-slide-inner\"><img decoding=\"async\" class=\"swiper-slide-image\" src=\"https:\/\/oca.eco.br\/wp-content\/uploads\/2026\/02\/grafico_Itapetininga_2025_06-scaled.webp\" alt=\"Grafico Itapetininga 2025 06\" \/><\/figure><\/div>\t\t\t<\/div>\n\t\t\t\t\t\t\t\t\t\t\t\t<div class=\"elementor-swiper-button elementor-swiper-button-prev\" role=\"button\" tabindex=\"0\">\n\t\t\t\t\t\t<i aria-hidden=\"true\" class=\"eicon-chevron-left\"><\/i>\t\t\t\t\t<\/div>\n\t\t\t\t\t<div class=\"elementor-swiper-button elementor-swiper-button-next\" role=\"button\" tabindex=\"0\">\n\t\t\t\t\t\t<i aria-hidden=\"true\" class=\"eicon-chevron-right\"><\/i>\t\t\t\t\t<\/div>\n\t\t\t\t\n\t\t\t\t\t\t\t\t\t<div class=\"swiper-pagination\"><\/div>\n\t\t\t\t\t\t\t\t\t<\/div>\n\t\t\t\t\t\t<\/div>\n\t\t\t\t<\/div>\n\t\t\t\t\t<\/div>\n\t\t<\/div>\n\t\t\t\t\t<\/div>\n\t\t<\/section>\n\t\t\t\t<\/div>\n\t\t","protected":false},"excerpt":{"rendered":"<p>RESERVA EXTRATIVISTA ITAPETININGA \u00a0 \u00a0 A Reserva Extrativista de Itapetininga foi criada mediante o Decreto n\u00ba 9.333, em 5 de abril de 2018 e est\u00e1 localizada no munic\u00edpio de Bequim\u00e3o, estado do Maranh\u00e3o. Possui uma \u00e1rea de 16.294 hectares (Brasil 2005), enquanto o munic\u00edpio de Bequim\u00e3o apresenta cerca de 19.584 habitantes (IBGE, 2022). \u00c9 caracterizada[&hellip;]<\/p>\n","protected":false},"author":1,"featured_media":0,"parent":0,"menu_order":0,"comment_status":"closed","ping_status":"closed","template":"elementor_header_footer","meta":{"zakra_general_container_width":0,"zakra_general_content_width":0,"zakra_general_sidebar_width":0,"zakra_sticky_header":"customizer","zakra_header_main_area":true,"zakra_site_logo_width":0,"zakra_header_top_enabled":"customizer","zakra_header_top_style":"customizer","zakra_primary_menu_item_style":"customizer","zakra_page_header_text_color":"","zakra_page_header_layout":"customizer","zakra_page_title_bg":"","zakra_footer_widgets_bg_image":0,"zakra_page_title_bg_repeat":"customizer","zakra_page_title_bg_position":"customizer","zakra_page_title_bg_size":"customizer","zakra_page_title_bg_attachment":"customizer","zakra_breadcrumbs_enabled":"customizer","zakra_breadcrumbs_text_color":"","zakra_breadcrumbs_separator_color":"","zakra_breadcrumbs_link_color":"","zakra_breadcrumbs_link_hover_color":"","zakra_page_title_bg_image":0,"zakra_footer_widgets_enabled":"customizer","zakra_footer_column_layout_1_style":"customizer","zakra_footer_widgets_bg":"","zakra_footer_widgets_bg_repeat":"customizer","zakra_footer_widgets_bg_position":"customizer","zakra_footer_widgets_bg_size":"customizer","zakra_footer_widgets_bg_attachment":"customizer","zakra_footer_bar_enabled":"customizer","zakra_footer_bar_style":"customizer","zakra_page_container_layout":"customizer","zakra_page_sidebar_layout":"customizer","zakra_remove_content_margin":false,"zakra_sidebar":"customizer","zakra_transparent_header":"customizer","zakra_logo":0,"zakra_main_header_style":"default","zakra_menu_item_color":"","zakra_menu_item_hover_color":"","zakra_menu_item_active_color":"","zakra_menu_active_style":"","zakra_page_header":false,"footnotes":""},"class_list":["post-6007","page","type-page","status-publish","hentry"],"_links":{"self":[{"href":"https:\/\/oca.eco.br\/pt_br\/wp-json\/wp\/v2\/pages\/6007","targetHints":{"allow":["GET"]}}],"collection":[{"href":"https:\/\/oca.eco.br\/pt_br\/wp-json\/wp\/v2\/pages"}],"about":[{"href":"https:\/\/oca.eco.br\/pt_br\/wp-json\/wp\/v2\/types\/page"}],"author":[{"embeddable":true,"href":"https:\/\/oca.eco.br\/pt_br\/wp-json\/wp\/v2\/users\/1"}],"replies":[{"embeddable":true,"href":"https:\/\/oca.eco.br\/pt_br\/wp-json\/wp\/v2\/comments?post=6007"}],"version-history":[{"count":95,"href":"https:\/\/oca.eco.br\/pt_br\/wp-json\/wp\/v2\/pages\/6007\/revisions"}],"predecessor-version":[{"id":9848,"href":"https:\/\/oca.eco.br\/pt_br\/wp-json\/wp\/v2\/pages\/6007\/revisions\/9848"}],"wp:attachment":[{"href":"https:\/\/oca.eco.br\/pt_br\/wp-json\/wp\/v2\/media?parent=6007"}],"curies":[{"name":"wp","href":"https:\/\/api.w.org\/{rel}","templated":true}]}}