{"id":6012,"date":"2024-06-12T10:55:32","date_gmt":"2024-06-12T13:55:32","guid":{"rendered":"https:\/\/oca.eco.br\/?page_id=6012"},"modified":"2025-11-24T19:49:18","modified_gmt":"2025-11-24T22:49:18","slug":"resex-baia-tubarao","status":"publish","type":"page","link":"https:\/\/oca.eco.br\/pt_br\/resex-baia-tubarao\/","title":{"rendered":"RESEX Ba\u00eda do Tubar\u00e3o"},"content":{"rendered":"\t\t<div data-elementor-type=\"wp-page\" data-elementor-id=\"6012\" class=\"elementor elementor-6012\" data-elementor-post-type=\"page\">\n\t\t\t\t\t\t<section class=\"elementor-section elementor-top-section elementor-element elementor-element-2337178 elementor-section-content-top elementor-section-boxed elementor-section-height-default elementor-section-height-default\" data-id=\"2337178\" data-element_type=\"section\">\n\t\t\t\t\t\t<div class=\"elementor-container elementor-column-gap-no\">\n\t\t\t\t\t<div class=\"elementor-column elementor-col-50 elementor-top-column elementor-element elementor-element-bb3a193\" data-id=\"bb3a193\" data-element_type=\"column\">\n\t\t\t<div class=\"elementor-widget-wrap elementor-element-populated\">\n\t\t\t\t\t\t<div class=\"elementor-element elementor-element-6b3d47e elementor-widget elementor-widget-heading\" data-id=\"6b3d47e\" data-element_type=\"widget\" data-widget_type=\"heading.default\">\n\t\t\t\t<div class=\"elementor-widget-container\">\n\t\t\t\t\t<h2 class=\"elementor-heading-title elementor-size-default\">RESERVA EXTRATIVISTA DA BA\u00cdA DO TUBAR\u00c3O<\/h2>\t\t\t\t<\/div>\n\t\t\t\t<\/div>\n\t\t\t\t<div class=\"elementor-element elementor-element-e503466 elementor-widget elementor-widget-text-editor\" data-id=\"e503466\" data-element_type=\"widget\" data-widget_type=\"text-editor.default\">\n\t\t\t\t<div class=\"elementor-widget-container\">\n\t\t\t\t\t\t\t\t\t<p>\u00a0<\/p><p>\u00a0<\/p>\t\t\t\t\t\t\t\t<\/div>\n\t\t\t\t<\/div>\n\t\t\t\t<div class=\"elementor-element elementor-element-161fd02 elementor-widget elementor-widget-image\" data-id=\"161fd02\" data-element_type=\"widget\" data-widget_type=\"image.default\">\n\t\t\t\t<div class=\"elementor-widget-container\">\n\t\t\t\t\t\t\t\t\t\t\t\t\t\t\t<img fetchpriority=\"high\" decoding=\"async\" width=\"5759\" height=\"3816\" src=\"https:\/\/oca.eco.br\/wp-content\/uploads\/2024\/06\/Resex_BTubarao.png\" class=\"attachment-full size-full wp-image-6216\" alt=\"\" srcset=\"https:\/\/oca.eco.br\/wp-content\/uploads\/2024\/06\/Resex_BTubarao.png 5759w, https:\/\/oca.eco.br\/wp-content\/uploads\/2024\/06\/Resex_BTubarao-300x199.png 300w, https:\/\/oca.eco.br\/wp-content\/uploads\/2024\/06\/Resex_BTubarao-1024x679.png 1024w, https:\/\/oca.eco.br\/wp-content\/uploads\/2024\/06\/Resex_BTubarao-768x509.png 768w, https:\/\/oca.eco.br\/wp-content\/uploads\/2024\/06\/Resex_BTubarao-1536x1018.png 1536w, https:\/\/oca.eco.br\/wp-content\/uploads\/2024\/06\/Resex_BTubarao-2048x1357.png 2048w, https:\/\/oca.eco.br\/wp-content\/uploads\/2024\/06\/Resex_BTubarao-18x12.png 18w\" sizes=\"(max-width: 5759px) 100vw, 5759px\" \/>\t\t\t\t\t\t\t\t\t\t\t\t\t\t\t<\/div>\n\t\t\t\t<\/div>\n\t\t\t\t<div class=\"elementor-element elementor-element-7049eb0 elementor-widget elementor-widget-text-editor\" data-id=\"7049eb0\" data-element_type=\"widget\" data-widget_type=\"text-editor.default\">\n\t\t\t\t<div class=\"elementor-widget-container\">\n\t\t\t\t\t\t\t\t\t<p><strong>A Reserva Extrativista da Ba\u00eda do Tubar\u00e3o foi criada mediante o Decreto n\u00ba 9.340, em 5 de abril de 2018 e ocupa 29,76% do territ\u00f3rio do munic\u00edpio de Icatu e 37,15% do territ\u00f3rio do munic\u00edpio de Humberto de Campos, ambos localizados no estado do Maranh\u00e3o.<\/strong><\/p><p><strong>Possui uma \u00e1rea de aproximadamente 223.888 hectares que se encontra totalmente dentro dos limites da \u00c1rea de Prote\u00e7\u00e3o Ambiental Estadual (APA) Upaon-A\u00e7u \u2013 Miritiba &#8211; Alto Pregui\u00e7as. \u00c9 formada por um complexo de ba\u00edas, rios e estu\u00e1rios, com rica diversidade biol\u00f3gica, influenciando diretamente as atividades econ\u00f4micas das comunidades, que tem como principal fonte de renda a atividade pesqueira artesanal, voltada para subsist\u00eancia familiar e com\u00e9rcio local.<\/strong><\/p>\t\t\t\t\t\t\t\t<\/div>\n\t\t\t\t<\/div>\n\t\t\t\t<div class=\"elementor-element elementor-element-3788722 elementor-widget elementor-widget-image\" data-id=\"3788722\" data-element_type=\"widget\" data-widget_type=\"image.default\">\n\t\t\t\t<div class=\"elementor-widget-container\">\n\t\t\t\t\t\t\t\t\t\t\t\t\t\t\t<img decoding=\"async\" width=\"812\" height=\"542\" src=\"https:\/\/oca.eco.br\/wp-content\/uploads\/2025\/10\/sta-maria_baia-do-tubarao1-1024x683.jpg\" class=\"attachment-large size-large wp-image-8890\" alt=\"\" srcset=\"https:\/\/oca.eco.br\/wp-content\/uploads\/2025\/10\/sta-maria_baia-do-tubarao1-1024x683.jpg 1024w, https:\/\/oca.eco.br\/wp-content\/uploads\/2025\/10\/sta-maria_baia-do-tubarao1-300x200.jpg 300w, https:\/\/oca.eco.br\/wp-content\/uploads\/2025\/10\/sta-maria_baia-do-tubarao1-768x512.jpg 768w, https:\/\/oca.eco.br\/wp-content\/uploads\/2025\/10\/sta-maria_baia-do-tubarao1-1536x1024.jpg 1536w, https:\/\/oca.eco.br\/wp-content\/uploads\/2025\/10\/sta-maria_baia-do-tubarao1-2048x1365.jpg 2048w, https:\/\/oca.eco.br\/wp-content\/uploads\/2025\/10\/sta-maria_baia-do-tubarao1-18x12.jpg 18w\" sizes=\"(max-width: 812px) 100vw, 812px\" \/>\t\t\t\t\t\t\t\t\t\t\t\t\t\t\t<\/div>\n\t\t\t\t<\/div>\n\t\t\t\t<div class=\"elementor-element elementor-element-8292c19 elementor-widget elementor-widget-text-editor\" data-id=\"8292c19\" data-element_type=\"widget\" data-widget_type=\"text-editor.default\">\n\t\t\t\t<div class=\"elementor-widget-container\">\n\t\t\t\t\t\t\t\t\t<p><strong>Apesar de institu\u00edda em 2018, a RESEX Ba\u00eda do Tubar\u00e3o ainda n\u00e3o possui plano de manejo, e este, segundo o SNUC (Sistema Nacional de Unidades de Conserva\u00e7\u00e3o da Natureza), deve ser elaborado no prazo de 5 anos a partir da data de cria\u00e7\u00e3o da Unidade de Conserva\u00e7\u00e3o como estabelece a Lei 9.985\/2000.<\/strong><\/p>\t\t\t\t\t\t\t\t<\/div>\n\t\t\t\t<\/div>\n\t\t\t\t\t<\/div>\n\t\t<\/div>\n\t\t\t\t<div class=\"elementor-column elementor-col-50 elementor-top-column elementor-element elementor-element-09cd436\" data-id=\"09cd436\" data-element_type=\"column\" data-settings=\"{&quot;background_background&quot;:&quot;classic&quot;}\">\n\t\t\t<div class=\"elementor-widget-wrap elementor-element-populated\">\n\t\t\t\t\t\t<div class=\"elementor-element elementor-element-556ca9b elementor-widget elementor-widget-heading\" data-id=\"556ca9b\" data-element_type=\"widget\" data-widget_type=\"heading.default\">\n\t\t\t\t<div class=\"elementor-widget-container\">\n\t\t\t\t\t<h2 class=\"elementor-heading-title elementor-size-default\">ATIVIDADES DO OCA SOCIAL<\/h2>\t\t\t\t<\/div>\n\t\t\t\t<\/div>\n\t\t\t\t<div class=\"elementor-element elementor-element-828841b elementor-widget elementor-widget-heading\" data-id=\"828841b\" data-element_type=\"widget\" data-widget_type=\"heading.default\">\n\t\t\t\t<div class=\"elementor-widget-container\">\n\t\t\t\t\t<h5 class=\"elementor-heading-title elementor-size-default\">RESEX Ba\u00eda do Tubar\u00e3o<\/h5>\t\t\t\t<\/div>\n\t\t\t\t<\/div>\n\t\t\t\t<div class=\"elementor-element elementor-element-9edd949 elementor-widget elementor-widget-text-editor\" data-id=\"9edd949\" data-element_type=\"widget\" data-widget_type=\"text-editor.default\">\n\t\t\t\t<div class=\"elementor-widget-container\">\n\t\t\t\t\t\t\t\t\t<p style=\"text-align: justify\">\n17\/05\/2024: Apresenta\u00e7\u00e3o do projeto para lideran\u00e7as locais e pescadores da comunidade quilombola de Santa Maria de Guaxenduba.\n<\/p>\n<p style=\"text-align: justify\">\n20 e 21\/05\/2024: Roda de conversa com os professores da E. M. Santa Maria de Guaxenduba sobre a import\u00e2ncia do ensino de boas pr\u00e1ticas ambientais na RESEX.\n<\/p>\n<p style=\"text-align: justify\">\n20 e 21\/05\/2024: Atividades de EA com as crian\u00e7as na E. M. Santa Maria de Guaxenduba: \u201cRESEX &#8211; sua import\u00e2ncia e boas pr\u00e1ticas\u201d.\n<\/p>\n<p style=\"text-align: justify\">\n21\/05\/2024: Reuni\u00e3o com os pescadores e lideran\u00e7as para in\u00edcio das atividades do monitoramento na RESEX de Ba\u00eda do Tubar\u00e3o.\n<\/p>\n<p style=\"text-align: justify\">\n06\/09\/2024: Atividades de EA com os alunos da E. M. Santa Maria de Guaxenduba: \u201cConstru\u00e7\u00e3o da cartilha sobre os peixes da RESEX de Ba\u00eda do Tubar\u00e3o.\n<\/p>\n<p style=\"text-align: justify\">\n07\/09\/2024: I) Reuni\u00e3o com os pescadores para a devolutiva de dados pesqueiros do automonitoramento referente ao per\u00edodo chuvoso. II) Atividade de EA com a juventude: \u201cGincana &#8211; manguezais\u201d.\n<\/p>\n<p style=\"text-align: justify\">\n12\/04\/2025: Reuni\u00e3o com os pescadores para a devolutiva de dados pesqueiros do automonitoramento referente ao per\u00edodo seco.\n<\/p>\t\t\t\t\t\t\t\t<\/div>\n\t\t\t\t<\/div>\n\t\t\t\t\t<\/div>\n\t\t<\/div>\n\t\t\t\t\t<\/div>\n\t\t<\/section>\n\t\t\t\t<section class=\"elementor-section elementor-top-section elementor-element elementor-element-ff54fc2 elementor-section-boxed elementor-section-height-default elementor-section-height-default\" data-id=\"ff54fc2\" data-element_type=\"section\">\n\t\t\t\t\t\t<div class=\"elementor-container elementor-column-gap-default\">\n\t\t\t\t\t<div class=\"elementor-column elementor-col-100 elementor-top-column elementor-element elementor-element-fbe6c87\" data-id=\"fbe6c87\" data-element_type=\"column\">\n\t\t\t<div class=\"elementor-widget-wrap elementor-element-populated\">\n\t\t\t\t\t\t<div class=\"elementor-element elementor-element-fc3269f elementor-widget elementor-widget-heading\" data-id=\"fc3269f\" data-element_type=\"widget\" data-widget_type=\"heading.default\">\n\t\t\t\t<div class=\"elementor-widget-container\">\n\t\t\t\t\t<h2 class=\"elementor-heading-title elementor-size-default\">CENSO BA\u00cdA DO TUBAR\u00c3O<\/h2>\t\t\t\t<\/div>\n\t\t\t\t<\/div>\n\t\t\t\t<div class=\"elementor-element elementor-element-c3cb721 elementor-button-info elementor-widget elementor-widget-button\" data-id=\"c3cb721\" data-element_type=\"widget\" data-widget_type=\"button.default\">\n\t\t\t\t<div class=\"elementor-widget-container\">\n\t\t\t\t\t\t\t\t\t<div class=\"elementor-button-wrapper\">\n\t\t\t\t\t<a class=\"elementor-button elementor-button-link elementor-size-sm\" href=\"http:\/\/dashboard-oca.streamlit.app\">\n\t\t\t\t\t\t<span class=\"elementor-button-content-wrapper\">\n\t\t\t\t\t\t<span class=\"elementor-button-icon\">\n\t\t\t\t<i aria-hidden=\"true\" class=\"fas fa-file-import\"><\/i>\t\t\t<\/span>\n\t\t\t\t\t\t\t\t\t<span class=\"elementor-button-text\">Acessar Dashboard Interativo<\/span>\n\t\t\t\t\t<\/span>\n\t\t\t\t\t<\/a>\n\t\t\t\t<\/div>\n\t\t\t\t\t\t\t\t<\/div>\n\t\t\t\t<\/div>\n\t\t\t\t\t<\/div>\n\t\t<\/div>\n\t\t\t\t\t<\/div>\n\t\t<\/section>\n\t\t\t\t<section class=\"elementor-section elementor-top-section elementor-element elementor-element-634c12d elementor-section-boxed elementor-section-height-default elementor-section-height-default\" data-id=\"634c12d\" data-element_type=\"section\">\n\t\t\t\t\t\t<div class=\"elementor-container elementor-column-gap-default\">\n\t\t\t\t\t<div class=\"elementor-column elementor-col-100 elementor-top-column elementor-element elementor-element-970d0be\" data-id=\"970d0be\" data-element_type=\"column\">\n\t\t\t<div class=\"elementor-widget-wrap elementor-element-populated\">\n\t\t\t\t\t\t<div class=\"elementor-element elementor-element-d77830c elementor-widget elementor-widget-text-editor\" data-id=\"d77830c\" data-element_type=\"widget\" data-widget_type=\"text-editor.default\">\n\t\t\t\t<div class=\"elementor-widget-container\">\n\t\t\t\t\t\t\t\t\t<p><strong>Na Resex Extrativista Marinha Ba\u00eda do Tubar\u00e3o o censo pesqueiro ocorreu de Junho de 2024 a Maio de 2025, na comunidade de Santa Maria de Guaxenduba. Ao longo de doze meses foram registrados o total de 34.733,85 kg, destinados \u00e0 subsist\u00eancia, ao consumo comercial e a outros tipos de consumo. O m\u00eas com maior registro de captura foi Mar\u00e7o de 2025 com 5.339,75 kg e o m\u00eas de menor registro de captura foi Julho de 2024 com 1.323 kg. As capturas mais expressivas foram: do Peixe Pedra <em>(Genyatremus luteus)<\/em>, da Tainha <em>(Mugil curema)<\/em> e do Camar\u00e3o Piticaia <em>(Xiphopenaeus kroyeri).<\/em><\/strong><\/p>\t\t\t\t\t\t\t\t<\/div>\n\t\t\t\t<\/div>\n\t\t\t\t\t<\/div>\n\t\t<\/div>\n\t\t\t\t\t<\/div>\n\t\t<\/section>\n\t\t\t\t<section class=\"elementor-section elementor-top-section elementor-element elementor-element-0151b12 elementor-section-boxed elementor-section-height-default elementor-section-height-default\" data-id=\"0151b12\" data-element_type=\"section\">\n\t\t\t\t\t\t<div class=\"elementor-container elementor-column-gap-default\">\n\t\t\t\t\t<div class=\"elementor-column elementor-col-100 elementor-top-column elementor-element elementor-element-bc89366\" data-id=\"bc89366\" data-element_type=\"column\">\n\t\t\t<div class=\"elementor-widget-wrap elementor-element-populated\">\n\t\t\t\t\t\t<div class=\"elementor-element elementor-element-73227ce elementor-arrows-position-inside elementor-pagination-position-outside elementor-widget elementor-widget-image-carousel\" data-id=\"73227ce\" data-element_type=\"widget\" data-settings=\"{&quot;slides_to_show&quot;:&quot;1&quot;,&quot;navigation&quot;:&quot;both&quot;,&quot;autoplay&quot;:&quot;yes&quot;,&quot;pause_on_hover&quot;:&quot;yes&quot;,&quot;pause_on_interaction&quot;:&quot;yes&quot;,&quot;autoplay_speed&quot;:5000,&quot;infinite&quot;:&quot;yes&quot;,&quot;effect&quot;:&quot;slide&quot;,&quot;speed&quot;:500}\" data-widget_type=\"image-carousel.default\">\n\t\t\t\t<div class=\"elementor-widget-container\">\n\t\t\t\t\t\t\t<div class=\"elementor-image-carousel-wrapper swiper\" role=\"region\" aria-roledescription=\"carousel\" aria-label=\"Carrossel de imagens\" dir=\"ltr\">\n\t\t\t<div class=\"elementor-image-carousel swiper-wrapper\" aria-live=\"off\">\n\t\t\t\t\t\t\t\t<div class=\"swiper-slide\" role=\"group\" aria-roledescription=\"slide\" aria-label=\"1 de 12\"><figure class=\"swiper-slide-inner\"><img decoding=\"async\" class=\"swiper-slide-image\" src=\"https:\/\/oca.eco.br\/wp-content\/uploads\/2025\/11\/Grafico_Resex_Tubarao_2024_06-scaled.webp\" alt=\"Grafico Resex Tubarao 2024 06\" \/><\/figure><\/div><div class=\"swiper-slide\" role=\"group\" aria-roledescription=\"slide\" aria-label=\"2 de 12\"><figure class=\"swiper-slide-inner\"><img decoding=\"async\" class=\"swiper-slide-image\" src=\"https:\/\/oca.eco.br\/wp-content\/uploads\/2025\/11\/Grafico_Resex_Tubarao_2024_07-scaled.webp\" alt=\"Grafico Resex Tubarao 2024 07\" \/><\/figure><\/div><div class=\"swiper-slide\" role=\"group\" aria-roledescription=\"slide\" aria-label=\"3 de 12\"><figure class=\"swiper-slide-inner\"><img decoding=\"async\" class=\"swiper-slide-image\" src=\"https:\/\/oca.eco.br\/wp-content\/uploads\/2025\/11\/Grafico_Resex_Tubarao_2024_08-scaled.webp\" alt=\"Grafico Resex Tubarao 2024 08\" \/><\/figure><\/div><div class=\"swiper-slide\" role=\"group\" aria-roledescription=\"slide\" aria-label=\"4 de 12\"><figure class=\"swiper-slide-inner\"><img decoding=\"async\" class=\"swiper-slide-image\" src=\"https:\/\/oca.eco.br\/wp-content\/uploads\/2025\/11\/Grafico_Resex_Tubarao_2024_09-scaled.webp\" alt=\"Grafico Resex Tubarao 2024 09\" \/><\/figure><\/div><div class=\"swiper-slide\" role=\"group\" aria-roledescription=\"slide\" aria-label=\"5 de 12\"><figure class=\"swiper-slide-inner\"><img decoding=\"async\" class=\"swiper-slide-image\" src=\"https:\/\/oca.eco.br\/wp-content\/uploads\/2025\/11\/Grafico_Resex_Tubarao_2024_10-scaled.webp\" alt=\"Grafico Resex Tubarao 2024 10\" \/><\/figure><\/div><div class=\"swiper-slide\" role=\"group\" aria-roledescription=\"slide\" aria-label=\"6 de 12\"><figure class=\"swiper-slide-inner\"><img decoding=\"async\" class=\"swiper-slide-image\" src=\"https:\/\/oca.eco.br\/wp-content\/uploads\/2025\/11\/Grafico_Resex_Tubarao_2024_11-scaled.webp\" alt=\"Grafico Resex Tubarao 2024 11\" \/><\/figure><\/div><div class=\"swiper-slide\" role=\"group\" aria-roledescription=\"slide\" aria-label=\"7 de 12\"><figure class=\"swiper-slide-inner\"><img decoding=\"async\" class=\"swiper-slide-image\" src=\"https:\/\/oca.eco.br\/wp-content\/uploads\/2025\/11\/Grafico_Resex_Tubarao_2024_12-scaled.webp\" alt=\"Grafico Resex Tubarao 2024 12\" \/><\/figure><\/div><div class=\"swiper-slide\" role=\"group\" aria-roledescription=\"slide\" aria-label=\"8 de 12\"><figure class=\"swiper-slide-inner\"><img decoding=\"async\" class=\"swiper-slide-image\" src=\"https:\/\/oca.eco.br\/wp-content\/uploads\/2025\/11\/Grafico_Resex_Tubarao_2025_01-scaled.webp\" alt=\"Grafico Resex Tubarao 2025 01\" \/><\/figure><\/div><div class=\"swiper-slide\" role=\"group\" aria-roledescription=\"slide\" aria-label=\"9 de 12\"><figure class=\"swiper-slide-inner\"><img decoding=\"async\" class=\"swiper-slide-image\" src=\"https:\/\/oca.eco.br\/wp-content\/uploads\/2025\/11\/Grafico_Resex_Tubarao_2025_02-scaled.webp\" alt=\"Grafico Resex Tubarao 2025 02\" \/><\/figure><\/div><div class=\"swiper-slide\" role=\"group\" aria-roledescription=\"slide\" aria-label=\"10 de 12\"><figure class=\"swiper-slide-inner\"><img decoding=\"async\" class=\"swiper-slide-image\" src=\"https:\/\/oca.eco.br\/wp-content\/uploads\/2025\/11\/Grafico_Resex_Tubarao_2025_03-scaled.webp\" alt=\"Grafico Resex Tubarao 2025 03\" \/><\/figure><\/div><div class=\"swiper-slide\" role=\"group\" aria-roledescription=\"slide\" aria-label=\"11 de 12\"><figure class=\"swiper-slide-inner\"><img decoding=\"async\" class=\"swiper-slide-image\" src=\"https:\/\/oca.eco.br\/wp-content\/uploads\/2025\/11\/Grafico_Resex_Tubarao_2025_04-scaled.webp\" alt=\"Grafico Resex Tubarao 2025 04\" \/><\/figure><\/div><div class=\"swiper-slide\" role=\"group\" aria-roledescription=\"slide\" aria-label=\"12 de 12\"><figure class=\"swiper-slide-inner\"><img decoding=\"async\" class=\"swiper-slide-image\" src=\"https:\/\/oca.eco.br\/wp-content\/uploads\/2025\/11\/Grafico_Resex_Tubarao_2025_05-scaled.webp\" alt=\"Grafico Resex Tubarao 2025 05\" \/><\/figure><\/div>\t\t\t<\/div>\n\t\t\t\t\t\t\t\t\t\t\t\t<div class=\"elementor-swiper-button elementor-swiper-button-prev\" role=\"button\" tabindex=\"0\">\n\t\t\t\t\t\t<i aria-hidden=\"true\" class=\"eicon-chevron-left\"><\/i>\t\t\t\t\t<\/div>\n\t\t\t\t\t<div class=\"elementor-swiper-button elementor-swiper-button-next\" role=\"button\" tabindex=\"0\">\n\t\t\t\t\t\t<i aria-hidden=\"true\" class=\"eicon-chevron-right\"><\/i>\t\t\t\t\t<\/div>\n\t\t\t\t\n\t\t\t\t\t\t\t\t\t<div class=\"swiper-pagination\"><\/div>\n\t\t\t\t\t\t\t\t\t<\/div>\n\t\t\t\t\t\t<\/div>\n\t\t\t\t<\/div>\n\t\t\t\t\t<\/div>\n\t\t<\/div>\n\t\t\t\t\t<\/div>\n\t\t<\/section>\n\t\t\t\t<\/div>\n\t\t","protected":false},"excerpt":{"rendered":"<p>RESERVA EXTRATIVISTA DA BA\u00cdA DO TUBAR\u00c3O \u00a0 \u00a0 A Reserva Extrativista da Ba\u00eda do Tubar\u00e3o foi criada mediante o Decreto n\u00ba 9.340, em 5 de abril de 2018 e ocupa 29,76% do territ\u00f3rio do munic\u00edpio de Icatu e 37,15% do territ\u00f3rio do munic\u00edpio de Humberto de Campos, ambos localizados no estado do Maranh\u00e3o. Possui uma[&hellip;]<\/p>\n","protected":false},"author":1,"featured_media":0,"parent":0,"menu_order":0,"comment_status":"closed","ping_status":"closed","template":"elementor_header_footer","meta":{"zakra_general_container_width":0,"zakra_general_content_width":0,"zakra_general_sidebar_width":0,"zakra_sticky_header":"customizer","zakra_header_main_area":true,"zakra_site_logo_width":0,"zakra_header_top_enabled":"customizer","zakra_header_top_style":"customizer","zakra_primary_menu_item_style":"customizer","zakra_page_header_text_color":"","zakra_page_header_layout":"customizer","zakra_page_title_bg":"","zakra_footer_widgets_bg_image":0,"zakra_page_title_bg_repeat":"customizer","zakra_page_title_bg_position":"customizer","zakra_page_title_bg_size":"customizer","zakra_page_title_bg_attachment":"customizer","zakra_breadcrumbs_enabled":"customizer","zakra_breadcrumbs_text_color":"","zakra_breadcrumbs_separator_color":"","zakra_breadcrumbs_link_color":"","zakra_breadcrumbs_link_hover_color":"","zakra_page_title_bg_image":0,"zakra_footer_widgets_enabled":"customizer","zakra_footer_column_layout_1_style":"customizer","zakra_footer_widgets_bg":"","zakra_footer_widgets_bg_repeat":"customizer","zakra_footer_widgets_bg_position":"customizer","zakra_footer_widgets_bg_size":"customizer","zakra_footer_widgets_bg_attachment":"customizer","zakra_footer_bar_enabled":"customizer","zakra_footer_bar_style":"customizer","zakra_page_container_layout":"customizer","zakra_page_sidebar_layout":"customizer","zakra_remove_content_margin":false,"zakra_sidebar":"customizer","zakra_transparent_header":"customizer","zakra_logo":0,"zakra_main_header_style":"default","zakra_menu_item_color":"","zakra_menu_item_hover_color":"","zakra_menu_item_active_color":"","zakra_menu_active_style":"","zakra_page_header":false,"footnotes":""},"class_list":["post-6012","page","type-page","status-publish","hentry"],"_links":{"self":[{"href":"https:\/\/oca.eco.br\/pt_br\/wp-json\/wp\/v2\/pages\/6012","targetHints":{"allow":["GET"]}}],"collection":[{"href":"https:\/\/oca.eco.br\/pt_br\/wp-json\/wp\/v2\/pages"}],"about":[{"href":"https:\/\/oca.eco.br\/pt_br\/wp-json\/wp\/v2\/types\/page"}],"author":[{"embeddable":true,"href":"https:\/\/oca.eco.br\/pt_br\/wp-json\/wp\/v2\/users\/1"}],"replies":[{"embeddable":true,"href":"https:\/\/oca.eco.br\/pt_br\/wp-json\/wp\/v2\/comments?post=6012"}],"version-history":[{"count":113,"href":"https:\/\/oca.eco.br\/pt_br\/wp-json\/wp\/v2\/pages\/6012\/revisions"}],"predecessor-version":[{"id":9353,"href":"https:\/\/oca.eco.br\/pt_br\/wp-json\/wp\/v2\/pages\/6012\/revisions\/9353"}],"wp:attachment":[{"href":"https:\/\/oca.eco.br\/pt_br\/wp-json\/wp\/v2\/media?parent=6012"}],"curies":[{"name":"wp","href":"https:\/\/api.w.org\/{rel}","templated":true}]}}