{"id":9490,"date":"2026-01-19T15:35:26","date_gmt":"2026-01-19T18:35:26","guid":{"rendered":"https:\/\/oca.eco.br\/?page_id=9490"},"modified":"2026-03-07T21:09:09","modified_gmt":"2026-03-08T00:09:09","slug":"divulgacao","status":"publish","type":"page","link":"https:\/\/oca.eco.br\/pt_br\/divulgacao\/","title":{"rendered":"Divulga\u00e7\u00e3o"},"content":{"rendered":"\t\t<div data-elementor-type=\"wp-page\" data-elementor-id=\"9490\" class=\"elementor elementor-9490\" data-elementor-post-type=\"page\">\n\t\t\t\t\t\t<section class=\"elementor-section elementor-top-section elementor-element elementor-element-7796d817 elementor-section-height-min-height elementor-section-full_width elementor-section-height-default elementor-section-items-middle\" data-id=\"7796d817\" data-element_type=\"section\" data-settings=\"{&quot;background_background&quot;:&quot;classic&quot;}\">\n\t\t\t\t\t\t\t<div class=\"elementor-background-overlay\"><\/div>\n\t\t\t\t\t\t\t<div class=\"elementor-container elementor-column-gap-default\">\n\t\t\t\t\t<div class=\"elementor-column elementor-col-100 elementor-top-column elementor-element elementor-element-366a6640\" data-id=\"366a6640\" data-element_type=\"column\">\n\t\t\t<div class=\"elementor-widget-wrap elementor-element-populated\">\n\t\t\t\t\t\t<div class=\"elementor-element elementor-element-2aff04b0 elementor-widget elementor-widget-heading\" data-id=\"2aff04b0\" data-element_type=\"widget\" data-widget_type=\"heading.default\">\n\t\t\t\t<div class=\"elementor-widget-container\">\n\t\t\t\t\t<h2 class=\"elementor-heading-title elementor-size-default\"><span style=\"color: white;font-size: 4.24rem;letter-spacing: 0.15px\">  <strong>OCA Social<\/strong>: Divulga\u00e7\u00e3o de Material<\/span><\/h2>\t\t\t\t<\/div>\n\t\t\t\t<\/div>\n\t\t\t\t\t<\/div>\n\t\t<\/div>\n\t\t\t\t\t<\/div>\n\t\t<\/section>\n\t\t\t\t<section class=\"elementor-section elementor-top-section elementor-element elementor-element-62cf6f9 elementor-section-boxed elementor-section-height-default elementor-section-height-default\" data-id=\"62cf6f9\" data-element_type=\"section\">\n\t\t\t\t\t\t<div class=\"elementor-container elementor-column-gap-default\">\n\t\t\t\t\t<div class=\"elementor-column elementor-col-100 elementor-top-column elementor-element elementor-element-7932a46\" data-id=\"7932a46\" data-element_type=\"column\">\n\t\t\t<div class=\"elementor-widget-wrap elementor-element-populated\">\n\t\t\t\t\t\t<div class=\"elementor-element elementor-element-56f7318 elementor-widget elementor-widget-spacer\" data-id=\"56f7318\" data-element_type=\"widget\" data-widget_type=\"spacer.default\">\n\t\t\t\t<div class=\"elementor-widget-container\">\n\t\t\t\t\t\t\t<div class=\"elementor-spacer\">\n\t\t\t<div class=\"elementor-spacer-inner\"><\/div>\n\t\t<\/div>\n\t\t\t\t\t\t<\/div>\n\t\t\t\t<\/div>\n\t\t\t\t\t<\/div>\n\t\t<\/div>\n\t\t\t\t\t<\/div>\n\t\t<\/section>\n\t\t\t\t<section class=\"elementor-section elementor-top-section elementor-element elementor-element-f33e768 elementor-section-boxed elementor-section-height-default elementor-section-height-default\" data-id=\"f33e768\" data-element_type=\"section\">\n\t\t\t\t\t\t<div class=\"elementor-container elementor-column-gap-default\">\n\t\t\t\t\t<div class=\"elementor-column elementor-col-100 elementor-top-column elementor-element elementor-element-8031cc1\" data-id=\"8031cc1\" data-element_type=\"column\">\n\t\t\t<div class=\"elementor-widget-wrap elementor-element-populated\">\n\t\t\t\t\t\t<div class=\"elementor-element elementor-element-ccccf69 elementor-widget elementor-widget-heading\" data-id=\"ccccf69\" data-element_type=\"widget\" data-widget_type=\"heading.default\">\n\t\t\t\t<div class=\"elementor-widget-container\">\n\t\t\t\t\t<h4 class=\"elementor-heading-title elementor-size-default\">Cartilha \"A Jornada de Mar\u00e9\"<\/h4>\t\t\t\t<\/div>\n\t\t\t\t<\/div>\n\t\t\t\t\t<\/div>\n\t\t<\/div>\n\t\t\t\t\t<\/div>\n\t\t<\/section>\n\t\t\t\t<section class=\"elementor-section elementor-top-section elementor-element elementor-element-a9bdc37 elementor-section-boxed elementor-section-height-default elementor-section-height-default\" data-id=\"a9bdc37\" data-element_type=\"section\">\n\t\t\t\t\t\t<div class=\"elementor-container elementor-column-gap-default\">\n\t\t\t\t\t<div class=\"elementor-column elementor-col-50 elementor-top-column elementor-element elementor-element-eacef28\" data-id=\"eacef28\" data-element_type=\"column\">\n\t\t\t<div class=\"elementor-widget-wrap elementor-element-populated\">\n\t\t\t\t\t\t<div class=\"elementor-element elementor-element-48b0e92 elementor-widget elementor-widget-image\" data-id=\"48b0e92\" data-element_type=\"widget\" data-widget_type=\"image.default\">\n\t\t\t\t<div class=\"elementor-widget-container\">\n\t\t\t\t\t\t\t\t\t\t\t\t\t\t\t<img fetchpriority=\"high\" decoding=\"async\" width=\"812\" height=\"578\" src=\"https:\/\/oca.eco.br\/wp-content\/uploads\/2026\/03\/Jornada-da-mare_Page1.png\" class=\"attachment-large size-large wp-image-10089\" alt=\"\" srcset=\"https:\/\/oca.eco.br\/wp-content\/uploads\/2026\/03\/Jornada-da-mare_Page1.png 992w, https:\/\/oca.eco.br\/wp-content\/uploads\/2026\/03\/Jornada-da-mare_Page1-300x214.png 300w, https:\/\/oca.eco.br\/wp-content\/uploads\/2026\/03\/Jornada-da-mare_Page1-768x547.png 768w, https:\/\/oca.eco.br\/wp-content\/uploads\/2026\/03\/Jornada-da-mare_Page1-18x12.png 18w\" sizes=\"(max-width: 812px) 100vw, 812px\" \/>\t\t\t\t\t\t\t\t\t\t\t\t\t\t\t<\/div>\n\t\t\t\t<\/div>\n\t\t\t\t\t<\/div>\n\t\t<\/div>\n\t\t\t\t<div class=\"elementor-column elementor-col-50 elementor-top-column elementor-element elementor-element-c235c73\" data-id=\"c235c73\" data-element_type=\"column\">\n\t\t\t<div class=\"elementor-widget-wrap elementor-element-populated\">\n\t\t\t\t\t\t<div class=\"elementor-element elementor-element-f8d1a90 elementor-widget elementor-widget-spacer\" data-id=\"f8d1a90\" data-element_type=\"widget\" data-widget_type=\"spacer.default\">\n\t\t\t\t<div class=\"elementor-widget-container\">\n\t\t\t\t\t\t\t<div class=\"elementor-spacer\">\n\t\t\t<div class=\"elementor-spacer-inner\"><\/div>\n\t\t<\/div>\n\t\t\t\t\t\t<\/div>\n\t\t\t\t<\/div>\n\t\t\t\t<div class=\"elementor-element elementor-element-33f9ff5 elementor-widget elementor-widget-text-editor\" data-id=\"33f9ff5\" data-element_type=\"widget\" data-widget_type=\"text-editor.default\">\n\t\t\t\t<div class=\"elementor-widget-container\">\n\t\t\t\t\t\t\t\t\t\n<p style=\"text-align: justify\">A cartilha conta a hist\u00f3ria da jovem Mar\u00e9, moradora de uma Reserva Extrativista, que por meio de escolhas, instiga as crian\u00e7as a refletirem sobre o cuidado com a natureza, mostrando de forma l\u00fadica como podemos cuidar e proteger o meio ambiente, a biodiversidade e a comunidade onde vive.<\/p>\t\t\t\t\t\t\t\t<\/div>\n\t\t\t\t<\/div>\n\t\t\t\t<div class=\"elementor-element elementor-element-5ee5bac elementor-widget elementor-widget-text-editor\" data-id=\"5ee5bac\" data-element_type=\"widget\" data-widget_type=\"text-editor.default\">\n\t\t\t\t<div class=\"elementor-widget-container\">\n\t\t\t\t\t\t\t\t\t<hr style=\"margin: 1px 0\" \/>\n<p style=\"text-align: center;margin: 1px 0\"><a class=\"link-divulgacao\" style=\"color: inherit;text-decoration: underline\" href=\"https:\/\/heyzine.com\/flip-book\/7fe86ce896.html\">\nLeitura online da cartilha &#8220;A Jornada de Mar\u00e9&#8221;\n<\/a><\/p>\n\n\n<hr style=\"margin: 1px 0\" \/>\n<p style=\"text-align: center;margin: 1px 0\"><a class=\"link-divulgacao\" style=\"color: inherit;text-decoration: underline\" href=\"https:\/\/oca.eco.br\/wp-content\/uploads\/2026\/03\/Jornada-da-mare.7z\">\nBaixar cartilha em alta resolu\u00e7\u00e3o\n<\/a><\/p>\t\t\t\t\t\t\t\t<\/div>\n\t\t\t\t<\/div>\n\t\t\t\t\t<\/div>\n\t\t<\/div>\n\t\t\t\t\t<\/div>\n\t\t<\/section>\n\t\t\t\t<section class=\"elementor-section elementor-top-section elementor-element elementor-element-c53a2d9 elementor-section-boxed elementor-section-height-default elementor-section-height-default\" data-id=\"c53a2d9\" data-element_type=\"section\">\n\t\t\t\t\t\t<div class=\"elementor-container elementor-column-gap-default\">\n\t\t\t\t\t<div class=\"elementor-column elementor-col-100 elementor-top-column elementor-element elementor-element-de07ea2\" data-id=\"de07ea2\" data-element_type=\"column\">\n\t\t\t<div class=\"elementor-widget-wrap elementor-element-populated\">\n\t\t\t\t\t\t<div class=\"elementor-element elementor-element-1e32fa1 elementor-widget elementor-widget-spacer\" data-id=\"1e32fa1\" data-element_type=\"widget\" data-widget_type=\"spacer.default\">\n\t\t\t\t<div class=\"elementor-widget-container\">\n\t\t\t\t\t\t\t<div class=\"elementor-spacer\">\n\t\t\t<div class=\"elementor-spacer-inner\"><\/div>\n\t\t<\/div>\n\t\t\t\t\t\t<\/div>\n\t\t\t\t<\/div>\n\t\t\t\t\t<\/div>\n\t\t<\/div>\n\t\t\t\t\t<\/div>\n\t\t<\/section>\n\t\t\t\t<section class=\"elementor-section elementor-top-section elementor-element elementor-element-e6e0acf elementor-section-boxed elementor-section-height-default elementor-section-height-default\" data-id=\"e6e0acf\" data-element_type=\"section\">\n\t\t\t\t\t\t<div class=\"elementor-container elementor-column-gap-default\">\n\t\t\t\t\t<div class=\"elementor-column elementor-col-100 elementor-top-column elementor-element elementor-element-96addd5\" data-id=\"96addd5\" data-element_type=\"column\">\n\t\t\t<div class=\"elementor-widget-wrap elementor-element-populated\">\n\t\t\t\t\t\t<div class=\"elementor-element elementor-element-2f982b2 elementor-widget elementor-widget-heading\" data-id=\"2f982b2\" data-element_type=\"widget\" data-widget_type=\"heading.default\">\n\t\t\t\t<div class=\"elementor-widget-container\">\n\t\t\t\t\t<h4 class=\"elementor-heading-title elementor-size-default\">Cartilha \"As Cores da Mar\u00e9\"<\/h4>\t\t\t\t<\/div>\n\t\t\t\t<\/div>\n\t\t\t\t\t<\/div>\n\t\t<\/div>\n\t\t\t\t\t<\/div>\n\t\t<\/section>\n\t\t\t\t<section class=\"elementor-section elementor-top-section elementor-element elementor-element-434869c elementor-section-boxed elementor-section-height-default elementor-section-height-default\" data-id=\"434869c\" data-element_type=\"section\">\n\t\t\t\t\t\t<div class=\"elementor-container elementor-column-gap-default\">\n\t\t\t\t\t<div class=\"elementor-column elementor-col-50 elementor-top-column elementor-element elementor-element-093deb4\" data-id=\"093deb4\" data-element_type=\"column\">\n\t\t\t<div class=\"elementor-widget-wrap elementor-element-populated\">\n\t\t\t\t\t\t<div class=\"elementor-element elementor-element-8c4a310 elementor-widget elementor-widget-image\" data-id=\"8c4a310\" data-element_type=\"widget\" data-widget_type=\"image.default\">\n\t\t\t\t<div class=\"elementor-widget-container\">\n\t\t\t\t\t\t\t\t\t\t\t\t\t\t\t<img decoding=\"async\" width=\"812\" height=\"591\" src=\"https:\/\/oca.eco.br\/wp-content\/uploads\/2026\/03\/As-cores-da-Mare_Page1.png\" class=\"attachment-large size-large wp-image-10088\" alt=\"\" srcset=\"https:\/\/oca.eco.br\/wp-content\/uploads\/2026\/03\/As-cores-da-Mare_Page1.png 992w, https:\/\/oca.eco.br\/wp-content\/uploads\/2026\/03\/As-cores-da-Mare_Page1-300x218.png 300w, https:\/\/oca.eco.br\/wp-content\/uploads\/2026\/03\/As-cores-da-Mare_Page1-768x559.png 768w, https:\/\/oca.eco.br\/wp-content\/uploads\/2026\/03\/As-cores-da-Mare_Page1-16x12.png 16w\" sizes=\"(max-width: 812px) 100vw, 812px\" \/>\t\t\t\t\t\t\t\t\t\t\t\t\t\t\t<\/div>\n\t\t\t\t<\/div>\n\t\t\t\t\t<\/div>\n\t\t<\/div>\n\t\t\t\t<div class=\"elementor-column elementor-col-50 elementor-top-column elementor-element elementor-element-5d415db\" data-id=\"5d415db\" data-element_type=\"column\">\n\t\t\t<div class=\"elementor-widget-wrap elementor-element-populated\">\n\t\t\t\t\t\t<div class=\"elementor-element elementor-element-5f6ab67 elementor-widget elementor-widget-spacer\" data-id=\"5f6ab67\" data-element_type=\"widget\" data-widget_type=\"spacer.default\">\n\t\t\t\t<div class=\"elementor-widget-container\">\n\t\t\t\t\t\t\t<div class=\"elementor-spacer\">\n\t\t\t<div class=\"elementor-spacer-inner\"><\/div>\n\t\t<\/div>\n\t\t\t\t\t\t<\/div>\n\t\t\t\t<\/div>\n\t\t\t\t<div class=\"elementor-element elementor-element-fa17758 elementor-widget elementor-widget-text-editor\" data-id=\"fa17758\" data-element_type=\"widget\" data-widget_type=\"text-editor.default\">\n\t\t\t\t<div class=\"elementor-widget-container\">\n\t\t\t\t\t\t\t\t\t<p style=\"text-align: justify\">As Cores da Mar\u00e9 Livro para Colorir convida as crian\u00e7as a mergulharem no universo das Reservas Extrativistas (RESEX) por meio da arte e da imagina\u00e7\u00e3o. A cada p\u00e1gina, rios, manguezais e animais ganham vida com cores que revelam a beleza, a diversidade e os encantamentos da natureza. De forma l\u00fadica e afetiva, a obra estimula o cuidado com o meio ambiente, valoriza os territ\u00f3rios tradicionais e fortalece a conex\u00e3o das crian\u00e7as com a cultura e a biodiversidade amaz\u00f4nica.<\/p>\t\t\t\t\t\t\t\t<\/div>\n\t\t\t\t<\/div>\n\t\t\t\t<div class=\"elementor-element elementor-element-bbbd12a elementor-widget elementor-widget-text-editor\" data-id=\"bbbd12a\" data-element_type=\"widget\" data-widget_type=\"text-editor.default\">\n\t\t\t\t<div class=\"elementor-widget-container\">\n\t\t\t\t\t\t\t\t\t<hr style=\"margin: 1px 0\" \/>\n<p style=\"text-align: center;margin: 5px 0\"><a class=\"link-divulgacao\" style=\"color: inherit;text-decoration: underline\" href=\"https:\/\/heyzine.com\/flip-book\/01e745304b.html\">\nLeitura online da cartilha &#8220;As Cores da Mar\u00e9&#8221;\n<\/a><\/p>\n\n<hr style=\"margin: 1px 0\" \/>\n<p style=\"text-align: center;margin: 1px 0\"><a class=\"link-divulgacao\" style=\"color: inherit;text-decoration: underline\" href=\"https:\/\/oca.eco.br\/wp-content\/uploads\/2026\/03\/As-cores-da-Mare.7z\">\nBaixar cartilha em alta resolu\u00e7\u00e3o\n<\/a><\/p>\t\t\t\t\t\t\t\t<\/div>\n\t\t\t\t<\/div>\n\t\t\t\t\t<\/div>\n\t\t<\/div>\n\t\t\t\t\t<\/div>\n\t\t<\/section>\n\t\t\t\t<section class=\"elementor-section elementor-top-section elementor-element elementor-element-31272c0 elementor-section-boxed elementor-section-height-default elementor-section-height-default\" data-id=\"31272c0\" data-element_type=\"section\">\n\t\t\t\t\t\t<div class=\"elementor-container elementor-column-gap-default\">\n\t\t\t\t\t<div class=\"elementor-column elementor-col-100 elementor-top-column elementor-element elementor-element-0aea52a\" data-id=\"0aea52a\" data-element_type=\"column\">\n\t\t\t<div class=\"elementor-widget-wrap elementor-element-populated\">\n\t\t\t\t\t\t<div class=\"elementor-element elementor-element-13ee780 elementor-widget elementor-widget-spacer\" data-id=\"13ee780\" data-element_type=\"widget\" data-widget_type=\"spacer.default\">\n\t\t\t\t<div class=\"elementor-widget-container\">\n\t\t\t\t\t\t\t<div class=\"elementor-spacer\">\n\t\t\t<div class=\"elementor-spacer-inner\"><\/div>\n\t\t<\/div>\n\t\t\t\t\t\t<\/div>\n\t\t\t\t<\/div>\n\t\t\t\t\t<\/div>\n\t\t<\/div>\n\t\t\t\t\t<\/div>\n\t\t<\/section>\n\t\t\t\t<section class=\"elementor-section elementor-top-section elementor-element elementor-element-55f1d38 elementor-section-boxed elementor-section-height-default elementor-section-height-default\" data-id=\"55f1d38\" data-element_type=\"section\">\n\t\t\t\t\t\t<div class=\"elementor-container elementor-column-gap-default\">\n\t\t\t\t\t<div class=\"elementor-column elementor-col-100 elementor-top-column elementor-element elementor-element-58e253d\" data-id=\"58e253d\" data-element_type=\"column\">\n\t\t\t<div class=\"elementor-widget-wrap elementor-element-populated\">\n\t\t\t\t\t\t<div class=\"elementor-element elementor-element-315ec3d elementor-widget elementor-widget-heading\" data-id=\"315ec3d\" data-element_type=\"widget\" data-widget_type=\"heading.default\">\n\t\t\t\t<div class=\"elementor-widget-container\">\n\t\t\t\t\t<h4 class=\"elementor-heading-title elementor-size-default\">Folder \"O que \u00e9 uma RESEX?\"<\/h4>\t\t\t\t<\/div>\n\t\t\t\t<\/div>\n\t\t\t\t\t<\/div>\n\t\t<\/div>\n\t\t\t\t\t<\/div>\n\t\t<\/section>\n\t\t\t\t<section class=\"elementor-section elementor-top-section elementor-element elementor-element-745320d elementor-section-boxed elementor-section-height-default elementor-section-height-default\" data-id=\"745320d\" data-element_type=\"section\">\n\t\t\t\t\t\t<div class=\"elementor-container elementor-column-gap-default\">\n\t\t\t\t\t<div class=\"elementor-column elementor-col-50 elementor-top-column elementor-element elementor-element-f15a344\" data-id=\"f15a344\" data-element_type=\"column\">\n\t\t\t<div class=\"elementor-widget-wrap elementor-element-populated\">\n\t\t\t\t\t\t<div class=\"elementor-element elementor-element-fd22c91 elementor-widget elementor-widget-image\" data-id=\"fd22c91\" data-element_type=\"widget\" data-widget_type=\"image.default\">\n\t\t\t\t<div class=\"elementor-widget-container\">\n\t\t\t\t\t\t\t\t\t\t\t\t\t\t\t<img decoding=\"async\" width=\"681\" height=\"775\" src=\"https:\/\/oca.eco.br\/wp-content\/uploads\/2026\/03\/O_que_e_uma_resex.png\" class=\"attachment-large size-large wp-image-10090\" alt=\"\" srcset=\"https:\/\/oca.eco.br\/wp-content\/uploads\/2026\/03\/O_que_e_uma_resex.png 681w, https:\/\/oca.eco.br\/wp-content\/uploads\/2026\/03\/O_que_e_uma_resex-264x300.png 264w, https:\/\/oca.eco.br\/wp-content\/uploads\/2026\/03\/O_que_e_uma_resex-11x12.png 11w\" sizes=\"(max-width: 681px) 100vw, 681px\" \/>\t\t\t\t\t\t\t\t\t\t\t\t\t\t\t<\/div>\n\t\t\t\t<\/div>\n\t\t\t\t\t<\/div>\n\t\t<\/div>\n\t\t\t\t<div class=\"elementor-column elementor-col-50 elementor-top-column elementor-element elementor-element-166b218\" data-id=\"166b218\" data-element_type=\"column\">\n\t\t\t<div class=\"elementor-widget-wrap elementor-element-populated\">\n\t\t\t\t\t\t<div class=\"elementor-element elementor-element-215dbb1 elementor-widget elementor-widget-spacer\" data-id=\"215dbb1\" data-element_type=\"widget\" data-widget_type=\"spacer.default\">\n\t\t\t\t<div class=\"elementor-widget-container\">\n\t\t\t\t\t\t\t<div class=\"elementor-spacer\">\n\t\t\t<div class=\"elementor-spacer-inner\"><\/div>\n\t\t<\/div>\n\t\t\t\t\t\t<\/div>\n\t\t\t\t<\/div>\n\t\t\t\t<div class=\"elementor-element elementor-element-f3ea8e4 elementor-widget elementor-widget-text-editor\" data-id=\"f3ea8e4\" data-element_type=\"widget\" data-widget_type=\"text-editor.default\">\n\t\t\t\t<div class=\"elementor-widget-container\">\n\t\t\t\t\t\t\t\t\t<p style=\"text-align: justify\">Este material foi co-constru\u00eddo com participantes do automonitoramento e pesquisadores do OCA. Ele apresenta informa\u00e7\u00f5es sobre as Reservas Extrativistas (RESEX) explicando seus conceitos, direitos e deveres das comunidades que vivem e protegem esses territ\u00f3rios.<\/p>\t\t\t\t\t\t\t\t<\/div>\n\t\t\t\t<\/div>\n\t\t\t\t<div class=\"elementor-element elementor-element-1e263cd elementor-widget elementor-widget-text-editor\" data-id=\"1e263cd\" data-element_type=\"widget\" data-widget_type=\"text-editor.default\">\n\t\t\t\t<div class=\"elementor-widget-container\">\n\t\t\t\t\t\t\t\t\t<hr style=\"margin: 1px 0\" \/>\n<p style=\"text-align: center;margin: 5px 0\"><a class=\"link-divulgacao\" style=\"color: inherit;text-decoration: underline\" href=\"https:\/\/heyzine.com\/flip-book\/b9abc1b67b.html\">\nLeitura online do folder &#8220;O que \u00e9 uma RESEX?&#8221;\n<\/a><\/p>\n\n\n<hr style=\"margin: 1px 0\" \/>\n<p style=\"text-align: center;margin: 1px 0\"><a class=\"link-divulgacao\" style=\"color: inherit;text-decoration: underline\" href=\"https:\/\/oca.eco.br\/wp-content\/uploads\/2026\/03\/Cartilha-O-que-e-uma-Resex-Meros.7z\">\nBaixar folder em alta resolu\u00e7\u00e3o\n<\/a><\/p>\t\t\t\t\t\t\t\t<\/div>\n\t\t\t\t<\/div>\n\t\t\t\t\t<\/div>\n\t\t<\/div>\n\t\t\t\t\t<\/div>\n\t\t<\/section>\n\t\t\t\t<\/div>\n\t\t","protected":false},"excerpt":{"rendered":"<p>OCA Social: Divulga\u00e7\u00e3o de Material Cartilha &#8220;A Jornada de Mar\u00e9&#8221; A cartilha conta a hist\u00f3ria da jovem Mar\u00e9, moradora de uma Reserva Extrativista, que por meio de escolhas, instiga as crian\u00e7as a refletirem sobre o cuidado com a natureza, mostrando de forma l\u00fadica como podemos cuidar e proteger o meio ambiente, a biodiversidade e a[&hellip;]<\/p>\n","protected":false},"author":1,"featured_media":0,"parent":0,"menu_order":0,"comment_status":"closed","ping_status":"closed","template":"elementor_header_footer","meta":{"zakra_general_container_width":0,"zakra_general_content_width":0,"zakra_general_sidebar_width":0,"zakra_sticky_header":"customizer","zakra_header_main_area":true,"zakra_site_logo_width":0,"zakra_header_top_enabled":"customizer","zakra_header_top_style":"customizer","zakra_primary_menu_item_style":"customizer","zakra_page_header_text_color":"","zakra_page_header_layout":"customizer","zakra_page_title_bg":"","zakra_footer_widgets_bg_image":0,"zakra_page_title_bg_repeat":"customizer","zakra_page_title_bg_position":"customizer","zakra_page_title_bg_size":"customizer","zakra_page_title_bg_attachment":"customizer","zakra_breadcrumbs_enabled":"customizer","zakra_breadcrumbs_text_color":"","zakra_breadcrumbs_separator_color":"","zakra_breadcrumbs_link_color":"","zakra_breadcrumbs_link_hover_color":"","zakra_page_title_bg_image":0,"zakra_footer_widgets_enabled":"customizer","zakra_footer_column_layout_1_style":"customizer","zakra_footer_widgets_bg":"","zakra_footer_widgets_bg_repeat":"customizer","zakra_footer_widgets_bg_position":"customizer","zakra_footer_widgets_bg_size":"customizer","zakra_footer_widgets_bg_attachment":"customizer","zakra_footer_bar_enabled":"customizer","zakra_footer_bar_style":"customizer","zakra_page_container_layout":"customizer","zakra_page_sidebar_layout":"customizer","zakra_remove_content_margin":false,"zakra_sidebar":"customizer","zakra_transparent_header":"customizer","zakra_logo":0,"zakra_main_header_style":"default","zakra_menu_item_color":"","zakra_menu_item_hover_color":"","zakra_menu_item_active_color":"","zakra_menu_active_style":"","zakra_page_header":true,"footnotes":""},"class_list":["post-9490","page","type-page","status-publish","hentry"],"_links":{"self":[{"href":"https:\/\/oca.eco.br\/pt_br\/wp-json\/wp\/v2\/pages\/9490","targetHints":{"allow":["GET"]}}],"collection":[{"href":"https:\/\/oca.eco.br\/pt_br\/wp-json\/wp\/v2\/pages"}],"about":[{"href":"https:\/\/oca.eco.br\/pt_br\/wp-json\/wp\/v2\/types\/page"}],"author":[{"embeddable":true,"href":"https:\/\/oca.eco.br\/pt_br\/wp-json\/wp\/v2\/users\/1"}],"replies":[{"embeddable":true,"href":"https:\/\/oca.eco.br\/pt_br\/wp-json\/wp\/v2\/comments?post=9490"}],"version-history":[{"count":175,"href":"https:\/\/oca.eco.br\/pt_br\/wp-json\/wp\/v2\/pages\/9490\/revisions"}],"predecessor-version":[{"id":10096,"href":"https:\/\/oca.eco.br\/pt_br\/wp-json\/wp\/v2\/pages\/9490\/revisions\/10096"}],"wp:attachment":[{"href":"https:\/\/oca.eco.br\/pt_br\/wp-json\/wp\/v2\/media?parent=9490"}],"curies":[{"name":"wp","href":"https:\/\/api.w.org\/{rel}","templated":true}]}}